{"id":12793,"date":"2023-03-09T17:00:03","date_gmt":"2023-03-09T17:00:03","guid":{"rendered":"https:\/\/www.palmaequipmentrental.com\/?post_type=product&#038;p=12793"},"modified":"2023-04-18T17:50:38","modified_gmt":"2023-04-18T17:50:38","slug":"lastolite-skylite-rapid-2x2m-schwarz-weiser-copy","status":"publish","type":"product","link":"https:\/\/palmaequipmentrental.com\/de\/photo-video-equipment-mallorca\/lastolite-skylite-rapid-2x2m-schwarz-weiser-copy\/","title":{"rendered":"Lastolite Skylite 2x2m Schwarz\/Wei\u00df"},"content":{"rendered":"<p><strong>Skylite Rapid 2 x 2m (6&#215;6&#8242;) Schwarz\/Wei\u00df.<\/strong><\/p>\n<p>2x2m Schwarz\/Wei\u00df Reflektor f\u00fcr den gro\u00dfen Lastolite Rapid Skylite Rahmen. SkyLite Rapid Bez\u00fcge lassen sich leicht einh\u00e4ngen<\/p>\n<p><strong>Unsere Stoffbez\u00fcge f\u00fcr den Large 2x2m Rahmen sind erh\u00e4ltlich:<\/strong><\/p>\n<ul>\n<li>0.75 stop diffuser silk<\/li>\n<li>1,25 stop diffuser silk<\/li>\n<li>Silber\/Wei\u00df Reflektor<\/li>\n<li>Schwarz\/Wei\u00df Reflektor<\/li>\n<li>Sunfire\/Wei\u00df Reflektor<\/li>\n<\/ul>\n","protected":false},"excerpt":{"rendered":"<p>Skylite Rapid 2 x 2m (6&#215;6&#8242;) Schwarz\/Wei\u00df. 2x2m Schwarz\/Wei\u00df Reflektor f\u00fcr den gro\u00dfen Lastolite Rapid Skylite Rahmen. SkyLite Rapid Bez\u00fcge lassen sich leicht einh\u00e4ngen Unsere Stoffbez\u00fcge f\u00fcr den Large 2x2m Rahmen sind erh\u00e4ltlich: 0.75 stop diffuser silk 1,25 stop diffuser silk Silber\/Wei\u00df Reflektor Schwarz\/Wei\u00df Reflektor Sunfire\/Wei\u00df Reflektor<\/p>\n","protected":false},"featured_media":12796,"template":"","meta":[],"product_cat":[871,869],"product_tag":[],"class_list":{"0":"post-12793","1":"product","2":"type-product","3":"status-publish","4":"has-post-thumbnail","6":"product_cat-lastolite-v-de","7":"product_cat-lastolite-de","9":"first","10":"instock","11":"shipping-taxable","12":"purchasable","13":"product-type-simple"},"_links":{"self":[{"href":"https:\/\/palmaequipmentrental.com\/de\/wp-json\/wp\/v2\/product\/12793","targetHints":{"allow":["GET"]}}],"collection":[{"href":"https:\/\/palmaequipmentrental.com\/de\/wp-json\/wp\/v2\/product"}],"about":[{"href":"https:\/\/palmaequipmentrental.com\/de\/wp-json\/wp\/v2\/types\/product"}],"wp:featuredmedia":[{"embeddable":true,"href":"https:\/\/palmaequipmentrental.com\/de\/wp-json\/wp\/v2\/media\/12796"}],"wp:attachment":[{"href":"https:\/\/palmaequipmentrental.com\/de\/wp-json\/wp\/v2\/media?parent=12793"}],"wp:term":[{"taxonomy":"product_cat","embeddable":true,"href":"https:\/\/palmaequipmentrental.com\/de\/wp-json\/wp\/v2\/product_cat?post=12793"},{"taxonomy":"product_tag","embeddable":true,"href":"https:\/\/palmaequipmentrental.com\/de\/wp-json\/wp\/v2\/product_tag?post=12793"}],"curies":[{"name":"wp","href":"https:\/\/api.w.org\/{rel}","templated":true}]}}