{"id":12805,"date":"2023-03-09T17:24:16","date_gmt":"2023-03-09T17:24:16","guid":{"rendered":"https:\/\/www.palmaequipmentrental.com\/?post_type=product&#038;p=12805"},"modified":"2025-06-13T15:01:05","modified_gmt":"2025-06-13T15:01:05","slug":"epson-stylus-photo-r3000-drucker","status":"publish","type":"product","link":"https:\/\/palmaequipmentrental.com\/de\/photo-video-equipment-mallorca\/epson-stylus-photo-r3000-drucker\/","title":{"rendered":"Epson ET-2814 Farbdrucker"},"content":{"rendered":"<p><strong>Epson ET-2814 Farbdrucker<\/strong><br \/>\nA4-Multifunktionsdrucker mit kabelloser Druck-, Kopier- und Scanfunktion.<\/p>\n<p><strong>Inklusive eines Tintensets<\/strong><\/p>\n<ul>\n<li>Problemloses Tintentanksystem Genie\u00dfen Sie m\u00fcheloses Nachf\u00fcllen mit verschlie\u00dfbaren Flaschen und vorderen Reservoiren.<\/li>\n<li>Epson Smart Panel App Einrichten, \u00dcberwachen, Drucken, Scannen und mehr &#8211; alles von Ihrem Mobilger\u00e4t aus.<\/li>\n<\/ul>\n","protected":false},"excerpt":{"rendered":"<p>Epson ET-2814 Farbdrucker A4-Multifunktionsdrucker mit kabelloser Druck-, Kopier- und Scanfunktion. Inklusive eines Tintensets Problemloses Tintentanksystem Genie\u00dfen Sie m\u00fcheloses Nachf\u00fcllen mit verschlie\u00dfbaren Flaschen und vorderen Reservoiren. Epson Smart Panel App Einrichten, \u00dcberwachen, Drucken, Scannen und mehr &#8211; alles von Ihrem Mobilger\u00e4t aus.<\/p>\n","protected":false},"featured_media":12808,"template":"","meta":[],"product_cat":[133],"product_tag":[],"class_list":{"0":"post-12805","1":"product","2":"type-product","3":"status-publish","4":"has-post-thumbnail","6":"product_cat-drucker","8":"first","9":"instock","10":"shipping-taxable","11":"purchasable","12":"product-type-simple"},"_links":{"self":[{"href":"https:\/\/palmaequipmentrental.com\/de\/wp-json\/wp\/v2\/product\/12805","targetHints":{"allow":["GET"]}}],"collection":[{"href":"https:\/\/palmaequipmentrental.com\/de\/wp-json\/wp\/v2\/product"}],"about":[{"href":"https:\/\/palmaequipmentrental.com\/de\/wp-json\/wp\/v2\/types\/product"}],"wp:featuredmedia":[{"embeddable":true,"href":"https:\/\/palmaequipmentrental.com\/de\/wp-json\/wp\/v2\/media\/12808"}],"wp:attachment":[{"href":"https:\/\/palmaequipmentrental.com\/de\/wp-json\/wp\/v2\/media?parent=12805"}],"wp:term":[{"taxonomy":"product_cat","embeddable":true,"href":"https:\/\/palmaequipmentrental.com\/de\/wp-json\/wp\/v2\/product_cat?post=12805"},{"taxonomy":"product_tag","embeddable":true,"href":"https:\/\/palmaequipmentrental.com\/de\/wp-json\/wp\/v2\/product_tag?post=12805"}],"curies":[{"name":"wp","href":"https:\/\/api.w.org\/{rel}","templated":true}]}}