{"id":12821,"date":"2023-03-10T14:04:51","date_gmt":"2023-03-10T14:04:51","guid":{"rendered":"https:\/\/www.palmaequipmentrental.com\/?post_type=product&#038;p=12821"},"modified":"2023-03-10T14:32:35","modified_gmt":"2023-03-10T14:32:35","slug":"v-mount-akku-240wh-144v-copy","status":"publish","type":"product","link":"https:\/\/palmaequipmentrental.com\/de\/photo-video-equipment-mallorca\/v-mount-akku-240wh-144v-copy\/","title":{"rendered":"V-Lock Micro Akku 220Wh 14,4V"},"content":{"rendered":"<p><strong>SWIT PB-S220S 220Wh<\/strong> Mehrfachsteckdosen Quadratisches Digitales Akkupack.<\/p>\n<p><strong>Eigenschaften<\/strong><\/p>\n<ul>\n<li>Quadratische Bauform f\u00fcr Cine-Kameras<\/li>\n<li>Mindestens 200W, 16A konstante Last<\/li>\n<li>4\u00d7 D-Tap Ausgangsbuchsen<\/li>\n<li>1\u00d7 USB 5V\/2A Stromausgangsbuchsen<\/li>\n<li>6A superschnelles Laden<\/li>\n<li>OLED-Anzeige mit genauer Restlaufzeit<\/li>\n<li>Anzeige der Leistungsdaten in SONY &amp; RED<\/li>\n<li>Mehrere Stromkreisschutzvorrichtungen<\/li>\n<\/ul>\n","protected":false},"excerpt":{"rendered":"<p>SWIT PB-S220S 220Wh Mehrfachsteckdosen Quadratisches Digitales Akkupack. Eigenschaften Quadratische Bauform f\u00fcr Cine-Kameras Mindestens 200W, 16A konstante Last 4\u00d7 D-Tap Ausgangsbuchsen 1\u00d7 USB 5V\/2A Stromausgangsbuchsen 6A superschnelles Laden OLED-Anzeige mit genauer Restlaufzeit Anzeige der Leistungsdaten in SONY &amp; RED Mehrere Stromkreisschutzvorrichtungen<\/p>\n","protected":false},"featured_media":12824,"template":"","meta":[],"product_cat":[441,748,751,129],"product_tag":[],"class_list":{"0":"post-12821","1":"product","2":"type-product","3":"status-publish","4":"has-post-thumbnail","6":"product_cat-batterien-ladegeraet","7":"product_cat-v-lock-akkus","8":"product_cat-v-lock-akkus-v","9":"product_cat-batterien","11":"first","12":"instock","13":"shipping-taxable","14":"purchasable","15":"product-type-simple"},"_links":{"self":[{"href":"https:\/\/palmaequipmentrental.com\/de\/wp-json\/wp\/v2\/product\/12821","targetHints":{"allow":["GET"]}}],"collection":[{"href":"https:\/\/palmaequipmentrental.com\/de\/wp-json\/wp\/v2\/product"}],"about":[{"href":"https:\/\/palmaequipmentrental.com\/de\/wp-json\/wp\/v2\/types\/product"}],"wp:featuredmedia":[{"embeddable":true,"href":"https:\/\/palmaequipmentrental.com\/de\/wp-json\/wp\/v2\/media\/12824"}],"wp:attachment":[{"href":"https:\/\/palmaequipmentrental.com\/de\/wp-json\/wp\/v2\/media?parent=12821"}],"wp:term":[{"taxonomy":"product_cat","embeddable":true,"href":"https:\/\/palmaequipmentrental.com\/de\/wp-json\/wp\/v2\/product_cat?post=12821"},{"taxonomy":"product_tag","embeddable":true,"href":"https:\/\/palmaequipmentrental.com\/de\/wp-json\/wp\/v2\/product_tag?post=12821"}],"curies":[{"name":"wp","href":"https:\/\/api.w.org\/{rel}","templated":true}]}}