{"id":12844,"date":"2023-03-16T12:45:33","date_gmt":"2023-03-16T12:45:34","guid":{"rendered":"https:\/\/www.palmaequipmentrental.com\/?post_type=product&#038;p=12844"},"modified":"2025-06-27T17:21:07","modified_gmt":"2025-06-27T17:21:07","slug":"v-lock-4-wege-akkuladegerat","status":"publish","type":"product","link":"https:\/\/palmaequipmentrental.com\/de\/photo-video-equipment-mallorca\/v-lock-4-wege-akkuladegerat\/","title":{"rendered":"V-Lock 4-Wege Akkuladeger\u00e4t"},"content":{"rendered":"<p><strong>V-Lock 4-Wege-Akkuladeger\u00e4t.<\/strong> Schnellladeger\u00e4t mit vier Anschl\u00fcssen und Netzadapter f\u00fcr Sony BP-285W 14,4V\/14,8V V-Mount-Akku.<\/p>\n<p><strong>Besonderheiten:<\/strong><\/p>\n<ul>\n<li>L\u00e4dt vier V-Akkus mit hoher Kapazit\u00e4t gleichzeitig auf.<\/li>\n<li>4-poliger XLR-DC-Ausgangsadapter zur direkten Stromversorgung der Kamera oder DSLR-Kamera.<\/li>\n<li>Entfernen Sie den Akku, wenn das Ladeger\u00e4t nicht in Gebrauch ist, um ein Entladen zu vermeiden.<\/li>\n<li>Ladespannung: DC 16,8V<\/li>\n<li>Ladestrom: 3A (zwei Batterien); 2A (vier Batterien)<\/li>\n<li>Eingang: AC100-240V 50\/60Hz 3A max.<\/li>\n<li>DC-Ausgangsspannung: DC 16,5V<\/li>\n<li>DC-Ausgangsstrom: 4,5A<\/li>\n<\/ul>\n","protected":false},"excerpt":{"rendered":"<p>V-Lock 4-Wege-Akkuladeger\u00e4t. Schnellladeger\u00e4t mit vier Anschl\u00fcssen und Netzadapter f\u00fcr Sony BP-285W 14,4V\/14,8V V-Mount-Akku. Besonderheiten: L\u00e4dt vier V-Akkus mit hoher Kapazit\u00e4t gleichzeitig auf. 4-poliger XLR-DC-Ausgangsadapter zur direkten Stromversorgung der Kamera oder DSLR-Kamera. Entfernen Sie den Akku, wenn das Ladeger\u00e4t nicht in Gebrauch ist, um ein Entladen zu vermeiden. Ladespannung: DC 16,8V Ladestrom: 3A (zwei Batterien); 2A (vier Batterien) Eingang: AC100-240V 50\/60Hz [&hellip;]<\/p>\n","protected":false},"featured_media":12847,"template":"","meta":[],"product_cat":[441,748,751],"product_tag":[],"class_list":{"0":"post-12844","1":"product","2":"type-product","3":"status-publish","4":"has-post-thumbnail","6":"product_cat-batterien-ladegeraet","7":"product_cat-v-lock-akkus","8":"product_cat-v-lock-akkus-v","10":"first","11":"instock","12":"shipping-taxable","13":"purchasable","14":"product-type-simple"},"_links":{"self":[{"href":"https:\/\/palmaequipmentrental.com\/de\/wp-json\/wp\/v2\/product\/12844","targetHints":{"allow":["GET"]}}],"collection":[{"href":"https:\/\/palmaequipmentrental.com\/de\/wp-json\/wp\/v2\/product"}],"about":[{"href":"https:\/\/palmaequipmentrental.com\/de\/wp-json\/wp\/v2\/types\/product"}],"wp:featuredmedia":[{"embeddable":true,"href":"https:\/\/palmaequipmentrental.com\/de\/wp-json\/wp\/v2\/media\/12847"}],"wp:attachment":[{"href":"https:\/\/palmaequipmentrental.com\/de\/wp-json\/wp\/v2\/media?parent=12844"}],"wp:term":[{"taxonomy":"product_cat","embeddable":true,"href":"https:\/\/palmaequipmentrental.com\/de\/wp-json\/wp\/v2\/product_cat?post=12844"},{"taxonomy":"product_tag","embeddable":true,"href":"https:\/\/palmaequipmentrental.com\/de\/wp-json\/wp\/v2\/product_tag?post=12844"}],"curies":[{"name":"wp","href":"https:\/\/api.w.org\/{rel}","templated":true}]}}