{"id":12863,"date":"2023-03-16T15:42:41","date_gmt":"2023-03-16T15:42:41","guid":{"rendered":"https:\/\/www.palmaequipmentrental.com\/?post_type=product&#038;p=12863"},"modified":"2025-06-12T09:58:20","modified_gmt":"2025-06-12T09:58:20","slug":"ipad-pro-129-128gb","status":"publish","type":"product","link":"https:\/\/palmaequipmentrental.com\/de\/photo-video-equipment-mallorca\/ipad-pro-129-128gb\/","title":{"rendered":"iPad Pro 12,9&#8243; 128GB"},"content":{"rendered":"<p data-start=\"1534\" data-end=\"1864\">Das iPad Pro 12,9&#8243; (128GB) ist ein leistungsstarkes und vielseitiges Tool, ideal f\u00fcr Produktionsteams, Digitaltechniker, Stylisten und Set-Profis. Mit dem hellen Liquid Retina XDR Display und dem schnellen M2-Chip eignet es sich perfekt zur Verwaltung von Moodboards, Callsheets oder zur Pr\u00e4sentation von Bildauswahlen f\u00fcr Kunden.<\/p>\n<p data-start=\"1866\" data-end=\"2144\">Das iPad ist vorkonfiguriert mit den Apps <strong data-start=\"1908\" data-end=\"1925\">Capture Pilot<\/strong> von Capture One und <strong data-start=\"1946\" data-end=\"1959\">Hollyview<\/strong> \u2013 ideal f\u00fcr kabelloses Bild-Monitoring bei Mode-, Werbe- und Videoproduktionen. Es kann zudem auf einem Lichtstativ montiert werden, was eine einfache Positionierung am Set erm\u00f6glicht.<\/p>\n<p data-start=\"2146\" data-end=\"2167\"><strong data-start=\"2146\" data-end=\"2167\">Technische Daten:<\/strong><\/p>\n<ul data-start=\"2169\" data-end=\"2409\">\n<li data-start=\"2169\" data-end=\"2204\">\n<p data-start=\"2171\" data-end=\"2204\">12,9&#8243; Liquid Retina XDR Display<\/p>\n<\/li>\n<li data-start=\"2205\" data-end=\"2238\">\n<p data-start=\"2207\" data-end=\"2238\">M2 Chip f\u00fcr schnelle Leistung<\/p>\n<\/li>\n<li data-start=\"2239\" data-end=\"2257\">\n<p data-start=\"2241\" data-end=\"2257\">128GB Speicher<\/p>\n<\/li>\n<li data-start=\"2258\" data-end=\"2291\">\n<p data-start=\"2260\" data-end=\"2291\">USB-C \/ Thunderbolt Anschluss<\/p>\n<\/li>\n<li data-start=\"2292\" data-end=\"2319\">\n<p data-start=\"2294\" data-end=\"2319\">Wi-Fi 6 + Bluetooth 5.3<\/p>\n<\/li>\n<li data-start=\"2320\" data-end=\"2366\">\n<p data-start=\"2322\" data-end=\"2366\">Capture Pilot und Hollyview vorinstalliert<\/p>\n<\/li>\n<li data-start=\"2367\" data-end=\"2409\">\n<p data-start=\"2369\" data-end=\"2409\">Kompatibel mit Lichtstativ-Befestigung<\/p>\n<\/li>\n<\/ul>\n<p data-start=\"2411\" data-end=\"2476\">Das perfekte Set-Tool f\u00fcr einen reibungslosen digitalen Workflow.<\/p>\n<p data-start=\"2478\" data-end=\"2748\" data-is-last-node=\"\" data-is-only-node=\"\">Palma Equipment Rental ist Ihr zuverl\u00e4ssiger Partner f\u00fcr professionelles Foto-, Video- und Produktionsequipment auf den Balearen und dem spanischen Festland. Mit flexiblen L\u00f6sungen und 24\/7 technischem Support sorgen wir daf\u00fcr, dass Ihre Produktion reibungslos verl\u00e4uft.<\/p>\n","protected":false},"excerpt":{"rendered":"<p>Das iPad Pro 12,9&#8243; (128GB) ist ein leistungsstarkes und vielseitiges Tool, ideal f\u00fcr Produktionsteams, Digitaltechniker, Stylisten und Set-Profis. Mit dem hellen Liquid Retina XDR Display und dem schnellen M2-Chip eignet es sich perfekt zur Verwaltung von Moodboards, Callsheets oder zur Pr\u00e4sentation von Bildauswahlen f\u00fcr Kunden. Das iPad ist vorkonfiguriert mit den Apps Capture Pilot von Capture One und Hollyview \u2013 [&hellip;]<\/p>\n","protected":false},"featured_media":12866,"template":"","meta":[],"product_cat":[237,130,160],"product_tag":[],"class_list":{"0":"post-12863","1":"product","2":"type-product","3":"status-publish","4":"has-post-thumbnail","6":"product_cat-led-de-2","7":"product_cat-computer","8":"product_cat-led-de","10":"first","11":"instock","12":"shipping-taxable","13":"purchasable","14":"product-type-simple"},"_links":{"self":[{"href":"https:\/\/palmaequipmentrental.com\/de\/wp-json\/wp\/v2\/product\/12863","targetHints":{"allow":["GET"]}}],"collection":[{"href":"https:\/\/palmaequipmentrental.com\/de\/wp-json\/wp\/v2\/product"}],"about":[{"href":"https:\/\/palmaequipmentrental.com\/de\/wp-json\/wp\/v2\/types\/product"}],"wp:featuredmedia":[{"embeddable":true,"href":"https:\/\/palmaequipmentrental.com\/de\/wp-json\/wp\/v2\/media\/12866"}],"wp:attachment":[{"href":"https:\/\/palmaequipmentrental.com\/de\/wp-json\/wp\/v2\/media?parent=12863"}],"wp:term":[{"taxonomy":"product_cat","embeddable":true,"href":"https:\/\/palmaequipmentrental.com\/de\/wp-json\/wp\/v2\/product_cat?post=12863"},{"taxonomy":"product_tag","embeddable":true,"href":"https:\/\/palmaequipmentrental.com\/de\/wp-json\/wp\/v2\/product_tag?post=12863"}],"curies":[{"name":"wp","href":"https:\/\/api.w.org\/{rel}","templated":true}]}}