{"id":12882,"date":"2023-03-17T15:07:39","date_gmt":"2023-03-17T15:07:39","guid":{"rendered":"https:\/\/www.palmaequipmentrental.com\/?post_type=product&#038;p=12882"},"modified":"2025-06-12T14:08:57","modified_gmt":"2025-06-12T14:08:57","slug":"auputure-mc-4-light-travel-kit","status":"publish","type":"product","link":"https:\/\/palmaequipmentrental.com\/de\/photo-video-equipment-mallorca\/auputure-mc-4-light-travel-kit\/","title":{"rendered":"Aputure MC-4 Light Travel KIT"},"content":{"rendered":"<p><strong>Aputure MC-4 Light Travel KIT<\/strong> Einschlie\u00dflich:<\/p>\n<ul>\n<li>4x Aputure MC RGBWW LED-Leuchten<\/li>\n<li>1x MC 4-Light kabelloses Ladeger\u00e4t<\/li>\n<li>2x Silikongummi-Diffusor<\/li>\n<li>2x Coldshoe-Kugelk\u00f6pfe<\/li>\n<li>4x selbstklebende Montagepads<\/li>\n<li>1x USB Typ-C-Ladekabel<\/li>\n<li>1x AC-Netzteil<\/li>\n<\/ul>\n<p>Batteriebetriebene RGBWW-LED-Leuchten, die jeden Farbton mit einer Farbtreue auf Hollywood-Niveau mit voller HSI-Farbsteuerung (Hue, Saturation, &amp; Intensity) erzeugen k\u00f6nnen. Mit der M\u00f6glichkeit, jede beliebige Farbtemperatur im erweiterten Bi-Color-Bereich des MC zwischen 3.200K-6.500K und 100 Stufen der S\u00e4ttigungseinstellung zu w\u00e4hlen, haben Sie die Freiheit der kreativen Beleuchtung &#8211; alles in Ihrer Hand.<\/p>\n<p><strong>Merkmale<\/strong><\/p>\n<ul>\n<li>Ladekoffer mit 2x USB 5V\/2A-Anschl\u00fcssen<\/li>\n<li>400 Lux @ 0,5 Meter<\/li>\n<li>3.200K-6.500K CCT mit vollst\u00e4ndiger HSI-Farbsteuerung<\/li>\n<li>CRI: 96+, TLCI: 97+, SSI(D56): 74, SSI(Tungsten): 84<\/li>\n<li>0-100% Helligkeitsregelung<\/li>\n<li>9 eingebaute Beleuchtungseffekte<\/li>\n<li>Sidus Link Mobile App Steuerung aus bis zu 400m Entfernung<\/li>\n<li>Bis zu 120 Minuten Akkulaufzeit bei maximaler Helligkeit (2.600 mAh)<\/li>\n<li>Kompatibel mit dem Qi Wireless Charging Protokoll<\/li>\n<\/ul>\n","protected":false},"excerpt":{"rendered":"<p>Aputure MC-4 Light Travel KIT Einschlie\u00dflich: 4x Aputure MC RGBWW LED-Leuchten 1x MC 4-Light kabelloses Ladeger\u00e4t 2x Silikongummi-Diffusor 2x Coldshoe-Kugelk\u00f6pfe 4x selbstklebende Montagepads 1x USB Typ-C-Ladekabel 1x AC-Netzteil Batteriebetriebene RGBWW-LED-Leuchten, die jeden Farbton mit einer Farbtreue auf Hollywood-Niveau mit voller HSI-Farbsteuerung (Hue, Saturation, &amp; Intensity) erzeugen k\u00f6nnen. Mit der M\u00f6glichkeit, jede beliebige Farbtemperatur im erweiterten Bi-Color-Bereich des MC zwischen 3.200K-6.500K [&hellip;]<\/p>\n","protected":false},"featured_media":12885,"template":"","meta":[],"product_cat":[777,779],"product_tag":[],"class_list":{"0":"post-12882","1":"product","2":"type-product","3":"status-publish","4":"has-post-thumbnail","6":"product_cat-aputure-beleuchtung-v","7":"product_cat-aputure-beleuchtung","9":"first","10":"instock","11":"shipping-taxable","12":"purchasable","13":"product-type-simple"},"_links":{"self":[{"href":"https:\/\/palmaequipmentrental.com\/de\/wp-json\/wp\/v2\/product\/12882","targetHints":{"allow":["GET"]}}],"collection":[{"href":"https:\/\/palmaequipmentrental.com\/de\/wp-json\/wp\/v2\/product"}],"about":[{"href":"https:\/\/palmaequipmentrental.com\/de\/wp-json\/wp\/v2\/types\/product"}],"wp:featuredmedia":[{"embeddable":true,"href":"https:\/\/palmaequipmentrental.com\/de\/wp-json\/wp\/v2\/media\/12885"}],"wp:attachment":[{"href":"https:\/\/palmaequipmentrental.com\/de\/wp-json\/wp\/v2\/media?parent=12882"}],"wp:term":[{"taxonomy":"product_cat","embeddable":true,"href":"https:\/\/palmaequipmentrental.com\/de\/wp-json\/wp\/v2\/product_cat?post=12882"},{"taxonomy":"product_tag","embeddable":true,"href":"https:\/\/palmaequipmentrental.com\/de\/wp-json\/wp\/v2\/product_tag?post=12882"}],"curies":[{"name":"wp","href":"https:\/\/api.w.org\/{rel}","templated":true}]}}