{"id":12888,"date":"2023-03-17T15:35:22","date_gmt":"2023-03-17T15:35:23","guid":{"rendered":"https:\/\/www.palmaequipmentrental.com\/?post_type=product&#038;p=12888"},"modified":"2023-03-17T16:10:58","modified_gmt":"2023-03-17T16:10:58","slug":"d-tap-adapter-auf-usb-c-copy","status":"publish","type":"product","link":"https:\/\/palmaequipmentrental.com\/de\/photo-video-equipment-mallorca\/d-tap-adapter-auf-usb-c-copy\/","title":{"rendered":"D-Tap Adapter auf USB-C\/AC"},"content":{"rendered":"<p><strong>Tether Tools ONsite 200W D-Tap auf USB\/AC Adapter<\/strong><br \/>\nIn Verbindung mit einem Standard V-Lock Akku bietet das ONsite D-Tap-zu-Wechselstrom-Netzteil vier Schnelllade-USB-Anschl\u00fcsse und zwei Wechselstromanschl\u00fcsse zum Aufladen von Ger\u00e4ten wie Laptops, Kamera-Akkus, LED-Monitoren und -Leuchten, Tablets, Handys und mehr &#8211; wo immer Strom ben\u00f6tigt wird.<\/p>\n<p><strong>Technische Daten:<\/strong><\/p>\n<ul>\n<li>4x USB-Ausg\u00e4nge 5V 2.1A x4, 6.2A MAX<\/li>\n<li>2x AC-Ausg\u00e4nge Leistung: 200W<\/li>\n<li>Ausgangsspannung (U.S. Version): AC 110V \u00b1 10%<\/li>\n<li>Ausgangsspannung (International): AC 220V \u00b1 10%<\/li>\n<li>Gewicht: .65lbs (.29kg)<\/li>\n<\/ul>\n<p>Empfohlen f\u00fcr Laptops, Kamera-Ladeger\u00e4te, Tablets, Telefone, kleine LED-Leuchten.<br \/>\nNicht empfohlen f\u00fcr Desktop-Computer, Stroboskope und Haartrockner<\/p>\n","protected":false},"excerpt":{"rendered":"<p>Tether Tools ONsite 200W D-Tap auf USB\/AC Adapter In Verbindung mit einem Standard V-Lock Akku bietet das ONsite D-Tap-zu-Wechselstrom-Netzteil vier Schnelllade-USB-Anschl\u00fcsse und zwei Wechselstromanschl\u00fcsse zum Aufladen von Ger\u00e4ten wie Laptops, Kamera-Akkus, LED-Monitoren und -Leuchten, Tablets, Handys und mehr &#8211; wo immer Strom ben\u00f6tigt wird. Technische Daten: 4x USB-Ausg\u00e4nge 5V 2.1A x4, 6.2A MAX 2x AC-Ausg\u00e4nge Leistung: 200W Ausgangsspannung (U.S. Version): [&hellip;]<\/p>\n","protected":false},"featured_media":12891,"template":"","meta":[],"product_cat":[129],"product_tag":[],"class_list":{"0":"post-12888","1":"product","2":"type-product","3":"status-publish","4":"has-post-thumbnail","6":"product_cat-batterien","8":"first","9":"instock","10":"shipping-taxable","11":"purchasable","12":"product-type-simple"},"_links":{"self":[{"href":"https:\/\/palmaequipmentrental.com\/de\/wp-json\/wp\/v2\/product\/12888","targetHints":{"allow":["GET"]}}],"collection":[{"href":"https:\/\/palmaequipmentrental.com\/de\/wp-json\/wp\/v2\/product"}],"about":[{"href":"https:\/\/palmaequipmentrental.com\/de\/wp-json\/wp\/v2\/types\/product"}],"wp:featuredmedia":[{"embeddable":true,"href":"https:\/\/palmaequipmentrental.com\/de\/wp-json\/wp\/v2\/media\/12891"}],"wp:attachment":[{"href":"https:\/\/palmaequipmentrental.com\/de\/wp-json\/wp\/v2\/media?parent=12888"}],"wp:term":[{"taxonomy":"product_cat","embeddable":true,"href":"https:\/\/palmaequipmentrental.com\/de\/wp-json\/wp\/v2\/product_cat?post=12888"},{"taxonomy":"product_tag","embeddable":true,"href":"https:\/\/palmaequipmentrental.com\/de\/wp-json\/wp\/v2\/product_tag?post=12888"}],"curies":[{"name":"wp","href":"https:\/\/api.w.org\/{rel}","templated":true}]}}