{"id":12904,"date":"2023-03-29T10:22:56","date_gmt":"2023-03-29T10:22:57","guid":{"rendered":"https:\/\/www.palmaequipmentrental.com\/?post_type=product&#038;p=12904"},"modified":"2025-06-12T13:57:14","modified_gmt":"2025-06-12T13:57:14","slug":"auputure-klemme","status":"publish","type":"product","link":"https:\/\/palmaequipmentrental.com\/de\/photo-video-equipment-mallorca\/auputure-klemme\/","title":{"rendered":"Aputure Klemme"},"content":{"rendered":"<p>Klemme mit Schnellwechselplatten f\u00fcr V-Mount.<br \/>\nSchnelle Befestigung von Aputure-Steuerger\u00e4ten oder Stromquellen \u00fcber das V-Lock-System.<\/p>\n","protected":false},"excerpt":{"rendered":"<p>Klemme mit Schnellwechselplatten f\u00fcr V-Mount. Schnelle Befestigung von Aputure-Steuerger\u00e4ten oder Stromquellen \u00fcber das V-Lock-System.<\/p>\n","protected":false},"featured_media":12907,"template":"","meta":[],"product_cat":[152,166],"product_tag":[],"class_list":{"0":"post-12904","1":"product","2":"type-product","3":"status-publish","4":"has-post-thumbnail","6":"product_cat-klemme","7":"product_cat-klemme-de","9":"first","10":"instock","11":"shipping-taxable","12":"purchasable","13":"product-type-simple"},"_links":{"self":[{"href":"https:\/\/palmaequipmentrental.com\/de\/wp-json\/wp\/v2\/product\/12904","targetHints":{"allow":["GET"]}}],"collection":[{"href":"https:\/\/palmaequipmentrental.com\/de\/wp-json\/wp\/v2\/product"}],"about":[{"href":"https:\/\/palmaequipmentrental.com\/de\/wp-json\/wp\/v2\/types\/product"}],"wp:featuredmedia":[{"embeddable":true,"href":"https:\/\/palmaequipmentrental.com\/de\/wp-json\/wp\/v2\/media\/12907"}],"wp:attachment":[{"href":"https:\/\/palmaequipmentrental.com\/de\/wp-json\/wp\/v2\/media?parent=12904"}],"wp:term":[{"taxonomy":"product_cat","embeddable":true,"href":"https:\/\/palmaequipmentrental.com\/de\/wp-json\/wp\/v2\/product_cat?post=12904"},{"taxonomy":"product_tag","embeddable":true,"href":"https:\/\/palmaequipmentrental.com\/de\/wp-json\/wp\/v2\/product_tag?post=12904"}],"curies":[{"name":"wp","href":"https:\/\/api.w.org\/{rel}","templated":true}]}}