{"id":12917,"date":"2023-04-04T12:14:00","date_gmt":"2023-04-04T12:14:01","guid":{"rendered":"https:\/\/www.palmaequipmentrental.com\/?post_type=product&#038;p=12917"},"modified":"2025-06-27T17:07:33","modified_gmt":"2025-06-27T17:07:33","slug":"stativwagen","status":"publish","type":"product","link":"https:\/\/palmaequipmentrental.com\/de\/photo-video-equipment-mallorca\/stativwagen\/","title":{"rendered":"Stativwagen"},"content":{"rendered":"<p><strong>Manfrotto Basic Stativ-Dolly (127)<\/strong><br \/>\nEntwickelt f\u00fcr leichte und mittelschwere Stative. Die 76-mm-R\u00e4der sind mit einer Verriegelungsfunktion ausgestattet, die die R\u00e4der vom Boden abhebt, so dass der Dolly auf separaten F\u00fc\u00dfen ruht.<\/p>\n<p><strong>Technische Daten<\/strong><\/p>\n<ul>\n<li>Gewicht: 3,15 kg<\/li>\n<li>Sicherheits-Nutzlast Gewicht: 10 kg<\/li>\n<li>Entwickelt f\u00fcr leichte und mittelschwere Stative<\/li>\n<li class=\"fx-list__item list-item fx-list__item--circle\"><span class=\"fx-text fx-text--plus list-item__text\">R\u00e4der mit Blockiervorrichtung f\u00fcr stabile, statische Aufnahmen<\/span><\/li>\n<li>Radverriegelungssystem f\u00fcr stabile statische Aufnahmen<\/li>\n<li>Ideal f\u00fcr Videoarbeiten, bei denen eine Schiene\/ein Fahrgestell unpraktisch w\u00e4re<\/li>\n<\/ul>\n<p>&nbsp;<\/p>\n","protected":false},"excerpt":{"rendered":"<p>Manfrotto Basic Stativ-Dolly (127) Entwickelt f\u00fcr leichte und mittelschwere Stative. Die 76-mm-R\u00e4der sind mit einer Verriegelungsfunktion ausgestattet, die die R\u00e4der vom Boden abhebt, so dass der Dolly auf separaten F\u00fc\u00dfen ruht. Technische Daten Gewicht: 3,15 kg Sicherheits-Nutzlast Gewicht: 10 kg Entwickelt f\u00fcr leichte und mittelschwere Stative R\u00e4der mit Blockiervorrichtung f\u00fcr stabile, statische Aufnahmen Radverriegelungssystem f\u00fcr stabile statische Aufnahmen Ideal f\u00fcr [&hellip;]<\/p>\n","protected":false},"featured_media":12920,"template":"","meta":[],"product_cat":[144,171],"product_tag":[],"class_list":{"0":"post-12917","1":"product","2":"type-product","3":"status-publish","4":"has-post-thumbnail","6":"product_cat-kamerastative","7":"product_cat-kamerastative-de","9":"first","10":"instock","11":"shipping-taxable","12":"purchasable","13":"product-type-simple"},"_links":{"self":[{"href":"https:\/\/palmaequipmentrental.com\/de\/wp-json\/wp\/v2\/product\/12917","targetHints":{"allow":["GET"]}}],"collection":[{"href":"https:\/\/palmaequipmentrental.com\/de\/wp-json\/wp\/v2\/product"}],"about":[{"href":"https:\/\/palmaequipmentrental.com\/de\/wp-json\/wp\/v2\/types\/product"}],"wp:featuredmedia":[{"embeddable":true,"href":"https:\/\/palmaequipmentrental.com\/de\/wp-json\/wp\/v2\/media\/12920"}],"wp:attachment":[{"href":"https:\/\/palmaequipmentrental.com\/de\/wp-json\/wp\/v2\/media?parent=12917"}],"wp:term":[{"taxonomy":"product_cat","embeddable":true,"href":"https:\/\/palmaequipmentrental.com\/de\/wp-json\/wp\/v2\/product_cat?post=12917"},{"taxonomy":"product_tag","embeddable":true,"href":"https:\/\/palmaequipmentrental.com\/de\/wp-json\/wp\/v2\/product_tag?post=12917"}],"curies":[{"name":"wp","href":"https:\/\/api.w.org\/{rel}","templated":true}]}}