{"id":12923,"date":"2023-04-04T12:30:37","date_gmt":"2023-04-04T12:30:38","guid":{"rendered":"https:\/\/www.palmaequipmentrental.com\/?post_type=product&#038;p=12923"},"modified":"2025-06-24T14:57:28","modified_gmt":"2025-06-24T14:57:28","slug":"reflektor-godox-5-in-1-120x180cm","status":"publish","type":"product","link":"https:\/\/palmaequipmentrental.com\/de\/photo-video-equipment-mallorca\/reflektor-godox-5-in-1-120x180cm\/","title":{"rendered":"Reflektor Godox 5-in-1 120x180cm"},"content":{"rendered":"<p><strong>Godox 120X180CM 5in1 ovaler Reflektor<\/strong><\/p>\n<p>Godox 5 in 1 faltbare Reflektor mit Zwei-Wege-Rei\u00dfverschluss-Design erm\u00f6glicht zweiseitigen Rei\u00dfverschluss, um die reflektierende Oberfl\u00e4che jederzeit zu \u00e4ndern. Reflektoren mit unterschiedlichen Oberfl\u00e4chen steuern den Kontrast, f\u00fcgen W\u00e4rme hinzu und erh\u00f6hen die Glanzlichter.<\/p>\n<ul>\n<li>Silber verst\u00e4rkt die spektakul\u00e4ren Glanzlichter und sorgt f\u00fcr ein kontrastreiches Bild. Es ist perfekt f\u00fcr Videos, Produktaufnahmen und Schwarzwei\u00dffotografie.<\/li>\n<li>Gold erzeugt eine nat\u00fcrliche, goldene F\u00fclle, die sich hervorragend f\u00fcr Sonnenunterg\u00e4nge, Schmuck und Portr\u00e4ts in Innenr\u00e4umen eignet.<\/li>\n<li>Wei\u00df erzeugt ein gleichm\u00e4\u00dfiges, farbneutrales indirektes Licht, das sich hervorragend als F\u00fclllichtquelle f\u00fcr Produktaufnahmen und Portr\u00e4ts im Innen- und Au\u00dfenbereich eignet.<\/li>\n<li>Die lichtdurchl\u00e4ssige Oberfl\u00e4che wird zur Streuung des Lichts verwendet, wodurch eine breite Lichtquelle und ein weicher, umlaufender Effekt entsteht, der sich perfekt f\u00fcr Portr\u00e4ts im Freien eignet oder wenn ein weicheres Licht ben\u00f6tigt wird.<\/li>\n<li>Schwarz h\u00e4lt Sonnen- oder Fensterlicht ab und verhindert unerw\u00fcnschte Schatten.<\/li>\n<\/ul>\n","protected":false},"excerpt":{"rendered":"<p>Godox 120X180CM 5in1 ovaler Reflektor Godox 5 in 1 faltbare Reflektor mit Zwei-Wege-Rei\u00dfverschluss-Design erm\u00f6glicht zweiseitigen Rei\u00dfverschluss, um die reflektierende Oberfl\u00e4che jederzeit zu \u00e4ndern. Reflektoren mit unterschiedlichen Oberfl\u00e4chen steuern den Kontrast, f\u00fcgen W\u00e4rme hinzu und erh\u00f6hen die Glanzlichter. Silber verst\u00e4rkt die spektakul\u00e4ren Glanzlichter und sorgt f\u00fcr ein kontrastreiches Bild. Es ist perfekt f\u00fcr Videos, Produktaufnahmen und Schwarzwei\u00dffotografie. Gold erzeugt eine nat\u00fcrliche, [&hellip;]<\/p>\n","protected":false},"featured_media":12926,"template":"","meta":[],"product_cat":[725,164],"product_tag":[],"class_list":{"0":"post-12923","1":"product","2":"type-product","3":"status-publish","4":"has-post-thumbnail","6":"product_cat-reflektoren-de-2","7":"product_cat-reflektoren-de","9":"first","10":"instock","11":"shipping-taxable","12":"purchasable","13":"product-type-simple"},"_links":{"self":[{"href":"https:\/\/palmaequipmentrental.com\/de\/wp-json\/wp\/v2\/product\/12923","targetHints":{"allow":["GET"]}}],"collection":[{"href":"https:\/\/palmaequipmentrental.com\/de\/wp-json\/wp\/v2\/product"}],"about":[{"href":"https:\/\/palmaequipmentrental.com\/de\/wp-json\/wp\/v2\/types\/product"}],"wp:featuredmedia":[{"embeddable":true,"href":"https:\/\/palmaequipmentrental.com\/de\/wp-json\/wp\/v2\/media\/12926"}],"wp:attachment":[{"href":"https:\/\/palmaequipmentrental.com\/de\/wp-json\/wp\/v2\/media?parent=12923"}],"wp:term":[{"taxonomy":"product_cat","embeddable":true,"href":"https:\/\/palmaequipmentrental.com\/de\/wp-json\/wp\/v2\/product_cat?post=12923"},{"taxonomy":"product_tag","embeddable":true,"href":"https:\/\/palmaequipmentrental.com\/de\/wp-json\/wp\/v2\/product_tag?post=12923"}],"curies":[{"name":"wp","href":"https:\/\/api.w.org\/{rel}","templated":true}]}}