{"id":12954,"date":"2023-04-18T18:13:45","date_gmt":"2023-04-18T18:13:45","guid":{"rendered":"https:\/\/www.palmaequipmentrental.com\/?post_type=product&#038;p=12954"},"modified":"2025-06-17T13:06:40","modified_gmt":"2025-06-17T13:06:40","slug":"lastolite-skylite-1x2m-schwarz-weis","status":"publish","type":"product","link":"https:\/\/palmaequipmentrental.com\/de\/photo-video-equipment-mallorca\/lastolite-skylite-1x2m-schwarz-weis\/","title":{"rendered":"Lastolite Skylite 1x2m Schwarz\/Wei\u00df"},"content":{"rendered":"<p><strong>Skylite Rapid 1 x 2m (4&#215;6&#8242;) Schwarz\/Wei\u00df.<\/strong><\/p>\n<p>1x2m Schwarz\/Wei\u00df Reflektor f\u00fcr den Medium Lastolite Rapid Skylite Rahmen. SkyLite Rapid Bez\u00fcge lassen sich leicht einh\u00e4ngen<\/p>\n<p><strong>Unsere Stoffbez\u00fcge f\u00fcr den Medium 1x2m Rahmen sind erh\u00e4ltlich:<\/strong><\/p>\n<ul>\n<li>0.75 stop diffuser silk<\/li>\n<li>1,25 stop diffuser silk<\/li>\n<li>Silber\/Wei\u00df Reflektor<\/li>\n<li>Schwarz\/Wei\u00df Reflektor<\/li>\n<li>Sunfire\/Wei\u00df Reflektor<\/li>\n<\/ul>\n","protected":false},"excerpt":{"rendered":"<p>Skylite Rapid 1 x 2m (4&#215;6&#8242;) Schwarz\/Wei\u00df. 1x2m Schwarz\/Wei\u00df Reflektor f\u00fcr den Medium Lastolite Rapid Skylite Rahmen. SkyLite Rapid Bez\u00fcge lassen sich leicht einh\u00e4ngen Unsere Stoffbez\u00fcge f\u00fcr den Medium 1x2m Rahmen sind erh\u00e4ltlich: 0.75 stop diffuser silk 1,25 stop diffuser silk Silber\/Wei\u00df Reflektor Schwarz\/Wei\u00df Reflektor Sunfire\/Wei\u00df Reflektor<\/p>\n","protected":false},"featured_media":13011,"template":"","meta":[],"product_cat":[869],"product_tag":[],"class_list":{"0":"post-12954","1":"product","2":"type-product","3":"status-publish","4":"has-post-thumbnail","6":"product_cat-lastolite-de","8":"first","9":"instock","10":"shipping-taxable","11":"purchasable","12":"product-type-simple"},"_links":{"self":[{"href":"https:\/\/palmaequipmentrental.com\/de\/wp-json\/wp\/v2\/product\/12954","targetHints":{"allow":["GET"]}}],"collection":[{"href":"https:\/\/palmaequipmentrental.com\/de\/wp-json\/wp\/v2\/product"}],"about":[{"href":"https:\/\/palmaequipmentrental.com\/de\/wp-json\/wp\/v2\/types\/product"}],"wp:featuredmedia":[{"embeddable":true,"href":"https:\/\/palmaequipmentrental.com\/de\/wp-json\/wp\/v2\/media\/13011"}],"wp:attachment":[{"href":"https:\/\/palmaequipmentrental.com\/de\/wp-json\/wp\/v2\/media?parent=12954"}],"wp:term":[{"taxonomy":"product_cat","embeddable":true,"href":"https:\/\/palmaequipmentrental.com\/de\/wp-json\/wp\/v2\/product_cat?post=12954"},{"taxonomy":"product_tag","embeddable":true,"href":"https:\/\/palmaequipmentrental.com\/de\/wp-json\/wp\/v2\/product_tag?post=12954"}],"curies":[{"name":"wp","href":"https:\/\/api.w.org\/{rel}","templated":true}]}}