{"id":12974,"date":"2023-04-21T13:49:20","date_gmt":"2023-04-21T13:49:21","guid":{"rendered":"https:\/\/www.palmaequipmentrental.com\/?post_type=product&#038;p=12974"},"modified":"2025-06-12T13:58:29","modified_gmt":"2025-06-12T13:58:29","slug":"aputure-light-dome-150-1","status":"publish","type":"product","link":"https:\/\/palmaequipmentrental.com\/de\/photo-video-equipment-mallorca\/aputure-light-dome-150-1\/","title":{"rendered":"Aputure Light Dome 150"},"content":{"rendered":"<p>Der <strong>Aputure Light Dome 150<\/strong> ist ein 150 cm langer, 32-seitiger Modifikator, der einen der perfektesten runden Modifikatoren auf dem Markt darstellt und vollkommen kreisf\u00f6rmige Reflexionen erm\u00f6glicht. Diese Softbox ist eine gro\u00dfartige Wahl f\u00fcr Portr\u00e4ts, Kopfaufnahmen, Interviews, Mode und vieles mehr. Der 150 cm (5ft) Light Dome 150 verwandelt Bowens-Mount-Punktstrahler in eine gro\u00dfe, weiche Lichtquelle, die gro\u00dfe R\u00e4ume elegant ausleuchtet.<\/p>\n<p><strong>Aputure Light Dome II enth\u00e4lt:<\/strong><\/p>\n<ul>\n<li>2 x Frontdiffusoren (1,5 und 2,5 Blenden)<\/li>\n<li>Bowens-Mount Speed Ring<\/li>\n<li>45\u00b0-Grid<\/li>\n<\/ul>\n<p><strong>Merkmale:<\/strong><\/p>\n<ul>\n<li>150 cm Durchmesser<\/li>\n<li class=\"fx-list__item list-item fx-list__item--circle\"><span class=\"fx-text fx-text--plus list-item__text\">Tiefe: 80 cm<\/span><\/li>\n<li class=\"fx-list__item list-item fx-list__item--circle\"><span class=\"fx-text fx-text--plus list-item__text\">unglaublich weiche Lichtqualit\u00e4t<\/span><\/li>\n<li class=\"fx-list__item list-item fx-list__item--circle\"><span class=\"fx-text fx-text--plus list-item__text\">32-seitiges Design f\u00fcr perfekte kreisf\u00f6rmige Reflektionen<\/span><\/li>\n<li class=\"fx-list__item list-item fx-list__item--circle\"><span class=\"fx-text fx-text--plus list-item__text\">Quick-Setup Aufbau f\u00fcr effiziente Arbeitsabl\u00e4ufe<\/span><\/li>\n<li class=\"fx-list__item list-item fx-list__item--circle\"><span class=\"fx-text fx-text--plus list-item__text\">2 Arten von Frontdiffusion (1.5 Stop &amp; 2.5 Stop)<\/span><\/li>\n<li class=\"fx-list__item list-item fx-list__item--circle\"><span class=\"fx-text fx-text--plus list-item__text\">45\u00b0 Fabric Light Control Grid<\/span><\/li>\n<\/ul>\n","protected":false},"excerpt":{"rendered":"<p>Der Aputure Light Dome 150 ist ein 150 cm langer, 32-seitiger Modifikator, der einen der perfektesten runden Modifikatoren auf dem Markt darstellt und vollkommen kreisf\u00f6rmige Reflexionen erm\u00f6glicht. Diese Softbox ist eine gro\u00dfartige Wahl f\u00fcr Portr\u00e4ts, Kopfaufnahmen, Interviews, Mode und vieles mehr. Der 150 cm (5ft) Light Dome 150 verwandelt Bowens-Mount-Punktstrahler in eine gro\u00dfe, weiche Lichtquelle, die gro\u00dfe R\u00e4ume elegant ausleuchtet. [&hellip;]<\/p>\n","protected":false},"featured_media":13002,"template":"","meta":[],"product_cat":[775,773],"product_tag":[],"class_list":{"0":"post-12974","1":"product","2":"type-product","3":"status-publish","4":"has-post-thumbnail","6":"product_cat-aputure-lichtformer","7":"product_cat-aputure-lichtformer-v","9":"first","10":"instock","11":"shipping-taxable","12":"purchasable","13":"product-type-simple"},"_links":{"self":[{"href":"https:\/\/palmaequipmentrental.com\/de\/wp-json\/wp\/v2\/product\/12974","targetHints":{"allow":["GET"]}}],"collection":[{"href":"https:\/\/palmaequipmentrental.com\/de\/wp-json\/wp\/v2\/product"}],"about":[{"href":"https:\/\/palmaequipmentrental.com\/de\/wp-json\/wp\/v2\/types\/product"}],"wp:featuredmedia":[{"embeddable":true,"href":"https:\/\/palmaequipmentrental.com\/de\/wp-json\/wp\/v2\/media\/13002"}],"wp:attachment":[{"href":"https:\/\/palmaequipmentrental.com\/de\/wp-json\/wp\/v2\/media?parent=12974"}],"wp:term":[{"taxonomy":"product_cat","embeddable":true,"href":"https:\/\/palmaequipmentrental.com\/de\/wp-json\/wp\/v2\/product_cat?post=12974"},{"taxonomy":"product_tag","embeddable":true,"href":"https:\/\/palmaequipmentrental.com\/de\/wp-json\/wp\/v2\/product_tag?post=12974"}],"curies":[{"name":"wp","href":"https:\/\/api.w.org\/{rel}","templated":true}]}}