{"id":12979,"date":"2023-04-21T14:53:05","date_gmt":"2023-04-21T14:53:06","guid":{"rendered":"https:\/\/www.palmaequipmentrental.com\/?post_type=product&#038;p=12979"},"modified":"2025-06-19T17:01:26","modified_gmt":"2025-06-19T17:01:26","slug":"profoto-blitzschirme-deep-silber-m","status":"publish","type":"product","link":"https:\/\/palmaequipmentrental.com\/de\/photo-video-equipment-mallorca\/profoto-blitzschirme-deep-silber-m\/","title":{"rendered":"Profoto Blitzschirme Deep Silber M"},"content":{"rendered":"<p><strong>Profoto Blitzschirme Deep Silber M<\/strong>\u00a0&#8211; 105 cm &#8211; 41&#8243; Durchmesser<\/p>\n<p>Alle tiefen Blitzschirme von Profoto haben eine tiefere parabolisch Bauform im Vergleich zu durchschnittlichen Blitzschirmen. Durch die tiefere Bauform k\u00f6nnen Sie den Leuchtwinkel besser kontrollieren. Dar\u00fcber hinaus k\u00f6nnen Sie das Licht fokussieren und formen, indem Sie den Schirmschaft in der Halterung vor- oder zur\u00fcckschieben. Der Umbrella Deep Silver M erzeugt ein knackiges, direktes Licht mit hohem Kontrast und hoher Leistung, \u00e4hnlich dem Licht eines Normalreflektors.<\/p>\n<ul>\n<li>Tiefere Bauform f\u00fcr beste Kontrolle und pr\u00e4zise Lichtgestaltung.<\/li>\n<li>Kompakt, leicht und extrem mobil.<\/li>\n<li>Einfach in der Handhabung.<\/li>\n<li>16 Spannst\u00e4be aus Glasfaser f\u00fcr eine perfekte Parabolform und eine noch gleichm\u00e4\u00dfigere Lichtstreuung.<\/li>\n<li>Gefertigt aus hitzebest\u00e4ndigen, hochwertigen Materialien.<\/li>\n<li>Oberfl\u00e4chenbeschichtete Metallteile verhindern Rost und Verf\u00e4rbungen.<\/li>\n<li>Ein optionaler Diffusor sorgt f\u00fcr ein weicheres, gleichm\u00e4\u00dfigeres Licht.<\/li>\n<\/ul>\n","protected":false},"excerpt":{"rendered":"<p>Profoto Blitzschirme Deep Silber M\u00a0&#8211; 105 cm &#8211; 41&#8243; Durchmesser Alle tiefen Blitzschirme von Profoto haben eine tiefere parabolisch Bauform im Vergleich zu durchschnittlichen Blitzschirmen. Durch die tiefere Bauform k\u00f6nnen Sie den Leuchtwinkel besser kontrollieren. Dar\u00fcber hinaus k\u00f6nnen Sie das Licht fokussieren und formen, indem Sie den Schirmschaft in der Halterung vor- oder zur\u00fcckschieben. Der Umbrella Deep Silver M erzeugt [&hellip;]<\/p>\n","protected":false},"featured_media":9134,"template":"","meta":[],"product_cat":[136],"product_tag":[],"class_list":{"0":"post-12979","1":"product","2":"type-product","3":"status-publish","4":"has-post-thumbnail","6":"product_cat-schirme","8":"first","9":"instock","10":"shipping-taxable","11":"purchasable","12":"product-type-simple"},"_links":{"self":[{"href":"https:\/\/palmaequipmentrental.com\/de\/wp-json\/wp\/v2\/product\/12979","targetHints":{"allow":["GET"]}}],"collection":[{"href":"https:\/\/palmaequipmentrental.com\/de\/wp-json\/wp\/v2\/product"}],"about":[{"href":"https:\/\/palmaequipmentrental.com\/de\/wp-json\/wp\/v2\/types\/product"}],"wp:featuredmedia":[{"embeddable":true,"href":"https:\/\/palmaequipmentrental.com\/de\/wp-json\/wp\/v2\/media\/9134"}],"wp:attachment":[{"href":"https:\/\/palmaequipmentrental.com\/de\/wp-json\/wp\/v2\/media?parent=12979"}],"wp:term":[{"taxonomy":"product_cat","embeddable":true,"href":"https:\/\/palmaequipmentrental.com\/de\/wp-json\/wp\/v2\/product_cat?post=12979"},{"taxonomy":"product_tag","embeddable":true,"href":"https:\/\/palmaequipmentrental.com\/de\/wp-json\/wp\/v2\/product_tag?post=12979"}],"curies":[{"name":"wp","href":"https:\/\/api.w.org\/{rel}","templated":true}]}}