{"id":12983,"date":"2023-04-21T15:03:04","date_gmt":"2023-04-21T15:03:05","guid":{"rendered":"https:\/\/www.palmaequipmentrental.com\/?post_type=product&#038;p=12983"},"modified":"2025-06-19T17:01:50","modified_gmt":"2025-06-19T17:01:50","slug":"profoto-blitzschirme-deep-silber-m-2","status":"publish","type":"product","link":"https:\/\/palmaequipmentrental.com\/de\/photo-video-equipment-mallorca\/profoto-blitzschirme-deep-silber-m-2\/","title":{"rendered":"Profoto Blitzschirme Deep Silber M"},"content":{"rendered":"<p>Bringen Sie eine dynamische Kante in Ihre Fotografie mit dem mittelgro\u00dfen Silbernen Profoto Deep Umbrella, eine herausragende Wahl, verf\u00fcgbar bei Palma Equipment Rental in Palma de Mallorca. Ma\u00dfgeschneidert f\u00fcr professionelle Fotografen, die pr\u00e4zise Kontrolle und wirkungsvolle Beleuchtung in ihrer Mode- und Werbearbeit ben\u00f6tigen, kombiniert dieser mittelgro\u00dfe Schirm Bequemlichkeit mit au\u00dfergew\u00f6hnlicher Leistung.<\/p>\n<ul>\n<li>Offener Durchmesser: 105 cm \/ 41 in<\/li>\n<li>Mittelgro\u00dfe tiefe Parabelform f\u00fcr gezielte Lichtkontrolle<\/li>\n<li>Einfache Anpassung des Fokus durch Verschieben des Schirmgriffs<\/li>\n<li>Erzeugt definierte, kontrastreiche Beleuchtungseffekte<\/li>\n<li>Vergleichbare Lichtleistung wie ein harter Reflektor<\/li>\n<\/ul>\n<p>Der mittelgro\u00dfe Silberne Profoto Deep Umbrella ist hervorragend geeignet, um fokussiertes und lebendiges Licht zu erzeugen, ideal, um Ihren Bildern Klarheit und Tiefe hinzuzuf\u00fcgen. Seine Gr\u00f6\u00dfe macht ihn besonders geeignet f\u00fcr kleinere Studios oder enge Aufnahmeorte und bietet die perfekte Balance zwischen Gr\u00f6\u00dfe und Lichtkontrolle.<\/p>\n<p>Palma Equipment Rental ist Ihre erste Anlaufstelle f\u00fcr professionelles fotografisches Equipment auf den Balearen und dem spanischen Festland. Mit unserem mittelgro\u00dfen Silbernen Profoto Deep Umbrella und einer umfassenden Auswahl an Ausr\u00fcstung unterst\u00fctzen wir Ihre kreative Vision mit un\u00fcbertroffener Qualit\u00e4t und Service. Heben Sie Ihre Fotografie mit Werkzeugen, die Exzellenz und Innovation inspirieren.<\/p>\n","protected":false},"excerpt":{"rendered":"<p>Bringen Sie eine dynamische Kante in Ihre Fotografie mit dem mittelgro\u00dfen Silbernen Profoto Deep Umbrella, eine herausragende Wahl, verf\u00fcgbar bei Palma Equipment Rental in Palma de Mallorca. Ma\u00dfgeschneidert f\u00fcr professionelle Fotografen, die pr\u00e4zise Kontrolle und wirkungsvolle Beleuchtung in ihrer Mode- und Werbearbeit ben\u00f6tigen, kombiniert dieser mittelgro\u00dfe Schirm Bequemlichkeit mit au\u00dfergew\u00f6hnlicher Leistung. Offener Durchmesser: 105 cm \/ 41 in Mittelgro\u00dfe tiefe [&hellip;]<\/p>\n","protected":false},"featured_media":9134,"template":"","meta":[],"product_cat":[136],"product_tag":[],"class_list":{"0":"post-12983","1":"product","2":"type-product","3":"status-publish","4":"has-post-thumbnail","6":"product_cat-schirme","8":"first","9":"instock","10":"shipping-taxable","11":"purchasable","12":"product-type-simple"},"_links":{"self":[{"href":"https:\/\/palmaequipmentrental.com\/de\/wp-json\/wp\/v2\/product\/12983","targetHints":{"allow":["GET"]}}],"collection":[{"href":"https:\/\/palmaequipmentrental.com\/de\/wp-json\/wp\/v2\/product"}],"about":[{"href":"https:\/\/palmaequipmentrental.com\/de\/wp-json\/wp\/v2\/types\/product"}],"wp:featuredmedia":[{"embeddable":true,"href":"https:\/\/palmaequipmentrental.com\/de\/wp-json\/wp\/v2\/media\/9134"}],"wp:attachment":[{"href":"https:\/\/palmaequipmentrental.com\/de\/wp-json\/wp\/v2\/media?parent=12983"}],"wp:term":[{"taxonomy":"product_cat","embeddable":true,"href":"https:\/\/palmaequipmentrental.com\/de\/wp-json\/wp\/v2\/product_cat?post=12983"},{"taxonomy":"product_tag","embeddable":true,"href":"https:\/\/palmaequipmentrental.com\/de\/wp-json\/wp\/v2\/product_tag?post=12983"}],"curies":[{"name":"wp","href":"https:\/\/api.w.org\/{rel}","templated":true}]}}