{"id":13075,"date":"2023-05-02T15:38:05","date_gmt":"2023-05-02T15:38:06","guid":{"rendered":"https:\/\/www.palmaequipmentrental.com\/?post_type=product&#038;p=13075"},"modified":"2025-06-12T13:41:27","modified_gmt":"2025-06-12T13:41:27","slug":"adicam-max-1","status":"publish","type":"product","link":"https:\/\/palmaequipmentrental.com\/de\/photo-video-equipment-mallorca\/adicam-max-1\/","title":{"rendered":"Adicam MAX"},"content":{"rendered":"<p>Der Adicam MAX ist ein \u00e4u\u00dferst vielseitiger und anpassungsf\u00e4higer Ausr\u00fcstungswagen, der den Bed\u00fcrfnissen von Fotografen und Produktionscrews gerecht wird. Mit seinen beeindruckenden Funktionen und robuster Bauweise gew\u00e4hrleistet dieser Wagen einen reibungslosen und effizienten Transport Ihrer Ausr\u00fcstung.<\/p>\n<p>Eigenschaften:<\/p>\n<ul>\n<li>Vollst\u00e4ndig anpassbar: Der Adicam MAX ist mit all unseren Zubeh\u00f6rteilen kompatibel und erm\u00f6glicht es Ihnen, ihn nach Ihren Anforderungen zu personalisieren.<\/li>\n<li>Verbesserte Mobilit\u00e4t: Ausgestattet mit vier handgefalteten luftgef\u00fcllten R\u00e4dern (9&#8243; &#8211; fi225 mm) und einem Standard-Fu\u00dfbremsensystem bietet dieser Wagen eine einfache Man\u00f6vrierf\u00e4higkeit und Stabilit\u00e4t.<\/li>\n<li>Praktischer Faltmechanismus: Der Wagen kann in nur 2 Minuten ohne Werkzeug montiert und demontiert werden. Er l\u00e4sst sich zu einer kompakten Gr\u00f6\u00dfe zusammenklappen und m\u00fchelos transportieren.<\/li>\n<li>Sicherer Ger\u00e4teaufbewahrung: Jede Plattform des Wagens ist mit einer Schutzbeschichtung versehen, um ein Verrutschen der Ausr\u00fcstung w\u00e4hrend des Transports zu verhindern.<\/li>\n<li>Robuste Konstruktion: Das 2-teilige Edelstahlrohr mit einem 5\/8-Zoll-Pin an der Spitze bietet eine zuverl\u00e4ssige Montagel\u00f6sung f\u00fcr Lampen, Monitore und andere Foto-\/Videoausr\u00fcstung.<\/li>\n<\/ul>\n<p>Technische Spezifikationen:<\/p>\n<ul>\n<li>R\u00e4der: 9&#8243; luftgef\u00fcllte R\u00e4der mit zwei Bremsen (10&#8243; luftgef\u00fcllte R\u00e4der mit zwei Bremsen als zus\u00e4tzliche Option erh\u00e4ltlich).<\/li>\n<li>2-teiliges Rohr mit 5\/8-Zoll-Pin: Das Edelstahlrohr verf\u00fcgt \u00fcber zwei Aufstecker mit Durchmessern von 35 mm und 30 mm und bietet vielseitige Montagem\u00f6glichkeiten.<\/li>\n<li>H\u00f6henbereich: Mindesth\u00f6he von 83 cm und maximale H\u00f6he von 145 cm.<\/li>\n<li>Ma\u00dfe im zusammengeklappten Zustand: H\u00f6he von 180 mm, Breite von 630 mm und L\u00e4nge von 1260 mm.<\/li>\n<li>Ma\u00dfe im aufgebauten Zustand: H\u00f6he von 1035 mm, Breite von 630 mm und L\u00e4nge von 1260 mm.<\/li>\n<li>Gewicht: 41,5 kg ohne Zubeh\u00f6r, 43 kg mit integrierter Montage zusammen mit dem Quertr\u00e4ger zwischen den Beinen.<\/li>\n<li>Kapazit\u00e4t: Maximale Tragf\u00e4higkeit von 250 kg.<\/li>\n<\/ul>\n<p>Als professionelles Fotografieausr\u00fcstungsverleih-Unternehmen sind wir stolz darauf, erstklassige Ausr\u00fcstung und Dienstleistungen f\u00fcr Produktionsfirmen und Fotografen anzubieten. Von branchen\u00fcblicher Beleuchtung, Kameras und Griffausr\u00fcstung bis hin zu Stylisten- und Produktionszubeh\u00f6r, Verbrauchsmaterialien und zuverl\u00e4ssigen Lieferdiensten bem\u00fchen wir uns, Ihren Anforderungen gerecht zu werden. Mit unserem flexiblen, effizienten und freundlichen Ansatz, unterst\u00fctzt durch technischen Support rund um die Uhr,<\/p>\n","protected":false},"excerpt":{"rendered":"<p>Der Adicam MAX ist ein \u00e4u\u00dferst vielseitiger und anpassungsf\u00e4higer Ausr\u00fcstungswagen, der den Bed\u00fcrfnissen von Fotografen und Produktionscrews gerecht wird. Mit seinen beeindruckenden Funktionen und robuster Bauweise gew\u00e4hrleistet dieser Wagen einen reibungslosen und effizienten Transport Ihrer Ausr\u00fcstung. Eigenschaften: Vollst\u00e4ndig anpassbar: Der Adicam MAX ist mit all unseren Zubeh\u00f6rteilen kompatibel und erm\u00f6glicht es Ihnen, ihn nach Ihren Anforderungen zu personalisieren. Verbesserte Mobilit\u00e4t: [&hellip;]<\/p>\n","protected":false},"featured_media":13171,"template":"","meta":[],"product_cat":[754,172],"product_tag":[],"class_list":{"0":"post-13075","1":"product","2":"type-product","3":"status-publish","4":"has-post-thumbnail","6":"product_cat-digitaler-workstation","7":"product_cat-kamera-zubehor-de","9":"first","10":"instock","11":"shipping-taxable","12":"purchasable","13":"product-type-simple"},"_links":{"self":[{"href":"https:\/\/palmaequipmentrental.com\/de\/wp-json\/wp\/v2\/product\/13075","targetHints":{"allow":["GET"]}}],"collection":[{"href":"https:\/\/palmaequipmentrental.com\/de\/wp-json\/wp\/v2\/product"}],"about":[{"href":"https:\/\/palmaequipmentrental.com\/de\/wp-json\/wp\/v2\/types\/product"}],"wp:featuredmedia":[{"embeddable":true,"href":"https:\/\/palmaequipmentrental.com\/de\/wp-json\/wp\/v2\/media\/13171"}],"wp:attachment":[{"href":"https:\/\/palmaequipmentrental.com\/de\/wp-json\/wp\/v2\/media?parent=13075"}],"wp:term":[{"taxonomy":"product_cat","embeddable":true,"href":"https:\/\/palmaequipmentrental.com\/de\/wp-json\/wp\/v2\/product_cat?post=13075"},{"taxonomy":"product_tag","embeddable":true,"href":"https:\/\/palmaequipmentrental.com\/de\/wp-json\/wp\/v2\/product_tag?post=13075"}],"curies":[{"name":"wp","href":"https:\/\/api.w.org\/{rel}","templated":true}]}}