{"id":13081,"date":"2023-05-17T08:49:40","date_gmt":"2023-05-17T08:49:41","guid":{"rendered":"https:\/\/www.palmaequipmentrental.com\/?post_type=product&#038;p=13081"},"modified":"2023-05-17T08:54:20","modified_gmt":"2023-05-17T08:54:20","slug":"softbox-5-octa-copy","status":"publish","type":"product","link":"https:\/\/palmaequipmentrental.com\/de\/photo-video-equipment-mallorca\/softbox-5-octa-copy\/","title":{"rendered":"Profoto Softbox 4&#8242; Octa (120cm)"},"content":{"rendered":"<p style=\"line-height: 11.25pt;\"><span lang=\"de\" tabindex=\"0\">120 x 50cm Octalight inklusive Speedring, innerem und \u00e4u\u00dferem Diffusor.<\/span><\/p>\n<p>Die achteckigen Softboxen sind in der Mode-, Beauty- oder Portr\u00e4tfotografie weit verbreitet. Dies liegt vor allem daran, dass ihre einzigartige Form einen wundersch\u00f6nen, nat\u00fcrlichen Lichtreflex im Auge des Modells erzeugt.<\/p>\n<p>&nbsp;<\/p>\n","protected":false},"excerpt":{"rendered":"<p>120 x 50cm Octalight inklusive Speedring, innerem und \u00e4u\u00dferem Diffusor. Die achteckigen Softboxen sind in der Mode-, Beauty- oder Portr\u00e4tfotografie weit verbreitet. Dies liegt vor allem daran, dass ihre einzigartige Form einen wundersch\u00f6nen, nat\u00fcrlichen Lichtreflex im Auge des Modells erzeugt. &nbsp;<\/p>\n","protected":false},"featured_media":4884,"template":"","meta":[],"product_cat":[135],"product_tag":[],"class_list":{"0":"post-13081","1":"product","2":"type-product","3":"status-publish","4":"has-post-thumbnail","6":"product_cat-softboxen","8":"first","9":"instock","10":"shipping-taxable","11":"purchasable","12":"product-type-simple"},"_links":{"self":[{"href":"https:\/\/palmaequipmentrental.com\/de\/wp-json\/wp\/v2\/product\/13081","targetHints":{"allow":["GET"]}}],"collection":[{"href":"https:\/\/palmaequipmentrental.com\/de\/wp-json\/wp\/v2\/product"}],"about":[{"href":"https:\/\/palmaequipmentrental.com\/de\/wp-json\/wp\/v2\/types\/product"}],"wp:featuredmedia":[{"embeddable":true,"href":"https:\/\/palmaequipmentrental.com\/de\/wp-json\/wp\/v2\/media\/4884"}],"wp:attachment":[{"href":"https:\/\/palmaequipmentrental.com\/de\/wp-json\/wp\/v2\/media?parent=13081"}],"wp:term":[{"taxonomy":"product_cat","embeddable":true,"href":"https:\/\/palmaequipmentrental.com\/de\/wp-json\/wp\/v2\/product_cat?post=13081"},{"taxonomy":"product_tag","embeddable":true,"href":"https:\/\/palmaequipmentrental.com\/de\/wp-json\/wp\/v2\/product_tag?post=13081"}],"curies":[{"name":"wp","href":"https:\/\/api.w.org\/{rel}","templated":true}]}}