{"id":13086,"date":"2023-05-25T09:18:21","date_gmt":"2023-05-25T09:18:21","guid":{"rendered":"https:\/\/www.palmaequipmentrental.com\/product\/hollyland-mars-m1-monitor\/"},"modified":"2023-05-25T09:30:30","modified_gmt":"2023-05-25T09:30:30","slug":"hollyland-mars-m1-monitor","status":"publish","type":"product","link":"https:\/\/palmaequipmentrental.com\/de\/photo-video-equipment-mallorca\/hollyland-mars-m1-monitor\/","title":{"rendered":"Hollyland Mars M1 Monitor (SDI\/HDMI)"},"content":{"rendered":"<p>Unser Hollyland Mars M1 5,5&#8243; Monitor wird mit einem Sonnenschirm geliefert.<\/p>\n<p>Der Hollyland Mars M1 5,5&#8243; Monitor ist ein leistungsstarker drahtloser Monitor, der Sender, Empf\u00e4nger und Monitorfunktionen in einer L\u00f6sung vereint. Ausgestattet mit einem 5,5-Zoll-Touch-LCD-Bildschirm mit professioneller Farbkalibrierung, 1.000 nits Helligkeit und Rec. 709-Farbraum bietet der Mars M1 ein angenehmes \u00dcberwachungserlebnis. Dar\u00fcber hinaus kann er Kamerasignale mit einer LOS-Reichweite von bis zu 150 m (450 Fu\u00df) und einer geringen Latenz von 0,08 s \u00fcbertragen, was den Einsatz des Ger\u00e4ts vereinfacht und die Effizienz bei Videoaufnahmen verbessert.<\/p>\n<p>Der Mars M1 funktioniert als All-in-One-L\u00f6sung f\u00fcr Sender, Empf\u00e4nger und Monitor. Sie k\u00f6nnen auf dem \u00dcberwachungsbildschirm zwischen dem Sender- und dem Empf\u00e4ngermodus wechseln. Ein Sender kann mit bis zu zwei Empf\u00e4ngern oder vier mobilen Apps zusammenarbeiten. Der Mars M1 kann zusammen mit der Mars Pro- und 4K-Serie verwendet werden, um die Anzahl der ben\u00f6tigten Ger\u00e4te zu reduzieren und ein effizienteres Aufnahmeerlebnis zu erm\u00f6glichen.<\/p>\n<p><strong>Merkmale<\/strong><\/p>\n<ul>\n<li>Drahtlose Video\u00fcberwachung aus bis zu 450&#8242; Entfernung<\/li>\n<li>Umschaltung zwischen Sender- und Empf\u00e4ngermodus<\/li>\n<li>5,5&#8243;-Touchscreen-Display<\/li>\n<li>\u00dcbertragen\/Empfangen von bis zu 4K30 Video<\/li>\n<li>mit SDI\/HDMI-Eingangsanschl\u00fcssen<\/li>\n<\/ul>\n","protected":false},"excerpt":{"rendered":"<p>Unser Hollyland Mars M1 5,5&#8243; Monitor wird mit einem Sonnenschirm geliefert. Der Hollyland Mars M1 5,5&#8243; Monitor ist ein leistungsstarker drahtloser Monitor, der Sender, Empf\u00e4nger und Monitorfunktionen in einer L\u00f6sung vereint. Ausgestattet mit einem 5,5-Zoll-Touch-LCD-Bildschirm mit professioneller Farbkalibrierung, 1.000 nits Helligkeit und Rec. 709-Farbraum bietet der Mars M1 ein angenehmes \u00dcberwachungserlebnis. Dar\u00fcber hinaus kann er Kamerasignale mit einer LOS-Reichweite von [&hellip;]<\/p>\n","protected":false},"featured_media":13180,"template":"","meta":[],"product_cat":[463,132],"product_tag":[],"class_list":{"0":"post-13086","1":"product","2":"type-product","3":"status-publish","4":"has-post-thumbnail","6":"product_cat-monitore-de","7":"product_cat-monitore","9":"first","10":"instock","11":"shipping-taxable","12":"purchasable","13":"product-type-simple"},"_links":{"self":[{"href":"https:\/\/palmaequipmentrental.com\/de\/wp-json\/wp\/v2\/product\/13086","targetHints":{"allow":["GET"]}}],"collection":[{"href":"https:\/\/palmaequipmentrental.com\/de\/wp-json\/wp\/v2\/product"}],"about":[{"href":"https:\/\/palmaequipmentrental.com\/de\/wp-json\/wp\/v2\/types\/product"}],"wp:featuredmedia":[{"embeddable":true,"href":"https:\/\/palmaequipmentrental.com\/de\/wp-json\/wp\/v2\/media\/13180"}],"wp:attachment":[{"href":"https:\/\/palmaequipmentrental.com\/de\/wp-json\/wp\/v2\/media?parent=13086"}],"wp:term":[{"taxonomy":"product_cat","embeddable":true,"href":"https:\/\/palmaequipmentrental.com\/de\/wp-json\/wp\/v2\/product_cat?post=13086"},{"taxonomy":"product_tag","embeddable":true,"href":"https:\/\/palmaequipmentrental.com\/de\/wp-json\/wp\/v2\/product_tag?post=13086"}],"curies":[{"name":"wp","href":"https:\/\/api.w.org\/{rel}","templated":true}]}}