{"id":13091,"date":"2023-05-25T09:36:03","date_gmt":"2023-05-25T09:36:03","guid":{"rendered":"https:\/\/www.palmaequipmentrental.com\/product\/wooden-directors-monitor-cage-v3\/"},"modified":"2023-06-16T16:21:06","modified_gmt":"2023-06-16T16:21:06","slug":"wooden-directors-monitor-cage-v3","status":"publish","type":"product","link":"https:\/\/palmaequipmentrental.com\/de\/photo-video-equipment-mallorca\/wooden-directors-monitor-cage-v3\/","title":{"rendered":"Wooden Director&#8217;s Monitor Cage v3"},"content":{"rendered":"<p>Erweitern Sie Ihre \u00dcberwachungsm\u00f6glichkeiten mit dem Holzk\u00e4fig f\u00fcr Regie-Monitore v3. Dieser universell kompatible K\u00e4fig unterst\u00fctzt Monitore mit einer Gr\u00f6\u00dfe von bis zu 9 Zoll und kann einfach \u00fcber obere, untere oder hintere 1\/4-20 Montagepunkte angebracht werden.<\/p>\n<p>Im Lieferumfang ist ein anpassbarer Sonnenschutz enthalten, der direkt am K\u00e4figrahmen angebracht wird und optimale Sichtbarkeit bei verschiedenen Lichtverh\u00e4ltnissen gew\u00e4hrleistet. Die Kohlefaser-Handgriffe mit integrierten 15-mm-Klemmen erm\u00f6glichen eine schnelle und pr\u00e4zise Positionierung f\u00fcr komfortables Handling w\u00e4hrend der Aufnahmen.<\/p>\n<p>Die Batteriehalterung verf\u00fcgt \u00fcber V-Mount-Anschl\u00fcsse und eine Schwenkfunktion in beide Richtungen, sodass ein problemloser Zugang zur R\u00fcckseite des Monitors und zu installierten drahtlosen Ger\u00e4ten m\u00f6glich ist. Der Batteriehalter kann auch schnell entfernt werden, wenn beide Schwenkklammern gel\u00f6st sind. Der K\u00e4fig umfasst au\u00dferdem eine eingebaute Klemme f\u00fcr Baby-Pins mit Verriegelungsschraube f\u00fcr eine bequeme Montage auf einem Stativ sowie L\u00f6cher an den Haupthalterungen.<\/p>\n<p>Technische Spezifikationen:<\/p>\n<ul>\n<li>Monitor-Kompatibilit\u00e4t: Bis zu 9 Zoll (diagonal gemessen)<\/li>\n<li>Montagepunkte: Oben, unten oder hinten, 1\/4-20<\/li>\n<li>Sonnenschutz: Anpassbar f\u00fcr die meisten Monitore<\/li>\n<li>Handgriffe: Kohlefaser mit integrierten 15-mm-Klemmen<\/li>\n<li>Batteriehalterung: V-Mount-Anschl\u00fcsse, Schwenkfunktion in beide Richtungen<\/li>\n<li>Stativmontage: Eingebaute Klemme f\u00fcr Baby-Pins mit Verriegelungsschraube<\/li>\n<\/ul>\n<p>W\u00e4hlen Sie den Holzk\u00e4fig f\u00fcr Regie-Monitore v3, um Ihre \u00dcberwachungsleistung zu verbessern. Kontaktieren Sie uns, um diesen vielseitigen K\u00e4fig zu mieten, und profitieren Sie von unserem professionellen Service in Palma de Mallorca, Menorca, Ibiza, Formentera und auf dem spanischen Festland. Wir bieten erstklassige Ausr\u00fcstung von f\u00fchrenden Marken wie Profoto, Arri, Manfrotto und vielem mehr.<\/p>\n","protected":false},"excerpt":{"rendered":"<p>Erweitern Sie Ihre \u00dcberwachungsm\u00f6glichkeiten mit dem Holzk\u00e4fig f\u00fcr Regie-Monitore v3. Dieser universell kompatible K\u00e4fig unterst\u00fctzt Monitore mit einer Gr\u00f6\u00dfe von bis zu 9 Zoll und kann einfach \u00fcber obere, untere oder hintere 1\/4-20 Montagepunkte angebracht werden. Im Lieferumfang ist ein anpassbarer Sonnenschutz enthalten, der direkt am K\u00e4figrahmen angebracht wird und optimale Sichtbarkeit bei verschiedenen Lichtverh\u00e4ltnissen gew\u00e4hrleistet. Die Kohlefaser-Handgriffe mit integrierten [&hellip;]<\/p>\n","protected":false},"featured_media":13184,"template":"","meta":[],"product_cat":[463],"product_tag":[],"class_list":{"0":"post-13091","1":"product","2":"type-product","3":"status-publish","4":"has-post-thumbnail","6":"product_cat-monitore-de","8":"first","9":"instock","10":"shipping-taxable","11":"purchasable","12":"product-type-simple"},"_links":{"self":[{"href":"https:\/\/palmaequipmentrental.com\/de\/wp-json\/wp\/v2\/product\/13091","targetHints":{"allow":["GET"]}}],"collection":[{"href":"https:\/\/palmaequipmentrental.com\/de\/wp-json\/wp\/v2\/product"}],"about":[{"href":"https:\/\/palmaequipmentrental.com\/de\/wp-json\/wp\/v2\/types\/product"}],"wp:featuredmedia":[{"embeddable":true,"href":"https:\/\/palmaequipmentrental.com\/de\/wp-json\/wp\/v2\/media\/13184"}],"wp:attachment":[{"href":"https:\/\/palmaequipmentrental.com\/de\/wp-json\/wp\/v2\/media?parent=13091"}],"wp:term":[{"taxonomy":"product_cat","embeddable":true,"href":"https:\/\/palmaequipmentrental.com\/de\/wp-json\/wp\/v2\/product_cat?post=13091"},{"taxonomy":"product_tag","embeddable":true,"href":"https:\/\/palmaequipmentrental.com\/de\/wp-json\/wp\/v2\/product_tag?post=13091"}],"curies":[{"name":"wp","href":"https:\/\/api.w.org\/{rel}","templated":true}]}}