{"id":13097,"date":"2023-05-25T09:47:21","date_gmt":"2023-05-25T09:47:21","guid":{"rendered":"https:\/\/www.palmaequipmentrental.com\/product\/profoto-ocf-ii-grid-gel-kit\/"},"modified":"2023-06-16T15:46:39","modified_gmt":"2023-06-16T15:46:39","slug":"profoto-ocf-ii-grid-gel-kit","status":"publish","type":"product","link":"https:\/\/palmaequipmentrental.com\/de\/photo-video-equipment-mallorca\/profoto-ocf-ii-grid-gel-kit\/","title":{"rendered":"Profoto OCF II Grid &#038; Gel Kit"},"content":{"rendered":"<p>Erweitern Sie Ihr Beleuchtungsrepertoire mit dem Profoto OCF Clic Grid &amp; Gel Kit! Dieses unverzichtbare Werkzeug f\u00fcr Mode- und Werbefotografen enth\u00e4lt das Clic Grid 20\u00b0, das sorgf\u00e4ltig entwickelt wurde, um die Lichtstreuung zu verringern, Streulicht zu kontrollieren und Ihren Bildern Kontrast und Dramatik zu verleihen.<\/p>\n<p>Erzielen Sie eine perfekte Farbbalance mit den enthaltenen Clic Gel Full CTO und Clic Gel Half CTO. Diese Gels erm\u00f6glichen eine nahtlose Integration von k\u00fcnstlichem Licht mit Umgebungslicht und harmonisieren m\u00fchelos die goldene Stunde oder warme Innenbeleuchtung.<\/p>\n<p>Dank des magnetischen Befestigungssystems des OCF Clic k\u00f6nnen das Clic Grid und die Gele schnell und einfach angebracht und entfernt werden, was Ihnen wertvolle Zeit bei Ihren Aufnahmen spart. Stapeln Sie sie \u00fcbereinander oder kombinieren Sie sie mit anderen kompatiblen Lichtformungs-Werkzeugen f\u00fcr unbegrenzte kreative M\u00f6glichkeiten.<\/p>\n<p>Technische Daten:<\/p>\n<ul>\n<li>Kit enth\u00e4lt: 1x Clic Grid 20\u00b0, 1x Clic Gel Full CTO und 1x Clic Gel Half CTO.<\/li>\n<li>Clic Grid 20\u00b0: reduziert die Lichtstreuung, kontrolliert Streulicht, verleiht Kontrast und Dramatik.<\/li>\n<li>Clic Gel Full CTO und Clic Gel Half CTO: balancieren k\u00fcnstliches Licht mit Umgebungslicht aus.<\/li>\n<li>Magnetische Befestigung f\u00fcr schnelles und sicheres Anbringen.<\/li>\n<li>Stapelbar mit anderen Clic Lichtformungs-Werkzeugen.<\/li>\n<\/ul>\n<p>Als professionelles Fotografie-Equipment-Verleihunternehmen in Palma de Mallorca, Spanien, bieten wir stolz das Profoto OCF Clic Grid &amp; Gel Kit sowie eine breite Palette an branchen\u00fcblichen Ger\u00e4ten von renommierten Marken wie Profoto, Arri, Manfrotto und mehr. Vertrauen Sie auf unseren flexiblen, effizienten und freundlichen Service mit 24\/7 technischem Support, um Ihren Produktionsanforderungen auf Palma de Mallorca, Menorca, Ibiza, Formentera und dem spanischen Festland gerecht zu werden.<\/p>\n","protected":false},"excerpt":{"rendered":"<p>Erweitern Sie Ihr Beleuchtungsrepertoire mit dem Profoto OCF Clic Grid &amp; Gel Kit! Dieses unverzichtbare Werkzeug f\u00fcr Mode- und Werbefotografen enth\u00e4lt das Clic Grid 20\u00b0, das sorgf\u00e4ltig entwickelt wurde, um die Lichtstreuung zu verringern, Streulicht zu kontrollieren und Ihren Bildern Kontrast und Dramatik zu verleihen. Erzielen Sie eine perfekte Farbbalance mit den enthaltenen Clic Gel Full CTO und Clic Gel [&hellip;]<\/p>\n","protected":false},"featured_media":13187,"template":"","meta":[],"product_cat":[786],"product_tag":[],"class_list":{"0":"post-13097","1":"product","2":"type-product","3":"status-publish","4":"has-post-thumbnail","6":"product_cat-ocf-lichtformer","8":"first","9":"instock","10":"shipping-taxable","11":"purchasable","12":"product-type-simple"},"_links":{"self":[{"href":"https:\/\/palmaequipmentrental.com\/de\/wp-json\/wp\/v2\/product\/13097","targetHints":{"allow":["GET"]}}],"collection":[{"href":"https:\/\/palmaequipmentrental.com\/de\/wp-json\/wp\/v2\/product"}],"about":[{"href":"https:\/\/palmaequipmentrental.com\/de\/wp-json\/wp\/v2\/types\/product"}],"wp:featuredmedia":[{"embeddable":true,"href":"https:\/\/palmaequipmentrental.com\/de\/wp-json\/wp\/v2\/media\/13187"}],"wp:attachment":[{"href":"https:\/\/palmaequipmentrental.com\/de\/wp-json\/wp\/v2\/media?parent=13097"}],"wp:term":[{"taxonomy":"product_cat","embeddable":true,"href":"https:\/\/palmaequipmentrental.com\/de\/wp-json\/wp\/v2\/product_cat?post=13097"},{"taxonomy":"product_tag","embeddable":true,"href":"https:\/\/palmaequipmentrental.com\/de\/wp-json\/wp\/v2\/product_tag?post=13097"}],"curies":[{"name":"wp","href":"https:\/\/api.w.org\/{rel}","templated":true}]}}