{"id":13122,"date":"2023-05-25T11:22:35","date_gmt":"2023-05-25T11:22:35","guid":{"rendered":"https:\/\/www.palmaequipmentrental.com\/product\/8x8-double-net\/"},"modified":"2023-06-09T16:39:57","modified_gmt":"2023-06-09T16:39:57","slug":"8x8-double-net","status":"publish","type":"product","link":"https:\/\/palmaequipmentrental.com\/de\/photo-video-equipment-mallorca\/8x8-double-net\/","title":{"rendered":"8&#215;8 Scrim Double"},"content":{"rendered":"<p>Hier pr\u00e4sentieren wir unser 8&#215;8 Doppelnetz, das perfekte Werkzeug zur Kontrolle des Lichts, w\u00e4hrend das Muster und die Farbtemperatur unver\u00e4ndert bleiben. Dieser aufschiebbare Scrim reduziert das Licht um 1,2 Blendenstufen und erm\u00f6glicht es dir, die gew\u00fcnschte Beleuchtung f\u00fcr deine Foto- oder Videoproduktion zu erreichen.<\/p>\n<p>Die wichtigsten Merkmale unseres 8&#215;8 Doppelnetzes sind:<\/p>\n<ul>\n<li>Gr\u00f6\u00dfe: 8 Fu\u00df x 8 Fu\u00df.<\/li>\n<li>Doppel-Scrim: Reduziert das Licht effektiv, ohne das Muster oder die Farbtemperatur zu ver\u00e4ndern.<\/li>\n<li>Hochwertige Textilien: Unsere Netze bestehen aus erstklassigen Materialien, um Langlebigkeit und optimale Leistung zu gew\u00e4hrleisten.<\/li>\n<li>B\u00e4nder, \u00d6sen und Befestigungen: Jedes Netz ist mit B\u00e4ndern, \u00d6sen und Befestigungen an allen Seiten ausgestattet, was eine einfache Installation und sichere Befestigung erm\u00f6glicht.<\/li>\n<li>Elastische Ecken: Wir haben elastische B\u00e4nder an allen vier Ecken eingen\u00e4ht, um eine schnelle und problemlose Befestigung an unseren Rahmen zu erm\u00f6glichen.<\/li>\n<\/ul>\n<p>In unserem Vermietungsunternehmen verstehen wir die Bedeutung der Bereitstellung professioneller Ausr\u00fcstung, um deine kreativen Projekte zu verbessern. Mit unserem umfangreichen Sortiment an branchen\u00fcblicher Beleuchtungs-, Kamera- und Grip-Ausr\u00fcstung streben wir danach, flexiblen, effizienten und freundlichen Service f\u00fcr Produktionsfirmen und Fotografen anzubieten.<\/p>\n<p>Wir arbeiten mit f\u00fchrenden Marken wie Profoto, Arri, Manfrotto, Aputure und vielen weiteren zusammen, um sicherzustellen, dass unsere Ausr\u00fcstung h\u00f6chsten Qualit\u00e4ts- und Leistungsstandards entspricht. Mit unserem umfassenden Leistungsspektrum, einschlie\u00dflich Fahrzeugen f\u00fcr die Ausr\u00fcstung, Crew-Unterst\u00fctzung und technischem Support rund um die Uhr, sind wir bereit, deine Mode- und Werbekampagnen auf Mallorca, den Balearischen Inseln und dem spanischen Festland zu unterst\u00fctzen.<\/p>\n<p>Kontaktiere uns noch heute, um deine Vermietungsanforderungen zu besprechen, und erlebe die Bequemlichkeit und Zuverl\u00e4ssigkeit unserer professionellen fotografischen Ausr\u00fcstungsservices.<\/p>\n","protected":false},"excerpt":{"rendered":"<p>Hier pr\u00e4sentieren wir unser 8&#215;8 Doppelnetz, das perfekte Werkzeug zur Kontrolle des Lichts, w\u00e4hrend das Muster und die Farbtemperatur unver\u00e4ndert bleiben. Dieser aufschiebbare Scrim reduziert das Licht um 1,2 Blendenstufen und erm\u00f6glicht es dir, die gew\u00fcnschte Beleuchtung f\u00fcr deine Foto- oder Videoproduktion zu erreichen. Die wichtigsten Merkmale unseres 8&#215;8 Doppelnetzes sind: Gr\u00f6\u00dfe: 8 Fu\u00df x 8 Fu\u00df. Doppel-Scrim: Reduziert das [&hellip;]<\/p>\n","protected":false},"featured_media":13154,"template":"","meta":[],"product_cat":[818,825],"product_tag":[],"class_list":{"0":"post-13122","1":"product","2":"type-product","3":"status-publish","4":"has-post-thumbnail","6":"product_cat-8x8-butterfly-v-de","7":"product_cat-8x8-butterfly-de","9":"first","10":"instock","11":"shipping-taxable","12":"purchasable","13":"product-type-simple"},"_links":{"self":[{"href":"https:\/\/palmaequipmentrental.com\/de\/wp-json\/wp\/v2\/product\/13122","targetHints":{"allow":["GET"]}}],"collection":[{"href":"https:\/\/palmaequipmentrental.com\/de\/wp-json\/wp\/v2\/product"}],"about":[{"href":"https:\/\/palmaequipmentrental.com\/de\/wp-json\/wp\/v2\/types\/product"}],"wp:featuredmedia":[{"embeddable":true,"href":"https:\/\/palmaequipmentrental.com\/de\/wp-json\/wp\/v2\/media\/13154"}],"wp:attachment":[{"href":"https:\/\/palmaequipmentrental.com\/de\/wp-json\/wp\/v2\/media?parent=13122"}],"wp:term":[{"taxonomy":"product_cat","embeddable":true,"href":"https:\/\/palmaequipmentrental.com\/de\/wp-json\/wp\/v2\/product_cat?post=13122"},{"taxonomy":"product_tag","embeddable":true,"href":"https:\/\/palmaequipmentrental.com\/de\/wp-json\/wp\/v2\/product_tag?post=13122"}],"curies":[{"name":"wp","href":"https:\/\/api.w.org\/{rel}","templated":true}]}}