{"id":13318,"date":"2023-07-13T12:50:22","date_gmt":"2023-07-13T12:50:22","guid":{"rendered":"https:\/\/www.palmaequipmentrental.com\/?post_type=product&#038;p=13318"},"modified":"2025-06-13T13:46:36","modified_gmt":"2025-06-13T13:46:36","slug":"canon-ef-70-200mm-f-2-8l-is-ii-usm","status":"publish","type":"product","link":"https:\/\/palmaequipmentrental.com\/de\/photo-video-equipment-mallorca\/canon-ef-70-200mm-f-2-8l-is-ii-usm\/","title":{"rendered":"Canon EF 70-200mm f\/2.8L IS II USM"},"content":{"rendered":"<p><strong>Dieses Canon EF 70-200mm f\/2.8L IS II USM umfasst eine Objektivblende,\u00a0eine UV-Filter und eine\u00a0<\/strong><b>Schutztasche.<\/b><\/p>\n<p>Sehr guter Zustand!<\/p>\n<p>Ideales Objektiv f\u00fcr die Sport-, Tier- und Portr\u00e4tfotografie<\/p>\n<p>Das Canon-Objektiv EF\u00a070\u2013200\u00a0mm 1:2,8L\u00a0IS\u00a0II\u00a0USM ist ein leistungsstarkes Telezoomobjektiv f\u00fcr Profifotografen. Eine hochwertige Fluoritlinse, die besonders robuste Konstruktion und der optische Bildstabilisator f\u00fcr eine bis zu 4\u00a0Stufen l\u00e4ngere Verschlusszeit machen das Objektiv zur Empfehlung im professionellen Alltag.<\/p>\n<p><strong>Merkmale<\/strong><\/p>\n<ul>\n<li>Leistungsstarkes Teleobjektiv der L-Serie<\/li>\n<li>Hohe Lichtst\u00e4rke von 1:2,8 f\u00fcr exzellente Aufnahmen auch bei schlechten Lichtverh\u00e4ltnissen<\/li>\n<li>4-Stufen-Bildstabilisator<\/li>\n<li>Fluorit- und UD-Linsen<\/li>\n<li>Robuste Konstruktion<\/li>\n<li>Naheinstellgrenze von ca. 1,2\u00a0m<\/li>\n<li>Abdichtungen gegen Staub und Feuchtigkeit<\/li>\n<li>Blende mit 8\u00a0Lamellen<\/li>\n<li>Ring-USM-Autofokusmotor<\/li>\n<\/ul>\n","protected":false},"excerpt":{"rendered":"<p>Dieses Canon EF 70-200mm f\/2.8L IS II USM umfasst eine Objektivblende,\u00a0eine UV-Filter und eine\u00a0Schutztasche. Sehr guter Zustand! Ideales Objektiv f\u00fcr die Sport-, Tier- und Portr\u00e4tfotografie Das Canon-Objektiv EF\u00a070\u2013200\u00a0mm 1:2,8L\u00a0IS\u00a0II\u00a0USM ist ein leistungsstarkes Telezoomobjektiv f\u00fcr Profifotografen. Eine hochwertige Fluoritlinse, die besonders robuste Konstruktion und der optische Bildstabilisator f\u00fcr eine bis zu 4\u00a0Stufen l\u00e4ngere Verschlusszeit machen das Objektiv zur Empfehlung im professionellen [&hellip;]<\/p>\n","protected":false},"featured_media":9567,"template":"","meta":[],"product_cat":[738],"product_tag":[],"class_list":{"0":"post-13318","1":"product","2":"type-product","3":"status-publish","4":"has-post-thumbnail","6":"product_cat-second-hand-artikel","8":"first","9":"instock","10":"shipping-taxable","11":"purchasable","12":"product-type-simple"},"_links":{"self":[{"href":"https:\/\/palmaequipmentrental.com\/de\/wp-json\/wp\/v2\/product\/13318","targetHints":{"allow":["GET"]}}],"collection":[{"href":"https:\/\/palmaequipmentrental.com\/de\/wp-json\/wp\/v2\/product"}],"about":[{"href":"https:\/\/palmaequipmentrental.com\/de\/wp-json\/wp\/v2\/types\/product"}],"wp:featuredmedia":[{"embeddable":true,"href":"https:\/\/palmaequipmentrental.com\/de\/wp-json\/wp\/v2\/media\/9567"}],"wp:attachment":[{"href":"https:\/\/palmaequipmentrental.com\/de\/wp-json\/wp\/v2\/media?parent=13318"}],"wp:term":[{"taxonomy":"product_cat","embeddable":true,"href":"https:\/\/palmaequipmentrental.com\/de\/wp-json\/wp\/v2\/product_cat?post=13318"},{"taxonomy":"product_tag","embeddable":true,"href":"https:\/\/palmaequipmentrental.com\/de\/wp-json\/wp\/v2\/product_tag?post=13318"}],"curies":[{"name":"wp","href":"https:\/\/api.w.org\/{rel}","templated":true}]}}