{"id":13331,"date":"2023-07-13T13:14:46","date_gmt":"2023-07-13T13:14:46","guid":{"rendered":"https:\/\/www.palmaequipmentrental.com\/?post_type=product&#038;p=13331"},"modified":"2025-06-19T16:56:01","modified_gmt":"2025-06-19T16:56:01","slug":"pro-b1-500-air-ttl-2","status":"publish","type":"product","link":"https:\/\/palmaequipmentrental.com\/de\/photo-video-equipment-mallorca\/pro-b1-500-air-ttl-2\/","title":{"rendered":"Pro-B1 500 Air TTL"},"content":{"rendered":"<div class=\"pos-prodintrotext-wrapper\">\n<div class=\"pos-prodintrotext\">\n<p><strong>Dieses B1 Off-Camera-Blitzger\u00e4t enth\u00e4lt 1x Pro B1 Li-Ion-Akku und 1x Pro B1 Ladeger\u00e4t.<\/strong><\/p>\n<\/div>\n<p>Der Profoto B1 ist ideal f\u00fcr die On-Location-Fotografie geeignet und setzt bei den kabellosen, akkubetriebenen Kompaktblitzen erneut Ma\u00dfst\u00e4be. Mit TTL und HSS ist optimale Lichtgestaltung im On-Location-Bereich garantiert \u2013 unabh\u00e4ngig davon, wo Sie fotografieren.<\/p>\n<p>Der B1 ist kein Stubenhocker. Er richtet sich an abenteuerlustige Fotografen, die gerne mitten im Geschehen sind. Der tragbare B1 ist kabellos und akkubetrieben f\u00fcr gr\u00f6\u00dftm\u00f6gliche Bewegungsfreiheit und Flexibilit\u00e4t. Mit dem speziellen System an extrem leichten OCF-Lichtformern, die auf hohe Mobilit\u00e4t und einfache Bedienung ausgelegt sind, macht Ihnen der B1 die Lichtgestaltung leicht, wo immer Sie auch unterwegs sind.<\/p>\n<p>Mit seinem automatischen TTL-Modus gl\u00e4nzt er vor allem unter schwierigen Lichtverh\u00e4ltnissen. HSS sorgt daf\u00fcr, dass Sie auch am helllichten Tag die Kontrolle \u00fcber Ihre Lichtgestaltung behalten. Und dank des schnellen Aufbaus haben Sie mehr Zeit, beeindruckende Bilder zu kreieren. Lassen Sie Ihrer Fantasie freien Lauf, ohne l\u00e4stige Kabel.<\/p>\n<\/div>\n<p>&nbsp;<\/p>\n<p>&nbsp;<\/p>\n<p>&nbsp;<\/p>\n<p>&nbsp;<\/p>\n<p>&nbsp;<\/p>\n<p>&nbsp;<\/p>\n<p>&nbsp;<\/p>\n<p>&nbsp;<\/p>\n<p>&nbsp;<\/p>\n<p>&nbsp;<\/p>\n<p class=\"MsoNormal\"><span style=\"line-height: normal;\">\u00a0<\/span><\/p>\n<div><\/div>\n<p class=\"MsoNormal\" style=\"mso-margin-top-alt: auto; mso-margin-bottom-alt: auto; line-height: normal;\"><span style=\"font-family: Tahoma, sans-serif; color: #a6a6a6;\">\u00a0<\/span><\/p>\n<p>&nbsp;<\/p>\n","protected":false},"excerpt":{"rendered":"<p>Dieses B1 Off-Camera-Blitzger\u00e4t enth\u00e4lt 1x Pro B1 Li-Ion-Akku und 1x Pro B1 Ladeger\u00e4t. Der Profoto B1 ist ideal f\u00fcr die On-Location-Fotografie geeignet und setzt bei den kabellosen, akkubetriebenen Kompaktblitzen erneut Ma\u00dfst\u00e4be. Mit TTL und HSS ist optimale Lichtgestaltung im On-Location-Bereich garantiert \u2013 unabh\u00e4ngig davon, wo Sie fotografieren. Der B1 ist kein Stubenhocker. Er richtet sich an abenteuerlustige Fotografen, die gerne [&hellip;]<\/p>\n","protected":false},"featured_media":5447,"template":"","meta":[],"product_cat":[738],"product_tag":[],"class_list":{"0":"post-13331","1":"product","2":"type-product","3":"status-publish","4":"has-post-thumbnail","6":"product_cat-second-hand-artikel","8":"first","9":"instock","10":"shipping-taxable","11":"purchasable","12":"product-type-simple"},"_links":{"self":[{"href":"https:\/\/palmaequipmentrental.com\/de\/wp-json\/wp\/v2\/product\/13331","targetHints":{"allow":["GET"]}}],"collection":[{"href":"https:\/\/palmaequipmentrental.com\/de\/wp-json\/wp\/v2\/product"}],"about":[{"href":"https:\/\/palmaequipmentrental.com\/de\/wp-json\/wp\/v2\/types\/product"}],"wp:featuredmedia":[{"embeddable":true,"href":"https:\/\/palmaequipmentrental.com\/de\/wp-json\/wp\/v2\/media\/5447"}],"wp:attachment":[{"href":"https:\/\/palmaequipmentrental.com\/de\/wp-json\/wp\/v2\/media?parent=13331"}],"wp:term":[{"taxonomy":"product_cat","embeddable":true,"href":"https:\/\/palmaequipmentrental.com\/de\/wp-json\/wp\/v2\/product_cat?post=13331"},{"taxonomy":"product_tag","embeddable":true,"href":"https:\/\/palmaequipmentrental.com\/de\/wp-json\/wp\/v2\/product_tag?post=13331"}],"curies":[{"name":"wp","href":"https:\/\/api.w.org\/{rel}","templated":true}]}}