{"id":13334,"date":"2023-07-13T13:21:21","date_gmt":"2023-07-13T13:21:22","guid":{"rendered":"https:\/\/www.palmaequipmentrental.com\/?post_type=product&#038;p=13334"},"modified":"2025-06-13T13:51:13","modified_gmt":"2025-06-13T13:51:13","slug":"canon-eos-5d-mk-iii","status":"publish","type":"product","link":"https:\/\/palmaequipmentrental.com\/de\/photo-video-equipment-mallorca\/canon-eos-5d-mk-iii\/","title":{"rendered":"Canon EOS 5D Mk III"},"content":{"rendered":"<p><strong>Diese Canon EOS 5D Mark III enth\u00e4lt 1x LP-E6 Batterie, 1x LC-E6 Batterieladeger\u00e4t und BG-E11 Batteriegriff.<\/strong><\/p>\n<p><strong>Ausl\u00f6sungen = 403830<\/strong><\/p>\n<p>Die EOS 5D Mark III ist eine 22,3 MP Vollformat-DSLR mit 61-Punkt-AF und Reihenaufnahmen mit bis zu 6 B\/s. Hochwertige Full-HD-Videos mit manueller Steuerung von der Bildrate bis zum Ton.<\/p>\n<h3>Merkmale<\/h3>\n<ul class=\"bullets red\">\n<li>Vollformat-CMOS-Sensor mit 22,3\u00a0MP<\/li>\n<li>61-Punkt-AF<\/li>\n<li>Reihenaufnahmen mit bis zu 6 B\/s<\/li>\n<li>ISO-Empfindlichkeit 100-25.600, erweiterbar auf ISO 50-102.400<\/li>\n<li>Full-HD-Videos mit manueller Steuerung<\/li>\n<li>HDMI-Ausgang f\u00fcr unkomprimiertes 4.2.2 Full-HD Videosignal mit 8-Bit<\/li>\n<li>14-Bit DIGIC 5+ Prozessor<\/li>\n<li>Schutz gegen Umwelteinfl\u00fcsse<\/li>\n<li>8,11 cm (3,2 Zoll) LCD, ca. 1.040.000 Bildpunkte<\/li>\n<li>HDR-Modus<\/li>\n<\/ul>\n<p>&nbsp;<\/p>\n","protected":false},"excerpt":{"rendered":"<p>Diese Canon EOS 5D Mark III enth\u00e4lt 1x LP-E6 Batterie, 1x LC-E6 Batterieladeger\u00e4t und BG-E11 Batteriegriff. Ausl\u00f6sungen = 403830 Die EOS 5D Mark III ist eine 22,3 MP Vollformat-DSLR mit 61-Punkt-AF und Reihenaufnahmen mit bis zu 6 B\/s. Hochwertige Full-HD-Videos mit manueller Steuerung von der Bildrate bis zum Ton. Merkmale Vollformat-CMOS-Sensor mit 22,3\u00a0MP 61-Punkt-AF Reihenaufnahmen mit bis zu 6 B\/s [&hellip;]<\/p>\n","protected":false},"featured_media":9471,"template":"","meta":[],"product_cat":[738],"product_tag":[],"class_list":{"0":"post-13334","1":"product","2":"type-product","3":"status-publish","4":"has-post-thumbnail","6":"product_cat-second-hand-artikel","8":"first","9":"instock","10":"shipping-taxable","11":"purchasable","12":"product-type-simple"},"_links":{"self":[{"href":"https:\/\/palmaequipmentrental.com\/de\/wp-json\/wp\/v2\/product\/13334","targetHints":{"allow":["GET"]}}],"collection":[{"href":"https:\/\/palmaequipmentrental.com\/de\/wp-json\/wp\/v2\/product"}],"about":[{"href":"https:\/\/palmaequipmentrental.com\/de\/wp-json\/wp\/v2\/types\/product"}],"wp:featuredmedia":[{"embeddable":true,"href":"https:\/\/palmaequipmentrental.com\/de\/wp-json\/wp\/v2\/media\/9471"}],"wp:attachment":[{"href":"https:\/\/palmaequipmentrental.com\/de\/wp-json\/wp\/v2\/media?parent=13334"}],"wp:term":[{"taxonomy":"product_cat","embeddable":true,"href":"https:\/\/palmaequipmentrental.com\/de\/wp-json\/wp\/v2\/product_cat?post=13334"},{"taxonomy":"product_tag","embeddable":true,"href":"https:\/\/palmaequipmentrental.com\/de\/wp-json\/wp\/v2\/product_tag?post=13334"}],"curies":[{"name":"wp","href":"https:\/\/api.w.org\/{rel}","templated":true}]}}