{"id":13413,"date":"2023-09-11T14:34:21","date_gmt":"2023-09-11T14:34:21","guid":{"rendered":"https:\/\/www.palmaequipmentrental.com\/product\/pro-a1x-bounce-card-2\/"},"modified":"2023-10-11T17:39:14","modified_gmt":"2023-10-11T17:39:14","slug":"pro-a1x-bounce-card-2","status":"publish","type":"product","link":"https:\/\/palmaequipmentrental.com\/de\/photo-video-equipment-mallorca\/pro-a1x-bounce-card-2\/","title":{"rendered":"Profoto Bounce Card"},"content":{"rendered":"<p>\u00c4hnlich wie mit dem Clic Dome k\u00f6nnen Sie mit der Bounce Card f\u00fcr den A10, A1X und A1 das Blitzlicht reflektieren und gleichzeitig einen Teil des Lichts als F\u00fclllicht auf das Motiv lenken. Dadurch entsteht weiches Licht, das ein wenig st\u00e4rker gerichtet ist.<\/p>\n<p>Die Bounce Card wird in einem Mikrofaserbeutel geliefert und l\u00e4sst sich dank der magnetischen Halterung einfach anbringen und auch wieder entfernen. Sie ist zudem stapelbar, sodass sie zusammen mit anderen Lichtformern f\u00fcr den A10, A1X und A1 genutzt werden kann. Damit erweitern sich Ihre kreativen M\u00f6glichkeiten bei der Lichtgestaltung.<\/p>\n<p><strong>Eigenschaften<\/strong><\/p>\n<ul>\n<li>Sorgt f\u00fcr einen st\u00e4rker gerichteten Look, wenn Sie das reflektierte Licht des A10, A1X und A1 nutzen.<\/li>\n<li>L\u00e4sst sich einfach an der magnetischen Halterung des A10, A1X und A1 anbringen und wieder entfernen.<\/li>\n<li>Kann zusammen mit anderen A10-, A1X- und A1-Lichtformern verwendet werden.<\/li>\n<li>Leicht und mobil.<\/li>\n<\/ul>\n","protected":false},"excerpt":{"rendered":"<p>\u00c4hnlich wie mit dem Clic Dome k\u00f6nnen Sie mit der Bounce Card f\u00fcr den A10, A1X und A1 das Blitzlicht reflektieren und gleichzeitig einen Teil des Lichts als F\u00fclllicht auf das Motiv lenken. Dadurch entsteht weiches Licht, das ein wenig st\u00e4rker gerichtet ist. Die Bounce Card wird in einem Mikrofaserbeutel geliefert und l\u00e4sst sich dank der magnetischen Halterung einfach anbringen [&hellip;]<\/p>\n","protected":false},"featured_media":9212,"template":"","meta":[],"product_cat":[788],"product_tag":[],"class_list":{"0":"post-13413","1":"product","2":"type-product","3":"status-publish","4":"has-post-thumbnail","6":"product_cat-click-lichtformer","8":"first","9":"instock","10":"shipping-taxable","11":"purchasable","12":"product-type-simple"},"_links":{"self":[{"href":"https:\/\/palmaequipmentrental.com\/de\/wp-json\/wp\/v2\/product\/13413","targetHints":{"allow":["GET"]}}],"collection":[{"href":"https:\/\/palmaequipmentrental.com\/de\/wp-json\/wp\/v2\/product"}],"about":[{"href":"https:\/\/palmaequipmentrental.com\/de\/wp-json\/wp\/v2\/types\/product"}],"wp:featuredmedia":[{"embeddable":true,"href":"https:\/\/palmaequipmentrental.com\/de\/wp-json\/wp\/v2\/media\/9212"}],"wp:attachment":[{"href":"https:\/\/palmaequipmentrental.com\/de\/wp-json\/wp\/v2\/media?parent=13413"}],"wp:term":[{"taxonomy":"product_cat","embeddable":true,"href":"https:\/\/palmaequipmentrental.com\/de\/wp-json\/wp\/v2\/product_cat?post=13413"},{"taxonomy":"product_tag","embeddable":true,"href":"https:\/\/palmaequipmentrental.com\/de\/wp-json\/wp\/v2\/product_tag?post=13413"}],"curies":[{"name":"wp","href":"https:\/\/api.w.org\/{rel}","templated":true}]}}