{"id":13417,"date":"2023-09-11T14:42:43","date_gmt":"2023-09-11T14:42:43","guid":{"rendered":"https:\/\/www.palmaequipmentrental.com\/product\/pro-a1x-dome-diffusor-2\/"},"modified":"2024-01-14T15:05:42","modified_gmt":"2024-01-14T15:05:42","slug":"pro-a1x-dome-diffusor-2","status":"publish","type":"product","link":"https:\/\/palmaequipmentrental.com\/de\/photo-video-equipment-mallorca\/pro-a1x-dome-diffusor-2\/","title":{"rendered":"Profoto Clic Dome"},"content":{"rendered":"<p>Erst die Lichtgestaltung l\u00e4sst fantastische Bilder entstehen, und die Profoto Clic-Lichtformer bieten hier viele kreative M\u00f6glichkeiten f\u00fcr den Profoto C1 Plus, A1X und A1. Jeder Lichtformer hat eine ganz eigene Wirkung auf das Licht.<\/p>\n<p>Der Clic Dome streut das Licht f\u00fcr einen weichen und klareren Look. Er erzeugt einen sehr sanften und nat\u00fcrlichen Lichtabfall.<\/p>\n<p>Der Clic Dome l\u00e4sst sich schnell und einfach an der Magnethalterung der Blitze anbringen und wieder entfernen. Er ist mit kompatiblen Lichtformern stapelbar und er\u00f6ffnet dadurch unbegrenzte kreative M\u00f6glichkeiten.<\/p>\n<p><strong>Eigenschaften<\/strong><\/p>\n<ul>\n<li>Sanfter und nat\u00fcrlicher Lichtabfall<\/li>\n<li>Einfaches Anbringen an der magnetischen Halterung<\/li>\n<li>Mit kompatiblen Lichtformern stapelbar<\/li>\n<\/ul>\n","protected":false},"excerpt":{"rendered":"<p>Erst die Lichtgestaltung l\u00e4sst fantastische Bilder entstehen, und die Profoto Clic-Lichtformer bieten hier viele kreative M\u00f6glichkeiten f\u00fcr den Profoto C1 Plus, A1X und A1. Jeder Lichtformer hat eine ganz eigene Wirkung auf das Licht. Der Clic Dome streut das Licht f\u00fcr einen weichen und klareren Look. Er erzeugt einen sehr sanften und nat\u00fcrlichen Lichtabfall. Der Clic Dome l\u00e4sst sich schnell [&hellip;]<\/p>\n","protected":false},"featured_media":6659,"template":"","meta":[],"product_cat":[788],"product_tag":[],"class_list":{"0":"post-13417","1":"product","2":"type-product","3":"status-publish","4":"has-post-thumbnail","6":"product_cat-click-lichtformer","8":"first","9":"instock","10":"shipping-taxable","11":"purchasable","12":"product-type-simple"},"_links":{"self":[{"href":"https:\/\/palmaequipmentrental.com\/de\/wp-json\/wp\/v2\/product\/13417","targetHints":{"allow":["GET"]}}],"collection":[{"href":"https:\/\/palmaequipmentrental.com\/de\/wp-json\/wp\/v2\/product"}],"about":[{"href":"https:\/\/palmaequipmentrental.com\/de\/wp-json\/wp\/v2\/types\/product"}],"wp:featuredmedia":[{"embeddable":true,"href":"https:\/\/palmaequipmentrental.com\/de\/wp-json\/wp\/v2\/media\/6659"}],"wp:attachment":[{"href":"https:\/\/palmaequipmentrental.com\/de\/wp-json\/wp\/v2\/media?parent=13417"}],"wp:term":[{"taxonomy":"product_cat","embeddable":true,"href":"https:\/\/palmaequipmentrental.com\/de\/wp-json\/wp\/v2\/product_cat?post=13417"},{"taxonomy":"product_tag","embeddable":true,"href":"https:\/\/palmaequipmentrental.com\/de\/wp-json\/wp\/v2\/product_tag?post=13417"}],"curies":[{"name":"wp","href":"https:\/\/api.w.org\/{rel}","templated":true}]}}