{"id":13470,"date":"2023-10-03T14:46:07","date_gmt":"2023-10-03T14:46:07","guid":{"rendered":"https:\/\/www.palmaequipmentrental.com\/product\/the-lightbridge-c-diff-50x50-reflector-kit\/"},"modified":"2023-10-03T15:06:28","modified_gmt":"2023-10-03T15:06:28","slug":"the-lightbridge-c-diff-50x50-reflector-kit","status":"publish","type":"product","link":"https:\/\/palmaequipmentrental.com\/de\/photo-video-equipment-mallorca\/the-lightbridge-c-diff-50x50-reflector-kit\/","title":{"rendered":"Das LightBridge 50\u00d750 Reflektor-Kit"},"content":{"rendered":"<p>Mieten Sie das LightBridge CRLS C-DIFF50 Reflektor-Set (DiFF 1-4) 50x50cm \u2013 Ihre L\u00f6sung f\u00fcr perfekte Lichtkontrolle in der Welt der professionellen Fotografie und Videografie.<\/p>\n<p>Dieses umfassende Kit enth\u00e4lt:<\/p>\n<ul>\n<li>Reflektierende Oberfl\u00e4chengr\u00f6\u00dfe: 50x50cm<\/li>\n<li>Vielseitige Diffusion: DiFF 1-4 Optionen f\u00fcr ma\u00dfgeschneiderte Lichteffekte<\/li>\n<li>Premium-Qualit\u00e4t: Hergestellt f\u00fcr Langlebigkeit und optimale Lichtdiffusion<\/li>\n<li>Einfache Anpassung: Mitgelieferte c-R\u00e4der und c-Spindelklemmen f\u00fcr m\u00fchelose Positionierung<\/li>\n<\/ul>\n<p>Kreative Freiheit: Erzielen Sie die perfekte Lichtatmosph\u00e4re f\u00fcr Mode- und Werbekampagnen.<\/p>\n<p>Erheben Sie Ihre visuelle Erz\u00e4hlkunst mit dem LightBridge CRLS C-DIFF50 Reflektor-Set, das von Branchenprofis vertraut wird. Mieten Sie diese essenzielle Ausr\u00fcstung von unserem Standort in Palma de Mallorca, der die Balearischen Inseln und das spanische Festland bedient. Profitieren Sie von unseren flexiblen, freundlichen und effizienten Dienstleistungen, einschlie\u00dflich technischem Support rund um die Uhr. Wir f\u00fchren eine breite Palette von Branchenstandards wie Profoto, Arri und vieles mehr, um Ihre kreative Vision zu st\u00e4rken. W\u00e4hlen Sie uns f\u00fcr all Ihre fotografischen und produktionstechnischen Bed\u00fcrfnisse.<\/p>\n","protected":false},"excerpt":{"rendered":"<p>Mieten Sie das LightBridge CRLS C-DIFF50 Reflektor-Set (DiFF 1-4) 50x50cm \u2013 Ihre L\u00f6sung f\u00fcr perfekte Lichtkontrolle in der Welt der professionellen Fotografie und Videografie. Dieses umfassende Kit enth\u00e4lt: Reflektierende Oberfl\u00e4chengr\u00f6\u00dfe: 50x50cm Vielseitige Diffusion: DiFF 1-4 Optionen f\u00fcr ma\u00dfgeschneiderte Lichteffekte Premium-Qualit\u00e4t: Hergestellt f\u00fcr Langlebigkeit und optimale Lichtdiffusion Einfache Anpassung: Mitgelieferte c-R\u00e4der und c-Spindelklemmen f\u00fcr m\u00fchelose Positionierung Kreative Freiheit: Erzielen Sie die [&hellip;]<\/p>\n","protected":false},"featured_media":13467,"template":"","meta":[],"product_cat":[725,164],"product_tag":[],"class_list":{"0":"post-13470","1":"product","2":"type-product","3":"status-publish","4":"has-post-thumbnail","6":"product_cat-reflektoren-de-2","7":"product_cat-reflektoren-de","9":"first","10":"instock","11":"shipping-taxable","12":"purchasable","13":"product-type-simple"},"_links":{"self":[{"href":"https:\/\/palmaequipmentrental.com\/de\/wp-json\/wp\/v2\/product\/13470","targetHints":{"allow":["GET"]}}],"collection":[{"href":"https:\/\/palmaequipmentrental.com\/de\/wp-json\/wp\/v2\/product"}],"about":[{"href":"https:\/\/palmaequipmentrental.com\/de\/wp-json\/wp\/v2\/types\/product"}],"wp:featuredmedia":[{"embeddable":true,"href":"https:\/\/palmaequipmentrental.com\/de\/wp-json\/wp\/v2\/media\/13467"}],"wp:attachment":[{"href":"https:\/\/palmaequipmentrental.com\/de\/wp-json\/wp\/v2\/media?parent=13470"}],"wp:term":[{"taxonomy":"product_cat","embeddable":true,"href":"https:\/\/palmaequipmentrental.com\/de\/wp-json\/wp\/v2\/product_cat?post=13470"},{"taxonomy":"product_tag","embeddable":true,"href":"https:\/\/palmaequipmentrental.com\/de\/wp-json\/wp\/v2\/product_tag?post=13470"}],"curies":[{"name":"wp","href":"https:\/\/api.w.org\/{rel}","templated":true}]}}