{"id":13488,"date":"2023-10-04T16:17:34","date_gmt":"2023-10-04T16:17:34","guid":{"rendered":"https:\/\/www.palmaequipmentrental.com\/product\/apurture-18-leaf-iris\/"},"modified":"2023-10-25T13:43:34","modified_gmt":"2023-10-25T13:43:34","slug":"apurture-18-leaf-iris","status":"publish","type":"product","link":"https:\/\/palmaequipmentrental.com\/de\/photo-video-equipment-mallorca\/apurture-18-leaf-iris\/","title":{"rendered":"Aputure 18 Leaf Iris"},"content":{"rendered":"<div class=\"group w-full text-token-text-primary border-b border-black\/10 gizmo:border-0 dark:border-gray-900\/50 gizmo:dark:border-0 bg-gray-50 gizmo:bg-transparent dark:bg-[#444654] gizmo:dark:bg-transparent\" data-testid=\"conversation-turn-9\">\n<div class=\"p-4 justify-center text-base md:gap-6 md:py-6 m-auto\">\n<div class=\"flex flex-1 gap-4 text-base mx-auto md:gap-6 gizmo:gap-3 gizmo:md:px-5 gizmo:lg:px-1 gizmo:xl:px-5 md:max-w-2xl lg:max-w-[38rem] gizmo:md:max-w-3xl gizmo:lg:max-w-[40rem] gizmo:xl:max-w-[48rem] xl:max-w-3xl }\">\n<div class=\"relative flex w-[calc(100%-50px)] flex-col gap-1 gizmo:w-full md:gap-3 lg:w-[calc(100%-115px)] agent-turn\">\n<div class=\"flex flex-grow flex-col gap-3 max-w-full\">\n<div class=\"min-h-[20px] flex flex-col items-start gap-3 whitespace-pre-wrap break-words overflow-x-auto\">\n<div class=\"markdown prose w-full break-words dark:prose-invert light\">\n<p>Wir pr\u00e4sentieren den Aputure 18 Leaf Iris, ein bahnbrechendes Zubeh\u00f6rteil, das speziell f\u00fcr das Aputure Spotlight Mount-System entwickelt wurde. Hergestellt aus leichter, aber strapazierf\u00e4higer Aluminiumlegierung, erm\u00f6glicht Ihnen dieses vielseitige Werkzeug eine beispiellose Kontrolle \u00fcber Ihre Beleuchtungseinrichtung.<\/p>\n<p>Hauptmerkmale:<\/p>\n<ul>\n<li>Pr\u00e4zisionsgefertigt f\u00fcr das Aputure Spotlight Mount.<\/li>\n<li>18-Lamellen-Design f\u00fcr pr\u00e4zise Steuerung von Lichtstrahlgr\u00f6\u00dfe und -form.<\/li>\n<li>Einfach einstellbar innerhalb des Spotlight-Geh\u00e4uses.<\/li>\n<li>Passen Sie den Durchmesser des Beleuchtungskreises des Spotlights genau an Ihre Bed\u00fcrfnisse an.<\/li>\n<li>Leichte, aber robuste Aluminiumlegierungskonstruktion.<\/li>\n<\/ul>\n<p>Bei Palma Equipment Rental sind wir bestrebt, erstklassige fotografische und videografische Ausr\u00fcstung anzubieten, einschlie\u00dflich des Aputure 18 Leaf Iris, um Ihre kreativen Projekte zu optimieren. Als f\u00fchrendes Vermietungsunternehmen in Palma de Mallorca bieten wir Flexibilit\u00e4t, Effizienz und rund um die Uhr technischen Support, um sicherzustellen, dass Ihre Produktionen auf den Balearen und dar\u00fcber hinaus gl\u00e4nzen. Arbeiten Sie mit uns zusammen und erleben Sie professionelle Exzellenz.<\/p>\n<\/div>\n<\/div>\n<\/div>\n<\/div>\n<\/div>\n<\/div>\n<\/div>\n","protected":false},"excerpt":{"rendered":"<p>Wir pr\u00e4sentieren den Aputure 18 Leaf Iris, ein bahnbrechendes Zubeh\u00f6rteil, das speziell f\u00fcr das Aputure Spotlight Mount-System entwickelt wurde. Hergestellt aus leichter, aber strapazierf\u00e4higer Aluminiumlegierung, erm\u00f6glicht Ihnen dieses vielseitige Werkzeug eine beispiellose Kontrolle \u00fcber Ihre Beleuchtungseinrichtung. Hauptmerkmale: Pr\u00e4zisionsgefertigt f\u00fcr das Aputure Spotlight Mount. 18-Lamellen-Design f\u00fcr pr\u00e4zise Steuerung von Lichtstrahlgr\u00f6\u00dfe und -form. Einfach einstellbar innerhalb des Spotlight-Geh\u00e4uses. Passen Sie den Durchmesser [&hellip;]<\/p>\n","protected":false},"featured_media":13485,"template":"","meta":[],"product_cat":[773,775],"product_tag":[],"class_list":{"0":"post-13488","1":"product","2":"type-product","3":"status-publish","4":"has-post-thumbnail","6":"product_cat-aputure-lichtformer-v","7":"product_cat-aputure-lichtformer","9":"first","10":"instock","11":"shipping-taxable","12":"purchasable","13":"product-type-simple"},"_links":{"self":[{"href":"https:\/\/palmaequipmentrental.com\/de\/wp-json\/wp\/v2\/product\/13488","targetHints":{"allow":["GET"]}}],"collection":[{"href":"https:\/\/palmaequipmentrental.com\/de\/wp-json\/wp\/v2\/product"}],"about":[{"href":"https:\/\/palmaequipmentrental.com\/de\/wp-json\/wp\/v2\/types\/product"}],"wp:featuredmedia":[{"embeddable":true,"href":"https:\/\/palmaequipmentrental.com\/de\/wp-json\/wp\/v2\/media\/13485"}],"wp:attachment":[{"href":"https:\/\/palmaequipmentrental.com\/de\/wp-json\/wp\/v2\/media?parent=13488"}],"wp:term":[{"taxonomy":"product_cat","embeddable":true,"href":"https:\/\/palmaequipmentrental.com\/de\/wp-json\/wp\/v2\/product_cat?post=13488"},{"taxonomy":"product_tag","embeddable":true,"href":"https:\/\/palmaequipmentrental.com\/de\/wp-json\/wp\/v2\/product_tag?post=13488"}],"curies":[{"name":"wp","href":"https:\/\/api.w.org\/{rel}","templated":true}]}}