{"id":13516,"date":"2023-10-06T13:45:08","date_gmt":"2023-10-06T13:48:18","guid":{"rendered":"https:\/\/www.palmaequipmentrental.com\/?post_type=product&#038;p=13516"},"modified":"2023-10-06T13:49:29","modified_gmt":"2023-10-06T13:49:29","slug":"glimmerglass-82mm-1-2","status":"publish","type":"product","link":"https:\/\/palmaequipmentrental.com\/de\/photo-video-equipment-mallorca\/glimmerglass-82mm-1-2\/","title":{"rendered":"Glimmerglass 82mm 1\/2"},"content":{"rendered":"<p>Steigere deine kreative Vision mit dem Glimmerglass 82mm 1\/2 Filter, einem unverzichtbaren Werkzeug im Arsenal professioneller Fotografen und Filmemacher.<\/p>\n<p><strong>Technische Spezifikationen:<\/strong><\/p>\n<ul>\n<li>Gr\u00f6\u00dfe: 82 mm<\/li>\n<li>Filtertyp: Glimmerglass 1\/2<\/li>\n<li>Entwickelt f\u00fcr subtile, aber fesselnde Weichzeichnungseffekte<\/li>\n<li>Ideal f\u00fcr Mode- und Werbefotografie<\/li>\n<li>Pr\u00e4zisionsgefertigt f\u00fcr au\u00dfergew\u00f6hnliche Bildverbesserung<\/li>\n<\/ul>\n<p>Bei Palma Equipment Rental sind wir Ihr vertrauensw\u00fcrdiger Partner f\u00fcr die professionelle Vermietung von fotografischer Ausr\u00fcstung. Mit Sitz in Palma de Mallorca, Spanien, bieten wir eine umfangreiche Auswahl an branchen\u00fcblicher Ausr\u00fcstung, einschlie\u00dflich des Glimmerglass 82mm 1\/2 Filters. Mit unserem flexiblen, effizienten und freundlichen Service sowie 24\/7 technischem Support erm\u00f6glichen wir es Ihnen, Ihre kreativen Visionen zum Leben zu erwecken, sei es auf den Balearen, auf dem spanischen Festland oder dar\u00fcber hinaus. Entdecken Sie die endlosen M\u00f6glichkeiten Ihres Handwerks mit uns.<\/p>\n","protected":false},"excerpt":{"rendered":"<p>Steigere deine kreative Vision mit dem Glimmerglass 82mm 1\/2 Filter, einem unverzichtbaren Werkzeug im Arsenal professioneller Fotografen und Filmemacher. Technische Spezifikationen: Gr\u00f6\u00dfe: 82 mm Filtertyp: Glimmerglass 1\/2 Entwickelt f\u00fcr subtile, aber fesselnde Weichzeichnungseffekte Ideal f\u00fcr Mode- und Werbefotografie Pr\u00e4zisionsgefertigt f\u00fcr au\u00dfergew\u00f6hnliche Bildverbesserung Bei Palma Equipment Rental sind wir Ihr vertrauensw\u00fcrdiger Partner f\u00fcr die professionelle Vermietung von fotografischer Ausr\u00fcstung. Mit Sitz [&hellip;]<\/p>\n","protected":false},"featured_media":13513,"template":"","meta":[],"product_cat":[404,445],"product_tag":[],"class_list":{"0":"post-13516","1":"product","2":"type-product","3":"status-publish","4":"has-post-thumbnail","6":"product_cat-filter","7":"product_cat-filter-adapter-ringe","9":"first","10":"instock","11":"shipping-taxable","12":"purchasable","13":"product-type-simple"},"_links":{"self":[{"href":"https:\/\/palmaequipmentrental.com\/de\/wp-json\/wp\/v2\/product\/13516","targetHints":{"allow":["GET"]}}],"collection":[{"href":"https:\/\/palmaequipmentrental.com\/de\/wp-json\/wp\/v2\/product"}],"about":[{"href":"https:\/\/palmaequipmentrental.com\/de\/wp-json\/wp\/v2\/types\/product"}],"wp:featuredmedia":[{"embeddable":true,"href":"https:\/\/palmaequipmentrental.com\/de\/wp-json\/wp\/v2\/media\/13513"}],"wp:attachment":[{"href":"https:\/\/palmaequipmentrental.com\/de\/wp-json\/wp\/v2\/media?parent=13516"}],"wp:term":[{"taxonomy":"product_cat","embeddable":true,"href":"https:\/\/palmaequipmentrental.com\/de\/wp-json\/wp\/v2\/product_cat?post=13516"},{"taxonomy":"product_tag","embeddable":true,"href":"https:\/\/palmaequipmentrental.com\/de\/wp-json\/wp\/v2\/product_tag?post=13516"}],"curies":[{"name":"wp","href":"https:\/\/api.w.org\/{rel}","templated":true}]}}