{"id":13526,"date":"2023-10-09T13:10:45","date_gmt":"2023-10-09T13:16:00","guid":{"rendered":"https:\/\/www.palmaequipmentrental.com\/?post_type=product&#038;p=13526"},"modified":"2023-10-09T13:46:39","modified_gmt":"2023-10-09T13:46:39","slug":"profoto-a10-fuer-fujifilm","status":"publish","type":"product","link":"https:\/\/palmaequipmentrental.com\/de\/photo-video-equipment-mallorca\/profoto-a10-fuer-fujifilm\/","title":{"rendered":"Profoto A10 Fuji"},"content":{"rendered":"<p>Erreichen Sie fotografische Exzellenz mit dem Profoto A10 f\u00fcr Fujifilm \u2013 Ihr ultimatives Werkzeug f\u00fcr professionelle Fotografie.<\/p>\n<p><strong>Technische Spezifikationen:<\/strong><\/p>\n<ul>\n<li>Kompatibilit\u00e4t: Fujifilm<\/li>\n<li>Leistung: 76 Ws<\/li>\n<li>Rundkopfdesign f\u00fcr nat\u00fcrliches Licht mit sanftem Verlauf<\/li>\n<li>Kompatibilit\u00e4t mit Profoto Clic Magnet-Modellierungswerkzeugen<\/li>\n<li>Nahtlose Kompatibilit\u00e4t mit Profoto Air, AirTTL und Connect Ausl\u00f6sern<\/li>\n<li>Intelligente Konnektivit\u00e4t \u00fcber die Profoto iOS App<\/li>\n<li>Integrierte Bluetooth AirX-Technologie f\u00fcr die Kompatibilit\u00e4t mit mobilen Kameras<\/li>\n<li>Intuitive Benutzeroberfl\u00e4che mit gro\u00dfem, hochaufl\u00f6sendem Bildschirm<\/li>\n<li>Schnelle Blitz-Wiederaufladung f\u00fcr Effizienz<\/li>\n<li>Hochkapazitiver, wiederaufladbarer und austauschbarer Lithium-Ionen-Akku<\/li>\n<li>Vielseitiger Blitzkopf mit 90\u00b0 Neigung und 360\u00b0 Drehung<\/li>\n<li>AF-Assistenz mit Laser und LED-Modellierungslampe<\/li>\n<li>Automatischer oder manueller Zoom f\u00fcr Blitz und Modellierungslampe<\/li>\n<li>Optionale Hot-Shoe-Versionen f\u00fcr Canon, Nikon, Sony und Fujifilm Kameras<\/li>\n<\/ul>\n<p>In unserem Mietzentrum in Palma de Mallorca bieten wir branchen\u00fcbliche Ausr\u00fcstung und Unterst\u00fctzung f\u00fcr Fotografen und Produktionsunternehmen in ganz Spanien, einschlie\u00dflich der Balearischen Inseln Menorca, Ibiza und Formentera. Von Top-Ger\u00e4ten wie dem Profoto A10 bis hin zur 24\/7 technischen Unterst\u00fctzung erm\u00f6glichen unsere flexiblen, effizienten und freundlichen Dienstleistungen die Verwirklichung Ihrer kreativen Visionen. Werden Sie unser Partner und heben Sie Ihr Fotografiespiel auf das n\u00e4chste Level.<\/p>\n","protected":false},"excerpt":{"rendered":"<p>Erreichen Sie fotografische Exzellenz mit dem Profoto A10 f\u00fcr Fujifilm \u2013 Ihr ultimatives Werkzeug f\u00fcr professionelle Fotografie. Technische Spezifikationen: Kompatibilit\u00e4t: Fujifilm Leistung: 76 Ws Rundkopfdesign f\u00fcr nat\u00fcrliches Licht mit sanftem Verlauf Kompatibilit\u00e4t mit Profoto Clic Magnet-Modellierungswerkzeugen Nahtlose Kompatibilit\u00e4t mit Profoto Air, AirTTL und Connect Ausl\u00f6sern Intelligente Konnektivit\u00e4t \u00fcber die Profoto iOS App Integrierte Bluetooth AirX-Technologie f\u00fcr die Kompatibilit\u00e4t mit mobilen [&hellip;]<\/p>\n","protected":false},"featured_media":13524,"template":"","meta":[],"product_cat":[385],"product_tag":[],"class_list":{"0":"post-13526","1":"product","2":"type-product","3":"status-publish","4":"has-post-thumbnail","6":"product_cat-kamera-blitz","8":"first","9":"instock","10":"shipping-taxable","11":"purchasable","12":"product-type-simple"},"_links":{"self":[{"href":"https:\/\/palmaequipmentrental.com\/de\/wp-json\/wp\/v2\/product\/13526","targetHints":{"allow":["GET"]}}],"collection":[{"href":"https:\/\/palmaequipmentrental.com\/de\/wp-json\/wp\/v2\/product"}],"about":[{"href":"https:\/\/palmaequipmentrental.com\/de\/wp-json\/wp\/v2\/types\/product"}],"wp:featuredmedia":[{"embeddable":true,"href":"https:\/\/palmaequipmentrental.com\/de\/wp-json\/wp\/v2\/media\/13524"}],"wp:attachment":[{"href":"https:\/\/palmaequipmentrental.com\/de\/wp-json\/wp\/v2\/media?parent=13526"}],"wp:term":[{"taxonomy":"product_cat","embeddable":true,"href":"https:\/\/palmaequipmentrental.com\/de\/wp-json\/wp\/v2\/product_cat?post=13526"},{"taxonomy":"product_tag","embeddable":true,"href":"https:\/\/palmaequipmentrental.com\/de\/wp-json\/wp\/v2\/product_tag?post=13526"}],"curies":[{"name":"wp","href":"https:\/\/api.w.org\/{rel}","templated":true}]}}