{"id":13530,"date":"2023-10-09T13:25:37","date_gmt":"2023-10-09T13:40:17","guid":{"rendered":"https:\/\/www.palmaequipmentrental.com\/?post_type=product&#038;p=13530"},"modified":"2023-10-09T13:43:38","modified_gmt":"2023-10-09T13:43:38","slug":"profoto-a10-fuer-sony","status":"publish","type":"product","link":"https:\/\/palmaequipmentrental.com\/de\/photo-video-equipment-mallorca\/profoto-a10-fuer-sony\/","title":{"rendered":"Profoto A10 Sony"},"content":{"rendered":"<p>Heben Sie Ihre Fotografie auf ein neues Niveau mit dem Profoto A10 f\u00fcr Sony \u2013 ein Kraftpaket der Innovation und Pr\u00e4zision, das entwickelt wurde, um Ihr kreatives Potenzial zu steigern.<\/p>\n<p><strong>Technische Spezifikationen:<\/strong><\/p>\n<ul>\n<li>Kompatibilit\u00e4t: Sony<\/li>\n<li>Leistung: 76Ws<\/li>\n<li>Pr\u00e4zisionsgefertigter Rundkopf f\u00fcr m\u00fcheliches nat\u00fcrliches Licht mit sanftem Verlauf<\/li>\n<li>Nahtlose Kompatibilit\u00e4t mit Profoto Clic Magnetic Modeling Tools<\/li>\n<li>Intelligente Konnektivit\u00e4t, die nahtlos mit Profoto Air, AirTTL und Connect Triggern harmoniert<\/li>\n<li>Intuitive Steuerung \u00fcber die Profoto iOS-App<\/li>\n<li>Integrierte Bluetooth AirX-Technologie, die die Kompatibilit\u00e4t mit mobilen Kameras erweitert<\/li>\n<li>Benutzerfreundliche Benutzeroberfl\u00e4che mit einem ger\u00e4umigen Hochaufl\u00f6sungsbildschirm<\/li>\n<li>Schnelle Blitzwiederaufladung f\u00fcr nahtlose Aufnahmeeffizienz<\/li>\n<li>Betrieben von einem hochkapazitiven, wiederaufladbaren und austauschbaren Lithium-Ionen-Akku<\/li>\n<li>Vielseitiger Blitzkopf mit einer Neigung von 90\u00b0 und einer Rotation von 360\u00b0<\/li>\n<li>Pr\u00e4zise AF-Hilfe mit Laser- und LED-Modellierungslicht<\/li>\n<li>M\u00fcheloser Wechsel zwischen automatischem oder manuellem Zoom f\u00fcr Blitz und Modellierungslicht<\/li>\n<li>Erh\u00e4ltlich in optionalen Hot-Shoe-Versionen f\u00fcr Sony-Kameras<\/li>\n<\/ul>\n<p>Der Profoto A10 f\u00fcr Sony ist Ihr unverzichtbares Werkzeug, um professionelle Exzellenz in der Fotografie zu erreichen. Sein pr\u00e4zisionsgefertigter Rundkopf sorgt f\u00fcr nat\u00fcrliches, ausgewogenes Licht mit einem sanften Verlauf, w\u00e4hrend die nahtlose Kompatibilit\u00e4t mit Profoto Clic Magnetic Modeling Tools beispiellose kreative Vielseitigkeit bietet. Die intelligente Konnektivit\u00e4t \u00fcber die Profoto iOS-App und die integrierte Bluetooth AirX-Technologie gew\u00e4hrleistet m\u00fchelose Kontrolle und Anpassungsf\u00e4higkeit f\u00fcr jede fotografische Situation.<\/p>\n<p>Bei Palma Equipment Rental bieten wir erstklassige fotografische Ausr\u00fcstung f\u00fcr Profis wie Sie. Mit Sitz in Palma de Mallorca, Spanien, bieten wir flexible Mietl\u00f6sungen und rund um die Uhr technischen Support. Egal, ob Sie Momente auf den Balearen oder dem spanischen Festland einfangen \u2013 der Profoto A10 f\u00fcr Sony wird Ihr vertrauensw\u00fcrdiger Begleiter auf Ihrer kreativen Reise sein. Heben Sie Ihre Fotografie heute auf ein neues Level.<\/p>\n","protected":false},"excerpt":{"rendered":"<p>Heben Sie Ihre Fotografie auf ein neues Niveau mit dem Profoto A10 f\u00fcr Sony \u2013 ein Kraftpaket der Innovation und Pr\u00e4zision, das entwickelt wurde, um Ihr kreatives Potenzial zu steigern. Technische Spezifikationen: Kompatibilit\u00e4t: Sony Leistung: 76Ws Pr\u00e4zisionsgefertigter Rundkopf f\u00fcr m\u00fcheliches nat\u00fcrliches Licht mit sanftem Verlauf Nahtlose Kompatibilit\u00e4t mit Profoto Clic Magnetic Modeling Tools Intelligente Konnektivit\u00e4t, die nahtlos mit Profoto Air, [&hellip;]<\/p>\n","protected":false},"featured_media":13524,"template":"","meta":[],"product_cat":[385],"product_tag":[],"class_list":{"0":"post-13530","1":"product","2":"type-product","3":"status-publish","4":"has-post-thumbnail","6":"product_cat-kamera-blitz","8":"first","9":"instock","10":"shipping-taxable","11":"purchasable","12":"product-type-simple"},"_links":{"self":[{"href":"https:\/\/palmaequipmentrental.com\/de\/wp-json\/wp\/v2\/product\/13530","targetHints":{"allow":["GET"]}}],"collection":[{"href":"https:\/\/palmaequipmentrental.com\/de\/wp-json\/wp\/v2\/product"}],"about":[{"href":"https:\/\/palmaequipmentrental.com\/de\/wp-json\/wp\/v2\/types\/product"}],"wp:featuredmedia":[{"embeddable":true,"href":"https:\/\/palmaequipmentrental.com\/de\/wp-json\/wp\/v2\/media\/13524"}],"wp:attachment":[{"href":"https:\/\/palmaequipmentrental.com\/de\/wp-json\/wp\/v2\/media?parent=13530"}],"wp:term":[{"taxonomy":"product_cat","embeddable":true,"href":"https:\/\/palmaequipmentrental.com\/de\/wp-json\/wp\/v2\/product_cat?post=13530"},{"taxonomy":"product_tag","embeddable":true,"href":"https:\/\/palmaequipmentrental.com\/de\/wp-json\/wp\/v2\/product_tag?post=13530"}],"curies":[{"name":"wp","href":"https:\/\/api.w.org\/{rel}","templated":true}]}}