{"id":13571,"date":"2023-10-24T17:22:06","date_gmt":"2023-10-24T17:22:06","guid":{"rendered":"https:\/\/www.palmaequipmentrental.com\/product\/nikon-af-s-vr-micro-nikkor-105mm-f-2-8g\/"},"modified":"2024-01-09T11:16:25","modified_gmt":"2024-01-09T11:16:25","slug":"nikon-af-s-vr-micro-nikkor-105mm-f-2-8g","status":"publish","type":"product","link":"https:\/\/palmaequipmentrental.com\/de\/photo-video-equipment-mallorca\/nikon-af-s-vr-micro-nikkor-105mm-f-2-8g\/","title":{"rendered":"Nikon AF-S 105mm Macro f\/2.8G VR"},"content":{"rendered":"<p>Tauchen Sie ein in die Welt der Makrofotografie mit dem Nikon AF-S VR Micro NIKKOR 105mm f\/2.8G IF-ED Objektiv.<\/p>\n<p>Erleben Sie makellose Makrofotografie:<\/p>\n<ul>\n<li>Heben Sie Ihre Fotografie auf ein neues Niveau mit dem Nikon AF-S VR Micro NIKKOR 105mm Objektiv, das speziell f\u00fcr atemberaubende Makroaufnahmen und beeindruckende Portr\u00e4ts entwickelt wurde.<\/li>\n<li>Erzielen Sie un\u00fcbertroffene Bildsch\u00e4rfe und Detailgenauigkeit mit der vielseitigen Brennweite von 105mm.<\/li>\n<li>Profitieren Sie von der VR (Vibrationsreduktion) Technologie, die selbst bei geringen Abst\u00e4nden f\u00fcr stabile Aufnahmen sorgt.<\/li>\n<li>Chromatische Aberrationen werden mit hochentwickeltem ED (Extra-Low Dispersion) Glas minimiert, was zu lebendigen, naturgetreuen Farben f\u00fchrt.<\/li>\n<li>Mit einem 62mm Filterring f\u00fcr zus\u00e4tzliche kreative Optionen.<\/li>\n<li>Ideal, um die feinsten Details Ihrer Motive festzuhalten, sei es die Sch\u00f6nheit der Natur oder die Produktfotografie.<\/li>\n<\/ul>\n<p>Mit Sitz in Palma de Mallorca, Spanien, sind wir Ihr vertrauensw\u00fcrdiger Partner f\u00fcr die Vermietung von professioneller fotografischer Ausr\u00fcstung. Unsere Dienstleistungen umfassen das Nikon AF-S VR Micro NIKKOR 105mm f\/2.8G IF-ED Objektiv und eine vielf\u00e4ltige Auswahl an branchen\u00fcblicher Ausr\u00fcstung. Mit einem flexiblen, effizienten und freundlichen Ansatz, einschlie\u00dflich technischem Support rund um die Uhr, f\u00f6rdern wir Ihre kreative Vision. Entdecken Sie die Werkzeuge, um Ihre kreative Vision heute Realit\u00e4t werden zu lassen.<\/p>\n","protected":false},"excerpt":{"rendered":"<p>Tauchen Sie ein in die Welt der Makrofotografie mit dem Nikon AF-S VR Micro NIKKOR 105mm f\/2.8G IF-ED Objektiv. Erleben Sie makellose Makrofotografie: Heben Sie Ihre Fotografie auf ein neues Niveau mit dem Nikon AF-S VR Micro NIKKOR 105mm Objektiv, das speziell f\u00fcr atemberaubende Makroaufnahmen und beeindruckende Portr\u00e4ts entwickelt wurde. Erzielen Sie un\u00fcbertroffene Bildsch\u00e4rfe und Detailgenauigkeit mit der vielseitigen Brennweite [&hellip;]<\/p>\n","protected":false},"featured_media":13568,"template":"","meta":[],"product_cat":[401,447],"product_tag":[],"class_list":{"0":"post-13571","1":"product","2":"type-product","3":"status-publish","4":"has-post-thumbnail","6":"product_cat-objektive-nikon","7":"product_cat-objektive-nikon-de","9":"first","10":"instock","11":"shipping-taxable","12":"purchasable","13":"product-type-simple"},"_links":{"self":[{"href":"https:\/\/palmaequipmentrental.com\/de\/wp-json\/wp\/v2\/product\/13571","targetHints":{"allow":["GET"]}}],"collection":[{"href":"https:\/\/palmaequipmentrental.com\/de\/wp-json\/wp\/v2\/product"}],"about":[{"href":"https:\/\/palmaequipmentrental.com\/de\/wp-json\/wp\/v2\/types\/product"}],"wp:featuredmedia":[{"embeddable":true,"href":"https:\/\/palmaequipmentrental.com\/de\/wp-json\/wp\/v2\/media\/13568"}],"wp:attachment":[{"href":"https:\/\/palmaequipmentrental.com\/de\/wp-json\/wp\/v2\/media?parent=13571"}],"wp:term":[{"taxonomy":"product_cat","embeddable":true,"href":"https:\/\/palmaequipmentrental.com\/de\/wp-json\/wp\/v2\/product_cat?post=13571"},{"taxonomy":"product_tag","embeddable":true,"href":"https:\/\/palmaequipmentrental.com\/de\/wp-json\/wp\/v2\/product_tag?post=13571"}],"curies":[{"name":"wp","href":"https:\/\/api.w.org\/{rel}","templated":true}]}}