{"id":13577,"date":"2023-10-25T13:36:12","date_gmt":"2023-10-25T13:36:12","guid":{"rendered":"https:\/\/www.palmaequipmentrental.com\/product\/apurture-ls-60x\/"},"modified":"2023-10-25T13:37:39","modified_gmt":"2023-10-25T13:37:39","slug":"apurture-ls-60x","status":"publish","type":"product","link":"https:\/\/palmaequipmentrental.com\/de\/photo-video-equipment-mallorca\/apurture-ls-60x\/","title":{"rendered":"Aputure LS 60X"},"content":{"rendered":"<p>Heben Sie Ihre Beleuchtung mit dem Aputure LS 60X von unserem professionellen Unternehmen f\u00fcr die Vermietung von fotografischer Ausr\u00fcstung in Palma de Mallorca, Spanien, auf ein neues Niveau. Egal, ob Sie Mode oder Werbekampagnen auf den Balearen oder auf dem spanischen Festland fotografieren, diese vielseitige LED-Leuchte ist ein echter Durchbruch. Hier sind die technischen Highlights:<\/p>\n<ul>\n<li><strong>Beeindruckende Helligkeit:<\/strong> Erzielen Sie bis zu 30.000 Lux bei 0,5 Metern mit einem 15-45\u00b0 Spot-Flood-Strahlungswinkel.<\/li>\n<li><strong>Flexible Farbsteuerung:<\/strong> Passen Sie die Farbtemperatur von 2700K bis 6500K mit integrierten Voreinstellungen f\u00fcr pr\u00e4zises Licht an.<\/li>\n<li><strong>Zuverl\u00e4ssige Farbgenauigkeit:<\/strong> Genie\u00dfen Sie CRI\/TLCI-Werte von 95+ und SSI-Bewertungen von 86 (Tungsten) und 74 (D56).<\/li>\n<li><strong>Robustes Design:<\/strong> Gebaut, um den Strapazen von Filmsets standzuhalten, verf\u00fcgt der LS 60X \u00fcber eine wetterfeste Konstruktion.<\/li>\n<li><strong>Stromversorgungsoptionen:<\/strong> W\u00e4hlen Sie aus verschiedenen Stroml\u00f6sungen, einschlie\u00dflich Netzadapter, D-Tap (V-Mount) Batterien und Dual-NP-F-Batterieplatte.<\/li>\n<li><strong>Anpassbare Beleuchtung:<\/strong> Entdecken Sie kreative M\u00f6glichkeiten mit der Bowens-Mount-Kompatibilit\u00e4t und den mitgelieferten 8-Blatt-Fl\u00fcgelt\u00fcren.<\/li>\n<li><strong>Erweiterte Steuerung:<\/strong> Greifen Sie auf 9 integrierte Beleuchtungseffekte, einstellbare Farbtemperatur und drahtlose Steuerung \u00fcber das Sidus Link-\u00d6kosystem zu.<\/li>\n<\/ul>\n<p>Arbeiten Sie mit uns zusammen f\u00fcr Ihre professionellen Equipment-Anforderungen und profitieren Sie von unserem rund um die Uhr verf\u00fcgbaren technischen Support, effizientem Service und einer breiten Palette an branchen\u00fcblicher Ausr\u00fcstung.<\/p>\n","protected":false},"excerpt":{"rendered":"<p>Heben Sie Ihre Beleuchtung mit dem Aputure LS 60X von unserem professionellen Unternehmen f\u00fcr die Vermietung von fotografischer Ausr\u00fcstung in Palma de Mallorca, Spanien, auf ein neues Niveau. Egal, ob Sie Mode oder Werbekampagnen auf den Balearen oder auf dem spanischen Festland fotografieren, diese vielseitige LED-Leuchte ist ein echter Durchbruch. Hier sind die technischen Highlights: Beeindruckende Helligkeit: Erzielen Sie bis [&hellip;]<\/p>\n","protected":false},"featured_media":13575,"template":"","meta":[],"product_cat":[777,779],"product_tag":[],"class_list":{"0":"post-13577","1":"product","2":"type-product","3":"status-publish","4":"has-post-thumbnail","6":"product_cat-aputure-beleuchtung-v","7":"product_cat-aputure-beleuchtung","9":"first","10":"instock","11":"shipping-taxable","12":"purchasable","13":"product-type-simple"},"_links":{"self":[{"href":"https:\/\/palmaequipmentrental.com\/de\/wp-json\/wp\/v2\/product\/13577","targetHints":{"allow":["GET"]}}],"collection":[{"href":"https:\/\/palmaequipmentrental.com\/de\/wp-json\/wp\/v2\/product"}],"about":[{"href":"https:\/\/palmaequipmentrental.com\/de\/wp-json\/wp\/v2\/types\/product"}],"wp:featuredmedia":[{"embeddable":true,"href":"https:\/\/palmaequipmentrental.com\/de\/wp-json\/wp\/v2\/media\/13575"}],"wp:attachment":[{"href":"https:\/\/palmaequipmentrental.com\/de\/wp-json\/wp\/v2\/media?parent=13577"}],"wp:term":[{"taxonomy":"product_cat","embeddable":true,"href":"https:\/\/palmaequipmentrental.com\/de\/wp-json\/wp\/v2\/product_cat?post=13577"},{"taxonomy":"product_tag","embeddable":true,"href":"https:\/\/palmaequipmentrental.com\/de\/wp-json\/wp\/v2\/product_tag?post=13577"}],"curies":[{"name":"wp","href":"https:\/\/api.w.org\/{rel}","templated":true}]}}