{"id":13630,"date":"2023-11-07T18:36:11","date_gmt":"2023-11-07T18:36:11","guid":{"rendered":"https:\/\/www.palmaequipmentrental.com\/product\/ecoflow-delta-2\/"},"modified":"2023-11-09T11:08:08","modified_gmt":"2023-11-09T11:08:08","slug":"ecoflow-delta-2","status":"publish","type":"product","link":"https:\/\/palmaequipmentrental.com\/de\/photo-video-equipment-mallorca\/ecoflow-delta-2\/","title":{"rendered":"EcoFlow Delta 2"},"content":{"rendered":"<p><strong>Tragbare EcoFlow Delta 2 Powerstation<\/strong><\/p>\n<p>Steigern Sie die Qualit\u00e4t Ihrer Produktion mit der zuverl\u00e4ssigen tragbaren EcoFlow Delta 2 Powerstation. Als neueste Erg\u00e4nzung zu unserem erstklassigen Ger\u00e4tesortiment bei Palma Equipment Rental, verspricht sie ununterbrochene Energie f\u00fcr Ihre Foto- und Videoaufnahmen in Palma de Mallorca und dar\u00fcber hinaus. Entwickelt f\u00fcr Kreative unterwegs, ist diese Powerstation der perfekte Begleiter f\u00fcr Profis, die Effizienz und Vielseitigkeit in den dynamischen Drehumgebungen der Balearen verlangen.<\/p>\n<p><strong>Technische Spezifikationen:<\/strong><\/p>\n<ul>\n<li>Batteriekapazit\u00e4t: 1024Wh<\/li>\n<li>Ausgangsleistung: 1800W (Spitze 3300W)<\/li>\n<li>AC-Ladeeingangsleistung: X-Stream-Schnellladung (max. 900W)<\/li>\n<li>Solarladungseingang: 11-75V, 13A (max. 400W)<\/li>\n<li>Autoladung: 12V\/24V (8A)<\/li>\n<li>USB-A-Ausgang: 2 Ports, je 12W<\/li>\n<li>USB-C-Ausgang: 2 Ports, je 100W<\/li>\n<li>Gewicht: 27lbs (12,2kg)<\/li>\n<li>Kabelloses Laden: max. 15W<\/li>\n<li>Lebenszyklus: 800 Zyklen bis zu 80%+ Kapazit\u00e4t<\/li>\n<\/ul>\n<p>Bei Palma Equipment Rental verstehen wir die Notwendigkeit zuverl\u00e4ssiger und leistungsstarker Ausr\u00fcstung. Unser EcoFlow Delta 2 wird von Branchenf\u00fchrern bezogen und ist rund um die Uhr mit technischem Support abgesichert. Vertrauen Sie auf unsere Expertise und auf professionelle Standardausr\u00fcstung wie Profoto, Arri und Manfrotto, um Ihre kreativen Bem\u00fchungen an jedem Set in Spanien zu unterst\u00fctzen. Flexibel, effizient und freundlich &#8211; wir sind das stille Teammitglied, das Ihrem Projekt zum Erfolg verhilft.<\/p>\n","protected":false},"excerpt":{"rendered":"<p>Tragbare EcoFlow Delta 2 Powerstation Steigern Sie die Qualit\u00e4t Ihrer Produktion mit der zuverl\u00e4ssigen tragbaren EcoFlow Delta 2 Powerstation. Als neueste Erg\u00e4nzung zu unserem erstklassigen Ger\u00e4tesortiment bei Palma Equipment Rental, verspricht sie ununterbrochene Energie f\u00fcr Ihre Foto- und Videoaufnahmen in Palma de Mallorca und dar\u00fcber hinaus. Entwickelt f\u00fcr Kreative unterwegs, ist diese Powerstation der perfekte Begleiter f\u00fcr Profis, die Effizienz [&hellip;]<\/p>\n","protected":false},"featured_media":13627,"template":"","meta":[],"product_cat":[454,745,746,129],"product_tag":[],"class_list":{"0":"post-13630","1":"product","2":"type-product","3":"status-publish","4":"has-post-thumbnail","6":"product_cat-batterien-de","7":"product_cat-tragbare-powerstationen","8":"product_cat-tragbare-powerstationen-de","9":"product_cat-batterien","11":"first","12":"instock","13":"shipping-taxable","14":"purchasable","15":"product-type-simple"},"_links":{"self":[{"href":"https:\/\/palmaequipmentrental.com\/de\/wp-json\/wp\/v2\/product\/13630","targetHints":{"allow":["GET"]}}],"collection":[{"href":"https:\/\/palmaequipmentrental.com\/de\/wp-json\/wp\/v2\/product"}],"about":[{"href":"https:\/\/palmaequipmentrental.com\/de\/wp-json\/wp\/v2\/types\/product"}],"wp:featuredmedia":[{"embeddable":true,"href":"https:\/\/palmaequipmentrental.com\/de\/wp-json\/wp\/v2\/media\/13627"}],"wp:attachment":[{"href":"https:\/\/palmaequipmentrental.com\/de\/wp-json\/wp\/v2\/media?parent=13630"}],"wp:term":[{"taxonomy":"product_cat","embeddable":true,"href":"https:\/\/palmaequipmentrental.com\/de\/wp-json\/wp\/v2\/product_cat?post=13630"},{"taxonomy":"product_tag","embeddable":true,"href":"https:\/\/palmaequipmentrental.com\/de\/wp-json\/wp\/v2\/product_tag?post=13630"}],"curies":[{"name":"wp","href":"https:\/\/api.w.org\/{rel}","templated":true}]}}