{"id":13736,"date":"2024-01-08T14:50:47","date_gmt":"2024-01-08T14:50:47","guid":{"rendered":"https:\/\/www.palmaequipmentrental.com\/?post_type=product&#038;p=13736"},"modified":"2025-06-18T15:48:07","modified_gmt":"2025-06-18T15:48:07","slug":"nikon-af-s-14-24mm-f-2-8g-ed","status":"publish","type":"product","link":"https:\/\/palmaequipmentrental.com\/de\/photo-video-equipment-mallorca\/nikon-af-s-14-24mm-f-2-8g-ed\/","title":{"rendered":"Nikon AF-S 14-24mm f\/2.8G ED"},"content":{"rendered":"<p>Erfasse die Welt mit unvergleichlichen Details mit dem Nikkor AF-S 14-24mm f2.8G ED Objektiv, jetzt verf\u00fcgbar bei Palma Equipment Rental. Perfekt f\u00fcr Fotografen und Filmemacher in Palma de Mallorca und dar\u00fcber hinaus, ist dieses Objektiv ein Spielwechsler f\u00fcr Mode- und Werbeshootings und bietet atemberaubende Weitwinkelaufnahmen mit kristallklarer Sch\u00e4rfe.<\/p>\n<p>Technische Details:<\/p>\n<ul>\n<li>Brennweite: 14-24mm<\/li>\n<li>Maximale Blende: f\/2.8<\/li>\n<li>Objektivbau: ED (Extra-niedrige Dispersion) Glaselemente<\/li>\n<li>Beschichtung: Nano Crystal Coat zur Reduzierung von Geisterbildern und Streulicht<\/li>\n<li>Montageart: Nikon F-Bajonett<\/li>\n<li>Fokus: AF-S (Silent Wave Motor) f\u00fcr schnellen, pr\u00e4zisen Fokus<\/li>\n<\/ul>\n<p>Warum du es brauchst? Ob beim Einfangen der lebendigen Stra\u00dfen von Ibiza oder der atemberaubenden Landschaften von Menorca, dieses Objektiv liefert au\u00dfergew\u00f6hnliche Sch\u00e4rfe und Farbtreue, was es zu einem Muss f\u00fcr dein kreatives Werkzeugset macht.<\/p>\n<p>Bei Palma Equipment Rental sind wir stolz darauf, das Beste in professioneller Foto- und Videoausr\u00fcstung anzubieten. Von den neuesten Canon- und Nikon-Kameras bis hin zu modernster Beleuchtungs- und Griffausr\u00fcstung haben wir alles, was du f\u00fcr ein erfolgreiches Shooting brauchst. Plus, unser 24\/7 technischer Support stellt sicher, dass du immer bereit bist, das perfekte Bild einzufangen.<\/p>\n<p>Hebe deine Fotografie und Videografie mit dem Nikkor AF-S 14-24mm f2.8G ED Objektiv an. \u201cGehe zum Tutorial-Video\u201d f\u00fcr Expertentipps zur Verwendung dieses au\u00dfergew\u00f6hnlichen Objektivs.<\/p>\n","protected":false},"excerpt":{"rendered":"<p>Erfasse die Welt mit unvergleichlichen Details mit dem Nikkor AF-S 14-24mm f2.8G ED Objektiv, jetzt verf\u00fcgbar bei Palma Equipment Rental. Perfekt f\u00fcr Fotografen und Filmemacher in Palma de Mallorca und dar\u00fcber hinaus, ist dieses Objektiv ein Spielwechsler f\u00fcr Mode- und Werbeshootings und bietet atemberaubende Weitwinkelaufnahmen mit kristallklarer Sch\u00e4rfe. Technische Details: Brennweite: 14-24mm Maximale Blende: f\/2.8 Objektivbau: ED (Extra-niedrige Dispersion) Glaselemente [&hellip;]<\/p>\n","protected":false},"featured_media":13744,"template":"","meta":[],"product_cat":[401,447],"product_tag":[],"class_list":{"0":"post-13736","1":"product","2":"type-product","3":"status-publish","4":"has-post-thumbnail","6":"product_cat-objektive-nikon","7":"product_cat-objektive-nikon-de","9":"first","10":"instock","11":"shipping-taxable","12":"purchasable","13":"product-type-simple"},"_links":{"self":[{"href":"https:\/\/palmaequipmentrental.com\/de\/wp-json\/wp\/v2\/product\/13736","targetHints":{"allow":["GET"]}}],"collection":[{"href":"https:\/\/palmaequipmentrental.com\/de\/wp-json\/wp\/v2\/product"}],"about":[{"href":"https:\/\/palmaequipmentrental.com\/de\/wp-json\/wp\/v2\/types\/product"}],"wp:featuredmedia":[{"embeddable":true,"href":"https:\/\/palmaequipmentrental.com\/de\/wp-json\/wp\/v2\/media\/13744"}],"wp:attachment":[{"href":"https:\/\/palmaequipmentrental.com\/de\/wp-json\/wp\/v2\/media?parent=13736"}],"wp:term":[{"taxonomy":"product_cat","embeddable":true,"href":"https:\/\/palmaequipmentrental.com\/de\/wp-json\/wp\/v2\/product_cat?post=13736"},{"taxonomy":"product_tag","embeddable":true,"href":"https:\/\/palmaequipmentrental.com\/de\/wp-json\/wp\/v2\/product_tag?post=13736"}],"curies":[{"name":"wp","href":"https:\/\/api.w.org\/{rel}","templated":true}]}}