{"id":13757,"date":"2024-01-09T12:51:47","date_gmt":"2024-01-09T12:54:53","guid":{"rendered":"https:\/\/www.palmaequipmentrental.com\/?post_type=product&#038;p=13757"},"modified":"2024-01-09T12:55:14","modified_gmt":"2024-01-09T12:55:14","slug":"skylite-grip-head","status":"publish","type":"product","link":"https:\/\/palmaequipmentrental.com\/de\/photo-video-equipment-mallorca\/skylite-grip-head\/","title":{"rendered":"Skylite Grip Head"},"content":{"rendered":"<p>Schau dir den Skylite Grip Head bei Palma Equipment Rental an. Perfekt f\u00fcr die Montage eines Skylite Rapid Rahmens auf einem Stativ, ist dieser Grip-Kopf ein Muss f\u00fcr Profis in der Mode- und Werbefotografie und -filmerei.<\/p>\n<p>Technische Details:<\/p>\n<ul>\n<li>Entwickelt f\u00fcr die Montage eines Skylite Rapid Rahmens auf einem Stativ<\/li>\n<li>Erm\u00f6glicht das Kippen des Skylite f\u00fcr optimale Beleuchtungswinkel<\/li>\n<li>Einfache Integration mit verschiedenen St\u00e4ndern und Ausr\u00fcstungen<\/li>\n<li>Kompatibel mit einer breiten Palette von Beleuchtungs- und Grip-Equipment<\/li>\n<li>Warum du es brauchst? Der Skylite Grip Head bringt Pr\u00e4zision in deine Ausr\u00fcstung und stellt sicher, dass dein Skylite Rapid bei jedem Schuss perfekt positioniert ist.<\/li>\n<\/ul>\n<p>Palma Equipment Rental ist deine Anlaufstelle f\u00fcr erstklassige Foto- und Videoausr\u00fcstung. Wir bieten alles, von renommierten Marken wie Nikon und Profoto bis zu diesem unverzichtbaren Skylite Grip Head. Ob du die Essenz von Menorca einf\u00e4ngst oder das Treiben von Ibiza, wir stellen die Werkzeuge f\u00fcr deine Vision bereit. Und mit unserem 24\/7 technischen Support bist du immer bereit zum Dreh.<\/p>\n","protected":false},"excerpt":{"rendered":"<p>Schau dir den Skylite Grip Head bei Palma Equipment Rental an. Perfekt f\u00fcr die Montage eines Skylite Rapid Rahmens auf einem Stativ, ist dieser Grip-Kopf ein Muss f\u00fcr Profis in der Mode- und Werbefotografie und -filmerei. Technische Details: Entwickelt f\u00fcr die Montage eines Skylite Rapid Rahmens auf einem Stativ Erm\u00f6glicht das Kippen des Skylite f\u00fcr optimale Beleuchtungswinkel Einfache Integration mit [&hellip;]<\/p>\n","protected":false},"featured_media":13754,"template":"","meta":[],"product_cat":[152,166],"product_tag":[],"class_list":{"0":"post-13757","1":"product","2":"type-product","3":"status-publish","4":"has-post-thumbnail","6":"product_cat-klemme","7":"product_cat-klemme-de","9":"first","10":"instock","11":"shipping-taxable","12":"purchasable","13":"product-type-simple"},"_links":{"self":[{"href":"https:\/\/palmaequipmentrental.com\/de\/wp-json\/wp\/v2\/product\/13757","targetHints":{"allow":["GET"]}}],"collection":[{"href":"https:\/\/palmaequipmentrental.com\/de\/wp-json\/wp\/v2\/product"}],"about":[{"href":"https:\/\/palmaequipmentrental.com\/de\/wp-json\/wp\/v2\/types\/product"}],"wp:featuredmedia":[{"embeddable":true,"href":"https:\/\/palmaequipmentrental.com\/de\/wp-json\/wp\/v2\/media\/13754"}],"wp:attachment":[{"href":"https:\/\/palmaequipmentrental.com\/de\/wp-json\/wp\/v2\/media?parent=13757"}],"wp:term":[{"taxonomy":"product_cat","embeddable":true,"href":"https:\/\/palmaequipmentrental.com\/de\/wp-json\/wp\/v2\/product_cat?post=13757"},{"taxonomy":"product_tag","embeddable":true,"href":"https:\/\/palmaequipmentrental.com\/de\/wp-json\/wp\/v2\/product_tag?post=13757"}],"curies":[{"name":"wp","href":"https:\/\/api.w.org\/{rel}","templated":true}]}}