{"id":13760,"date":"2024-01-09T12:56:50","date_gmt":"2024-01-09T12:56:51","guid":{"rendered":"https:\/\/www.palmaequipmentrental.com\/?post_type=product&#038;p=13760"},"modified":"2025-06-24T15:17:36","modified_gmt":"2025-06-24T15:17:36","slug":"skylight-rahmenstutze-mallorca-rental","status":"publish","type":"product","link":"https:\/\/palmaequipmentrental.com\/de\/photo-video-equipment-mallorca\/skylight-rahmenstutze-mallorca-rental\/","title":{"rendered":"Skylight Rahmenst\u00fctze"},"content":{"rendered":"<div class=\"flex-1 overflow-hidden\">\n<div class=\"react-scroll-to-bottom--css-smzrp-79elbk h-full\">\n<div class=\"react-scroll-to-bottom--css-smzrp-1n7m0yu\">\n<div class=\"flex flex-col pb-9 text-sm\">\n<div class=\"w-full text-token-text-primary\" data-testid=\"conversation-turn-43\">\n<div class=\"px-4 py-2 justify-center text-base md:gap-6 m-auto\">\n<div class=\"flex flex-1 text-base mx-auto gap-3 md:px-5 lg:px-1 xl:px-5 md:max-w-3xl lg:max-w-[40rem] xl:max-w-[48rem] group final-completion\">\n<div class=\"relative flex w-full flex-col lg:w-[calc(100%-115px)] agent-turn\">\n<div class=\"flex-col gap-1 md:gap-3\">\n<div class=\"flex flex-grow flex-col max-w-full\">\n<div class=\"min-h-[20px] text-message flex flex-col items-start gap-3 whitespace-pre-wrap break-words [.text-message+&amp;]:mt-5 overflow-x-auto\" data-message-author-role=\"assistant\" data-message-id=\"aa415c5c-67fb-4e76-84c0-91626ee238d9\">\n<div class=\"markdown prose w-full break-words dark:prose-invert light\">\n<p>Entdecke die Skylight Rahmenst\u00fctze bei Palma Equipment Rental, ein vielseitiges Werkzeug f\u00fcr professionelle Fotografen und Filmemacher in Palma de Mallorca und den Balearen. Speziell f\u00fcr die Verwendung mit Skylite Stoffrahmen konzipiert, ist diese multifunktionale Halterung ideal f\u00fcr Mode- und Werbeshootings.<\/p>\n<p>Technische Details:<\/p>\n<ul>\n<li>Kompatibel mit Skylite Stoffrahmen<\/li>\n<li>Einstellbar auf Breiten von 1,1 m, 1,5 m oder 2 m<\/li>\n<li>Passt zu verschiedenen Skylite Rahmen: 1,1 x 1,1 m, 1,1 x 2 m, 1,5 x 1,5 m und 2 x 2 m<\/li>\n<li>Als Griff, St\u00fctzbein oder f\u00fcr Bodenst\u00fctzung in verschiedenen Winkeln nutzbar<\/li>\n<li>Das Bodenende des St\u00fctzbeins verf\u00fcgt \u00fcber einen Haken f\u00fcr die einfache Befestigung eines Sandsacks (nicht enthalten) f\u00fcr zus\u00e4tzliche Stabilit\u00e4t<\/li>\n<\/ul>\n<p>Warum brauchst du es? Die Skylight Rahmenst\u00fctze ist der Schl\u00fcssel zu pr\u00e4zisen und stabilen Setups, entscheidend f\u00fcr die Aufnahme perfekter Bilder.<\/p>\n<p>Bei Palma Equipment Rental bieten wir nur das Beste an Foto- und Videoausr\u00fcstung. Mit Marken wie Manfrotto und Canon und jetzt der Skylight Rahmenst\u00fctze sind wir bereit, deine kreativen Unternehmungen zu unterst\u00fctzen. Unser Engagement f\u00fcr flexiblen und effizienten Service, erg\u00e4nzt durch 24\/7 technischen Support, macht uns zur ersten Wahl f\u00fcr Profis, die in Menorca, Ibiza und dar\u00fcber hinaus arbeiten.<\/p>\n<\/div>\n<\/div>\n<\/div>\n<div class=\"mt-1 flex justify-start gap-3 empty:hidden\">\n<div class=\"text-gray-400 flex self-end lg:self-center justify-center lg:justify-start mt-0 gap-1 visible\">\n<p>&nbsp;<\/p>\n<div class=\"flex gap-1\"><\/div>\n<div class=\"flex items-center gap-1.5 text-xs\"><\/div>\n<\/div>\n<\/div>\n<\/div>\n<div class=\"absolute\">\n<div class=\"flex w-full gap-2 items-center justify-center\"><\/div>\n<\/div>\n<\/div>\n<\/div>\n<\/div>\n<\/div>\n<\/div>\n<\/div>\n<\/div>\n<\/div>\n<div class=\"w-full pt-2 md:pt-0 dark:border-white\/20 md:border-transparent md:dark:border-transparent md:w-[calc(100%-.5rem)]\">\n<form class=\"stretch mx-2 flex flex-row gap-3 last:mb-2 md:mx-4 md:last:mb-6 lg:mx-auto lg:max-w-2xl xl:max-w-3xl\">\n<div class=\"relative flex h-full flex-1 items-stretch md:flex-col\">\n<div class=\"flex w-full items-center\"><\/div>\n<\/div>\n<\/form>\n<\/div>\n","protected":false},"excerpt":{"rendered":"<p>Entdecke die Skylight Rahmenst\u00fctze bei Palma Equipment Rental, ein vielseitiges Werkzeug f\u00fcr professionelle Fotografen und Filmemacher in Palma de Mallorca und den Balearen. Speziell f\u00fcr die Verwendung mit Skylite Stoffrahmen konzipiert, ist diese multifunktionale Halterung ideal f\u00fcr Mode- und Werbeshootings. Technische Details: Kompatibel mit Skylite Stoffrahmen Einstellbar auf Breiten von 1,1 m, 1,5 m oder 2 m Passt zu verschiedenen [&hellip;]<\/p>\n","protected":false},"featured_media":13762,"template":"","meta":[],"product_cat":[152,166],"product_tag":[],"class_list":{"0":"post-13760","1":"product","2":"type-product","3":"status-publish","4":"has-post-thumbnail","6":"product_cat-klemme","7":"product_cat-klemme-de","9":"first","10":"instock","11":"shipping-taxable","12":"purchasable","13":"product-type-simple"},"_links":{"self":[{"href":"https:\/\/palmaequipmentrental.com\/de\/wp-json\/wp\/v2\/product\/13760","targetHints":{"allow":["GET"]}}],"collection":[{"href":"https:\/\/palmaequipmentrental.com\/de\/wp-json\/wp\/v2\/product"}],"about":[{"href":"https:\/\/palmaequipmentrental.com\/de\/wp-json\/wp\/v2\/types\/product"}],"wp:featuredmedia":[{"embeddable":true,"href":"https:\/\/palmaequipmentrental.com\/de\/wp-json\/wp\/v2\/media\/13762"}],"wp:attachment":[{"href":"https:\/\/palmaequipmentrental.com\/de\/wp-json\/wp\/v2\/media?parent=13760"}],"wp:term":[{"taxonomy":"product_cat","embeddable":true,"href":"https:\/\/palmaequipmentrental.com\/de\/wp-json\/wp\/v2\/product_cat?post=13760"},{"taxonomy":"product_tag","embeddable":true,"href":"https:\/\/palmaequipmentrental.com\/de\/wp-json\/wp\/v2\/product_tag?post=13760"}],"curies":[{"name":"wp","href":"https:\/\/api.w.org\/{rel}","templated":true}]}}