{"id":13848,"date":"2024-01-15T10:20:13","date_gmt":"2024-01-15T10:20:14","guid":{"rendered":"https:\/\/www.palmaequipmentrental.com\/?post_type=product&#038;p=13848"},"modified":"2025-06-13T13:23:20","modified_gmt":"2025-06-13T13:23:20","slug":"autopole-verlangerung","status":"publish","type":"product","link":"https:\/\/palmaequipmentrental.com\/de\/photo-video-equipment-mallorca\/autopole-verlangerung\/","title":{"rendered":"Autopole-Verl\u00e4ngerung"},"content":{"rendered":"<div class=\"min-h-[20px] text-message flex flex-col items-start gap-3 whitespace-pre-wrap break-words [.text-message+&amp;]:mt-5 overflow-x-auto\" data-message-author-role=\"assistant\" data-message-id=\"552995bd-3026-4ecf-b4e5-06be5df5af47\">\n<div class=\"markdown prose w-full break-words dark:prose-invert light\">\n<div class=\"min-h-[20px] text-message flex flex-col items-start gap-3 whitespace-pre-wrap break-words [.text-message+&amp;]:mt-5 overflow-x-auto\" data-message-author-role=\"assistant\" data-message-id=\"04b72ce1-027d-47b8-87cb-c5baa3303b38\">\n<div class=\"markdown prose w-full break-words dark:prose-invert light\">\n<p>Entdecke die flexible und leicht zu transportierende 2m x 40mm schwarze Autopole-Verl\u00e4ngerung bei Palma Equipment Rental. Diese Verl\u00e4ngerung ist ein Wendepunkt f\u00fcr Fotografen und Filmemacher in Palma de Mallorca und den Balearen. Sie ist perfekt f\u00fcr verschiedene Zwecke, von der Unterst\u00fctzung von Colorama-Hintergr\u00fcnden bis hin zum Aufh\u00e4ngen von schwarzem Molton und der Erweiterung der H\u00f6he Ihres Autopole-Systems. Ihre einzigartige F\u00e4higkeit, mehrere 2-Meter-L\u00e4ngen miteinander zu verbinden, bietet Flexibilit\u00e4t am Set. Die schwarze Farbe wurde gew\u00e4hlt, um Reflexionen zu minimieren und ist somit ein entscheidendes Werkzeug bei professionellen Shootings.<\/p>\n<p>Technische Details:<\/p>\n<ul>\n<li>Gr\u00f6\u00dfe: 2 Meter lang mit einem Durchmesser von 40mm<\/li>\n<li>Farbe: Schwarz, um Reflexionen zu minimieren<\/li>\n<li>Einsatz: Ideal zum Erweitern von Autopoles und zum Verbinden mehrerer Verl\u00e4ngerungen f\u00fcr flexible Aufbauten<\/li>\n<li>Transportabel: Einfacher zu transportieren als herk\u00f6mmliche Ger\u00fcststangen<\/li>\n<li>Haltbarkeit: Robust und zuverl\u00e4ssig, perfekt f\u00fcr professionelle Umgebungen<\/li>\n<\/ul>\n<p>Warum brauchst du es? Die Autopole-Verl\u00e4ngerung ist nicht nur vielseitig, sondern auch einfacher zu bewegen und einzurichten als herk\u00f6mmliche Ausr\u00fc<\/p>\n<\/div>\n<\/div>\n<div class=\"min-h-[20px] text-message flex flex-col items-start gap-3 whitespace-pre-wrap break-words [.text-message+&amp;]:mt-5 overflow-x-auto\" data-message-author-role=\"assistant\" data-message-id=\"cd5bc497-4cee-46bf-b5e0-f2e0bd1b86eb\">\n<div class=\"markdown prose w-full break-words dark:prose-invert light\">\n<p>stung, was sie zu einem unsch\u00e4tzbaren Zusatz f\u00fcr dein kreatives Werkzeugset macht.<\/p>\n<p>Bei Palma Equipment Rental sind wir stolz darauf, kreative Fachleute mit vielseitigen und qualitativ hochwertigen Werkzeugen auszustatten. Zusammen mit Top-Marken wie Profoto und Canon ist diese Autopole-Verl\u00e4ngerung Teil unseres Engagements, sicherzustellen, dass du alles hast, was du f\u00fcr ein erfolgreiches Shooting brauchst, unterst\u00fctzt durch unseren 24\/7-Techniksupport, egal wo du in Menorca, Ibiza, Formentera oder auf dem spanischen Festland bist.<\/p>\n<\/div>\n<\/div>\n<\/div>\n<\/div>\n","protected":false},"excerpt":{"rendered":"<p>Entdecke die flexible und leicht zu transportierende 2m x 40mm schwarze Autopole-Verl\u00e4ngerung bei Palma Equipment Rental. Diese Verl\u00e4ngerung ist ein Wendepunkt f\u00fcr Fotografen und Filmemacher in Palma de Mallorca und den Balearen. Sie ist perfekt f\u00fcr verschiedene Zwecke, von der Unterst\u00fctzung von Colorama-Hintergr\u00fcnden bis hin zum Aufh\u00e4ngen von schwarzem Molton und der Erweiterung der H\u00f6he Ihres Autopole-Systems. Ihre einzigartige F\u00e4higkeit, [&hellip;]<\/p>\n","protected":false},"featured_media":13845,"template":"","meta":[],"product_cat":[151,165],"product_tag":[],"class_list":{"0":"post-13848","1":"product","2":"type-product","3":"status-publish","4":"has-post-thumbnail","6":"product_cat-lampenstative","7":"product_cat-lampenstative-de","9":"first","10":"instock","11":"shipping-taxable","12":"purchasable","13":"product-type-simple"},"_links":{"self":[{"href":"https:\/\/palmaequipmentrental.com\/de\/wp-json\/wp\/v2\/product\/13848","targetHints":{"allow":["GET"]}}],"collection":[{"href":"https:\/\/palmaequipmentrental.com\/de\/wp-json\/wp\/v2\/product"}],"about":[{"href":"https:\/\/palmaequipmentrental.com\/de\/wp-json\/wp\/v2\/types\/product"}],"wp:featuredmedia":[{"embeddable":true,"href":"https:\/\/palmaequipmentrental.com\/de\/wp-json\/wp\/v2\/media\/13845"}],"wp:attachment":[{"href":"https:\/\/palmaequipmentrental.com\/de\/wp-json\/wp\/v2\/media?parent=13848"}],"wp:term":[{"taxonomy":"product_cat","embeddable":true,"href":"https:\/\/palmaequipmentrental.com\/de\/wp-json\/wp\/v2\/product_cat?post=13848"},{"taxonomy":"product_tag","embeddable":true,"href":"https:\/\/palmaequipmentrental.com\/de\/wp-json\/wp\/v2\/product_tag?post=13848"}],"curies":[{"name":"wp","href":"https:\/\/api.w.org\/{rel}","templated":true}]}}