{"id":13854,"date":"2024-01-16T17:20:04","date_gmt":"2024-01-16T17:20:04","guid":{"rendered":"https:\/\/www.palmaequipmentrental.com\/?post_type=product&#038;p=13854"},"modified":"2024-01-16T18:04:28","modified_gmt":"2024-01-16T18:04:28","slug":"strip-plug","status":"publish","type":"product","link":"https:\/\/palmaequipmentrental.com\/de\/photo-video-equipment-mallorca\/strip-plug\/","title":{"rendered":"Steckdosenleiste"},"content":{"rendered":"<div class=\"min-h-[20px] text-message flex flex-col items-start gap-3 whitespace-pre-wrap break-words [.text-message+&amp;]:mt-5 overflow-x-auto\" data-message-author-role=\"assistant\" data-message-id=\"8537c96c-d808-426f-af97-b5479f77d96d\">\n<div class=\"markdown prose w-full break-words dark:prose-invert light\">\n<p>Energie f\u00fcr deine Produktion mit dem 16-Ampere und 3500-Watt Strip Plug, auch bekannt als 5-fach-Steckdosenleiste, Tripleta oder Multiplug. Dieses wesentliche Werkzeug ist perfekt f\u00fcr Foto- und Videoshootings in Palma de Mallorca und auf den Balearen, bietet zuverl\u00e4ssige Stromverteilung f\u00fcr verschiedene Arten von Ausr\u00fcstung in Mode- und Werbeprojekten.<\/p>\n<p>Technische Details:<\/p>\n<ul>\n<li>Maximale Last: 3500 Watt, ideal f\u00fcr den Betrieb mehrerer Hochleistungsger\u00e4te<\/li>\n<li>Steckdosen: 5 Euro-Stil-Steckdosen f\u00fcr den Anschluss mehrerer Ger\u00e4te<\/li>\n<li>Amperezahl: 16 Ampere, gew\u00e4hrleistet eine stabile und robuste Stromversorgung<\/li>\n<li>Euro-Stil-Stecker: Kompatibel mit standard europ\u00e4ischen Steckdosen<\/li>\n<\/ul>\n<p>Der 16-Ampere und 3500-Watt Strip Plug bietet eine einfache L\u00f6sung f\u00fcr die Stromversorgung mehrerer Abteilungen \u2014 Fotografie, Make-up, Styling, Kunst und Produktion \u2014 und gew\u00e4hrleistet einen reibungslosen und kooperativen Arbeitsablauf am Set.<\/p>\n<p>Bei Palma Equipment Rental machen wir mehr als nur Ausr\u00fcstung bereitzustellen; wir erm\u00f6glichen Kreativit\u00e4t. Von dieser multifunktionalen Steckdosenleiste bis zu unserer breiten Palette von erstklassigen Ger\u00e4ten von Marken wie Canon und Profoto, r\u00fcsten wir dich f\u00fcr den Erfolg aus. Unser 24\/7-Techniksupport und eine umfassende Auswahl an professionellen Ger\u00e4ten machen uns zur ersten Wahl f\u00fcr Fachleute auf Menorca,<\/p>\n<\/div>\n<\/div>\n<div class=\"min-h-[20px] text-message flex flex-col items-start gap-3 whitespace-pre-wrap break-words [.text-message+&amp;]:mt-5 overflow-x-auto\" data-message-author-role=\"assistant\" data-message-id=\"d9642104-58e6-4d2c-9fa5-06dd605c2623\">\n<div class=\"markdown prose w-full break-words dark:prose-invert light\">\n<p>Ibiza, Formentera und dem spanischen Festland. Vertraue auf uns, um die Energieversorgung deines Projekts nahtlos zu gew\u00e4hrleisten.<\/p>\n<\/div>\n<\/div>\n","protected":false},"excerpt":{"rendered":"<p>Energie f\u00fcr deine Produktion mit dem 16-Ampere und 3500-Watt Strip Plug, auch bekannt als 5-fach-Steckdosenleiste, Tripleta oder Multiplug. Dieses wesentliche Werkzeug ist perfekt f\u00fcr Foto- und Videoshootings in Palma de Mallorca und auf den Balearen, bietet zuverl\u00e4ssige Stromverteilung f\u00fcr verschiedene Arten von Ausr\u00fcstung in Mode- und Werbeprojekten. Technische Details: Maximale Last: 3500 Watt, ideal f\u00fcr den Betrieb mehrerer Hochleistungsger\u00e4te Steckdosen: [&hellip;]<\/p>\n","protected":false},"featured_media":13857,"template":"","meta":[],"product_cat":[286,123],"product_tag":[],"class_list":{"0":"post-13854","1":"product","2":"type-product","3":"status-publish","4":"has-post-thumbnail","6":"product_cat-kabel-2","7":"product_cat-stromversorgung","9":"first","10":"instock","11":"shipping-taxable","12":"purchasable","13":"product-type-simple"},"_links":{"self":[{"href":"https:\/\/palmaequipmentrental.com\/de\/wp-json\/wp\/v2\/product\/13854","targetHints":{"allow":["GET"]}}],"collection":[{"href":"https:\/\/palmaequipmentrental.com\/de\/wp-json\/wp\/v2\/product"}],"about":[{"href":"https:\/\/palmaequipmentrental.com\/de\/wp-json\/wp\/v2\/types\/product"}],"wp:featuredmedia":[{"embeddable":true,"href":"https:\/\/palmaequipmentrental.com\/de\/wp-json\/wp\/v2\/media\/13857"}],"wp:attachment":[{"href":"https:\/\/palmaequipmentrental.com\/de\/wp-json\/wp\/v2\/media?parent=13854"}],"wp:term":[{"taxonomy":"product_cat","embeddable":true,"href":"https:\/\/palmaequipmentrental.com\/de\/wp-json\/wp\/v2\/product_cat?post=13854"},{"taxonomy":"product_tag","embeddable":true,"href":"https:\/\/palmaequipmentrental.com\/de\/wp-json\/wp\/v2\/product_tag?post=13854"}],"curies":[{"name":"wp","href":"https:\/\/api.w.org\/{rel}","templated":true}]}}