{"id":13860,"date":"2024-01-16T18:13:28","date_gmt":"2024-01-16T18:13:29","guid":{"rendered":"https:\/\/www.palmaequipmentrental.com\/?post_type=product&#038;p=13860"},"modified":"2025-06-18T15:42:38","modified_gmt":"2025-06-18T15:42:38","slug":"matthews-magic-stand-mallorca-rental","status":"publish","type":"product","link":"https:\/\/palmaequipmentrental.com\/de\/photo-video-equipment-mallorca\/matthews-magic-stand-mallorca-rental\/","title":{"rendered":"Magic Stand von Matthews"},"content":{"rendered":"<div class=\"flex-1 overflow-hidden\">\n<div class=\"react-scroll-to-bottom--css-tfqhy-79elbk h-full\">\n<div class=\"react-scroll-to-bottom--css-tfqhy-1n7m0yu\">\n<div class=\"flex flex-col pb-9 text-sm\">\n<div class=\"w-full text-token-text-primary\" data-testid=\"conversation-turn-170\">\n<div class=\"px-4 py-2 justify-center text-base md:gap-6 m-auto\">\n<div class=\"flex flex-1 text-base mx-auto gap-3 md:px-5 lg:px-1 xl:px-5 md:max-w-3xl lg:max-w-[40rem] xl:max-w-[48rem] group final-completion\">\n<div class=\"relative flex w-full flex-col lg:w-[calc(100%-115px)] agent-turn\">\n<div class=\"flex-col gap-1 md:gap-3\">\n<div class=\"flex flex-grow flex-col max-w-full\">\n<div class=\"min-h-[20px] text-message flex flex-col items-start gap-3 whitespace-pre-wrap break-words [.text-message+&amp;]:mt-5 overflow-x-auto\" data-message-author-role=\"assistant\" data-message-id=\"1ce120ad-aae6-4184-be49-ef5527265ea5\">\n<div class=\"markdown prose w-full break-words dark:prose-invert dark\">\n<p>Entfesseln Sie die Zauberei in Ihren Fotografie- und Filmprojekten mit dem Magic Stand von Matthews, Ihrem neuen Geheimnis f\u00fcr au\u00dfergew\u00f6hnliche Shootings. Verf\u00fcgbar bei Palma Equipment Rental, verzaubert dieser St\u00e4nder Mallorca und dar\u00fcber hinaus und verwandelt jedes Studio- und Au\u00dfenshooting auf den Balearen mit seiner un\u00fcbertroffenen Vielseitigkeit.<\/p>\n<p><strong>Merkmale und Spezifikationen:<\/strong><\/p>\n<ul>\n<li><strong>Maximale H\u00f6he:<\/strong> Steigt auf beeindruckende 3810 mm (150&#8243;) an, ideal f\u00fcr hohe Perspektiven<\/li>\n<\/ul>\n<\/div>\n<\/div>\n<div class=\"min-h-[20px] text-message flex flex-col items-start gap-3 whitespace-pre-wrap break-words [.text-message+&amp;]:mt-5 overflow-x-auto\" data-message-author-role=\"assistant\" data-message-id=\"94cb1459-f8a3-4efa-98c8-bc502256ef7f\">\n<div class=\"markdown prose w-full break-words dark:prose-invert dark\">\n<p>.<\/p>\n<ul>\n<li><strong>Minimale H\u00f6he:<\/strong> Verstellbar bis auf 1384 mm (54,5&#8243;), perfekt f\u00fcr bodennahe Aufnahmen.<\/li>\n<li><strong>Tragf\u00e4higkeit:<\/strong> Unterst\u00fctzt bis zu 18 kg (40 lbs), geeignet f\u00fcr eine Vielzahl von Ger\u00e4ten.<\/li>\n<li><strong>Gewicht:<\/strong> Der St\u00e4nder wiegt 17 kg (37 lbs) insgesamt, der Riser allein 8 kg (17 lbs).<\/li>\n<li><strong>Fu\u00dfabdruck:<\/strong> Erstreckt sich auf eine stabile Breite von 812 mm (32&#8243;).<\/li>\n<li><strong>Gefaltete Basisgr\u00f6\u00dfe:<\/strong> Kompakt auf 583 mm (21&#8243;), erh\u00f6ht die Tragbarkeit.<\/li>\n<li><strong>Anpassungsf\u00e4higkeit:<\/strong> M\u00fchelos umwandelbar, um jedem kreativen Bedarf gerecht zu werden.<\/li>\n<li><strong>Junior Pin:<\/strong> Standardm\u00e4\u00dfige 1-1\/8&#8243;-Anpassung, garantiert breite Kompatibilit\u00e4t.<\/li>\n<li><strong>Magic Finger Top Riser:<\/strong> Erm\u00f6glicht pr\u00e4zise und innovative Positionierung.<\/li>\n<li><strong>Geradlinige Bewegung:<\/strong> Entwickelt f\u00fcr reibungslose, unkomplizierte Anpassungen.<\/li>\n<\/ul>\n<p>Mit dem Magic Stand von Matthews richten Sie nicht nur Lichter und Kameras ein; Sie zaubern visuelle Verzauberungen in jedem Bild.<\/p>\n<p>Bei Palma Equipment Rental sind wir Ihre Verb\u00fcndeten in der Kunst des visuellen Zaubers. Neben diesem bezaubernden Magic Stand bieten wir eine Palette hochwertiger Ausr\u00fcstung von Marken wie Profoto und Canon, unterst\u00fctzt durch unseren unerm\u00fcdlichen 24\/7-Techniksupport. Begleiten Sie uns auf Ihrer kreativen Reise in Menorca, Ibiza, Formentera und dem spanischen Festland, um jedes Projekt in ein visuelles Meisterwerk zu verwandeln.<\/p>\n<\/div>\n<\/div>\n<\/div>\n<div class=\"mt-1 flex justify-start gap-3 empty:hidden\">\n<div class=\"text-gray-400 flex self-end lg:self-center justify-center lg:justify-start mt-0 -ml-1 visible\">\n<p>&nbsp;<\/p>\n<div class=\"flex\"><\/div>\n<div class=\"flex items-center gap-1.5 text-xs\"><\/div>\n<\/div>\n<\/div>\n<\/div>\n<div class=\"absolute\">\n<div class=\"flex w-full gap-2 items-center justify-center\"><\/div>\n<\/div>\n<\/div>\n<\/div>\n<\/div>\n<\/div>\n<\/div>\n<\/div>\n<\/div>\n<\/div>\n<div class=\"w-full pt-2 md:pt-0 dark:border-white\/20 md:border-transparent md:dark:border-transparent md:w-[calc(100%-.5rem)]\">\n<form class=\"stretch mx-2 flex flex-row gap-3 last:mb-2 md:mx-4 md:last:mb-6 lg:mx-auto lg:max-w-2xl xl:max-w-3xl\">\n<div class=\"relative flex h-full flex-1 items-stretch md:flex-col\">\n<div class=\"flex w-full items-center\"><\/div>\n<\/div>\n<\/form>\n<\/div>\n","protected":false},"excerpt":{"rendered":"<p>Entfesseln Sie die Zauberei in Ihren Fotografie- und Filmprojekten mit dem Magic Stand von Matthews, Ihrem neuen Geheimnis f\u00fcr au\u00dfergew\u00f6hnliche Shootings. Verf\u00fcgbar bei Palma Equipment Rental, verzaubert dieser St\u00e4nder Mallorca und dar\u00fcber hinaus und verwandelt jedes Studio- und Au\u00dfenshooting auf den Balearen mit seiner un\u00fcbertroffenen Vielseitigkeit. Merkmale und Spezifikationen: Maximale H\u00f6he: Steigt auf beeindruckende 3810 mm (150&#8243;) an, ideal f\u00fcr [&hellip;]<\/p>\n","protected":false},"featured_media":13863,"template":"","meta":[],"product_cat":[151,165],"product_tag":[],"class_list":{"0":"post-13860","1":"product","2":"type-product","3":"status-publish","4":"has-post-thumbnail","6":"product_cat-lampenstative","7":"product_cat-lampenstative-de","9":"first","10":"instock","11":"shipping-taxable","12":"purchasable","13":"product-type-simple"},"_links":{"self":[{"href":"https:\/\/palmaequipmentrental.com\/de\/wp-json\/wp\/v2\/product\/13860","targetHints":{"allow":["GET"]}}],"collection":[{"href":"https:\/\/palmaequipmentrental.com\/de\/wp-json\/wp\/v2\/product"}],"about":[{"href":"https:\/\/palmaequipmentrental.com\/de\/wp-json\/wp\/v2\/types\/product"}],"wp:featuredmedia":[{"embeddable":true,"href":"https:\/\/palmaequipmentrental.com\/de\/wp-json\/wp\/v2\/media\/13863"}],"wp:attachment":[{"href":"https:\/\/palmaequipmentrental.com\/de\/wp-json\/wp\/v2\/media?parent=13860"}],"wp:term":[{"taxonomy":"product_cat","embeddable":true,"href":"https:\/\/palmaequipmentrental.com\/de\/wp-json\/wp\/v2\/product_cat?post=13860"},{"taxonomy":"product_tag","embeddable":true,"href":"https:\/\/palmaequipmentrental.com\/de\/wp-json\/wp\/v2\/product_tag?post=13860"}],"curies":[{"name":"wp","href":"https:\/\/api.w.org\/{rel}","templated":true}]}}