{"id":13879,"date":"2024-01-18T09:53:53","date_gmt":"2024-01-18T09:53:54","guid":{"rendered":"https:\/\/www.palmaequipmentrental.com\/?post_type=product&#038;p=13879"},"modified":"2025-06-18T15:40:19","modified_gmt":"2025-06-18T15:40:19","slug":"macbook-air-13","status":"publish","type":"product","link":"https:\/\/palmaequipmentrental.com\/de\/photo-video-equipment-mallorca\/macbook-air-13\/","title":{"rendered":"MacBook Air 13&#8243;"},"content":{"rendered":"<div class=\"flex-1 overflow-hidden\">\n<div class=\"react-scroll-to-bottom--css-pycln-79elbk h-full\">\n<div class=\"react-scroll-to-bottom--css-pycln-1n7m0yu\">\n<div class=\"flex flex-col pb-9 text-sm\">\n<div class=\"w-full text-token-text-primary\" data-testid=\"conversation-turn-187\">\n<div class=\"px-4 py-2 justify-center text-base md:gap-6 m-auto\">\n<div class=\"flex flex-1 text-base mx-auto gap-3 md:px-5 lg:px-1 xl:px-5 md:max-w-3xl lg:max-w-[40rem] xl:max-w-[48rem] group final-completion\">\n<div class=\"relative flex w-full flex-col lg:w-[calc(100%-115px)] agent-turn\">\n<div class=\"flex-col gap-1 md:gap-3\">\n<div class=\"flex flex-grow flex-col max-w-full\">\n<div class=\"min-h-[20px] text-message flex flex-col items-start gap-3 whitespace-pre-wrap break-words [.text-message+&amp;]:mt-5 overflow-x-auto\" data-message-author-role=\"assistant\" data-message-id=\"fce34453-f582-46cb-90db-b262a094df2f\">\n<div class=\"markdown prose w-full break-words dark:prose-invert light\">\n<p>F\u00fcr dringende B\u00fcrobed\u00fcrfnisse w\u00e4hrend der Arbeit in Palma de Mallorca ist das MacBook Air, ein Modell Anfang 2015 mit 8 GB RAM, Ihre ideale Notfallmiete, verf\u00fcgbar bei Palma Equipment Rental. Dieser Laptop eignet sich hervorragend f\u00fcr Fachleute, die ein zuverl\u00e4ssiges und effizientes Ger\u00e4t f\u00fcr grundlegende B\u00fcroaufgaben wie Dokumentenverarbeitung und Pr\u00e4sentationen ben\u00f6tigen.<\/p>\n<ul>\n<li><strong>Modell:<\/strong> MacBook Air Anfang 2015<\/li>\n<li><strong>RAM:<\/strong> 8 GB, erm\u00f6glicht ein reibungsloses Multitasking und effizientes Arbeiten mit B\u00fcroanwendungen<\/li>\n<li><strong>Betriebssystem:<\/strong> L\u00e4uft mit macOS Catalina, bietet eine benutzerfreundliche und stabile Plattform<\/li>\n<li><strong>Tragbares Design:<\/strong> Schlank, leicht und ideal f\u00fcr Berufst\u00e4tige unterwegs<\/li>\n<li><strong>Benutzerfreundlich:<\/strong> Bekannt f\u00fcr seine intuitive macOS-Schnittstelle<\/li>\n<li><strong>Konnektivit\u00e4t:<\/strong> Kommt mit wesentlichen Anschl\u00fcssen zur einfachen Integration mit anderen Ger\u00e4ten<\/li>\n<\/ul>\n<p>Das MacBook Air mit seinem macOS Catalina-System kombiniert Stil und Funktionalit\u00e4t, was es zu einer zuverl\u00e4ssigen Wahl f\u00fcr schnelle B\u00fcroeinrichtungen oder Notf\u00e4lle macht.<\/p>\n<p>Bei Palma Equipment Rental spezialisieren wir uns darauf, schnelle L\u00f6sungen f\u00fcr die Anforderungen Ihres Projekts in Menorca, Ibiza, Formentera und auf dem spanischen Festland zu bieten. Unser Sortiment an professioneller Ausr\u00fcstung, einschlie\u00dflich dieses vielseitigen MacBook Air, wird durch 24\/7-technischen Support unterst\u00fctzt, um sicherzustellen, dass Sie immer auf jede Dringlichkeit vorbereitet sind.<\/p>\n<\/div>\n<\/div>\n<\/div>\n<\/div>\n<\/div>\n<\/div>\n<\/div>\n<\/div>\n<\/div>\n<\/div>\n<\/div>\n<\/div>\n","protected":false},"excerpt":{"rendered":"<p>F\u00fcr dringende B\u00fcrobed\u00fcrfnisse w\u00e4hrend der Arbeit in Palma de Mallorca ist das MacBook Air, ein Modell Anfang 2015 mit 8 GB RAM, Ihre ideale Notfallmiete, verf\u00fcgbar bei Palma Equipment Rental. Dieser Laptop eignet sich hervorragend f\u00fcr Fachleute, die ein zuverl\u00e4ssiges und effizientes Ger\u00e4t f\u00fcr grundlegende B\u00fcroaufgaben wie Dokumentenverarbeitung und Pr\u00e4sentationen ben\u00f6tigen. Modell: MacBook Air Anfang 2015 RAM: 8 GB, erm\u00f6glicht [&hellip;]<\/p>\n","protected":false},"featured_media":13885,"template":"","meta":[],"product_cat":[130],"product_tag":[],"class_list":{"0":"post-13879","1":"product","2":"type-product","3":"status-publish","4":"has-post-thumbnail","6":"product_cat-computer","8":"first","9":"instock","10":"shipping-taxable","11":"purchasable","12":"product-type-simple"},"_links":{"self":[{"href":"https:\/\/palmaequipmentrental.com\/de\/wp-json\/wp\/v2\/product\/13879","targetHints":{"allow":["GET"]}}],"collection":[{"href":"https:\/\/palmaequipmentrental.com\/de\/wp-json\/wp\/v2\/product"}],"about":[{"href":"https:\/\/palmaequipmentrental.com\/de\/wp-json\/wp\/v2\/types\/product"}],"wp:featuredmedia":[{"embeddable":true,"href":"https:\/\/palmaequipmentrental.com\/de\/wp-json\/wp\/v2\/media\/13885"}],"wp:attachment":[{"href":"https:\/\/palmaequipmentrental.com\/de\/wp-json\/wp\/v2\/media?parent=13879"}],"wp:term":[{"taxonomy":"product_cat","embeddable":true,"href":"https:\/\/palmaequipmentrental.com\/de\/wp-json\/wp\/v2\/product_cat?post=13879"},{"taxonomy":"product_tag","embeddable":true,"href":"https:\/\/palmaequipmentrental.com\/de\/wp-json\/wp\/v2\/product_tag?post=13879"}],"curies":[{"name":"wp","href":"https:\/\/api.w.org\/{rel}","templated":true}]}}