{"id":14016,"date":"2024-02-21T13:37:45","date_gmt":"2024-02-21T13:37:46","guid":{"rendered":"https:\/\/www.palmaequipmentrental.com\/?post_type=product&#038;p=14016"},"modified":"2025-06-12T13:41:01","modified_gmt":"2025-06-12T13:41:01","slug":"aladdin-all-in-2-bi-color-rgb-30x60","status":"publish","type":"product","link":"https:\/\/palmaequipmentrental.com\/de\/photo-video-equipment-mallorca\/aladdin-all-in-2-bi-color-rgb-30x60\/","title":{"rendered":"Aladdin ALL-IN 2 Bi Color\/RGB 30\u00d760"},"content":{"rendered":"<p>Beleuchte dein Projekt mit dem Aladdin ALL-IN 2 Gaffer Kit von Palma Equipment Rental, deiner Hauptquelle f\u00fcr professionelles fotografisches Equipment in Palma de Mallorca, Spanien. Wir bedienen Fotografen und Videografen, die an Mode- und Werbeshootings auf den Balearen und im gesamten Spanien arbeiten, dieses Kit vereint Bi-Color- und RGB-F\u00e4higkeiten f\u00fcr eine unvergleichliche Beleuchtungsflexibilit\u00e4t.<\/p>\n<p>Im Kit enthalten sind essenzielle Werkzeuge f\u00fcr kreative Beleuchtung:<\/p>\n<ul>\n<li>1x ALL-IN 2 Farb-LED-Panel, das Einstellungen von Tungsten bis Tageslicht mit lebendigen RGB-Farben mischt.<\/li>\n<li>1x Diffusor, 1x Softbox und 1x Softbox-Gitter, um deine Beleuchtung zu formen und zu weichen.<\/li>\n<li>V-Lock Batterie Power Adapter f\u00fcr erweiterte On-Location-Shootings ohne Sorgen um Stromquellen.<\/li>\n<li>DMX-Controller f\u00fcr pr\u00e4zise Beleuchtungsanpassungen und Integration in komplexe Setups.<\/li>\n<\/ul>\n<p>Bemerkenswert leicht, erm\u00f6glicht dieses Kit es dir, professionelle Beleuchtung m\u00fchelos an jeden Ort zu bringen. Ob du die Feinheiten der Bi-Color-Beleuchtung oder die Dynamik der RGB-T\u00f6ne einf\u00e4ngst, das ALL-IN 2 Kit ist deine L\u00f6sung, um jeden Schuss perfekt zu machen.<\/p>\n<p>Die Wahl des Aladdin ALL-IN 2 Gaffer Kits von Palma Equipment Rental bedeutet nicht nur Zugang zu erstklassigen Beleuchtungsl\u00f6sungen, sondern auch unser Engagement f\u00fcr Flexibilit\u00e4t, Effizienz und umfassenden Support. Beleuchte dein n\u00e4chstes Shooting mit der Raffinesse und Kreativit\u00e4t, die nur unsere Auswahl und unser Service bieten k\u00f6nnen, und stelle sicher, dass deine Arbeit mit der hochwertigsten Beleuchtung heraussticht.<\/p>\n","protected":false},"excerpt":{"rendered":"<p>Beleuchte dein Projekt mit dem Aladdin ALL-IN 2 Gaffer Kit von Palma Equipment Rental, deiner Hauptquelle f\u00fcr professionelles fotografisches Equipment in Palma de Mallorca, Spanien. Wir bedienen Fotografen und Videografen, die an Mode- und Werbeshootings auf den Balearen und im gesamten Spanien arbeiten, dieses Kit vereint Bi-Color- und RGB-F\u00e4higkeiten f\u00fcr eine unvergleichliche Beleuchtungsflexibilit\u00e4t. Im Kit enthalten sind essenzielle Werkzeuge f\u00fcr [&hellip;]<\/p>\n","protected":false},"featured_media":14022,"template":"","meta":[],"product_cat":[237,160],"product_tag":[],"class_list":{"0":"post-14016","1":"product","2":"type-product","3":"status-publish","4":"has-post-thumbnail","6":"product_cat-led-de-2","7":"product_cat-led-de","9":"first","10":"instock","11":"shipping-taxable","12":"purchasable","13":"product-type-simple"},"_links":{"self":[{"href":"https:\/\/palmaequipmentrental.com\/de\/wp-json\/wp\/v2\/product\/14016","targetHints":{"allow":["GET"]}}],"collection":[{"href":"https:\/\/palmaequipmentrental.com\/de\/wp-json\/wp\/v2\/product"}],"about":[{"href":"https:\/\/palmaequipmentrental.com\/de\/wp-json\/wp\/v2\/types\/product"}],"wp:featuredmedia":[{"embeddable":true,"href":"https:\/\/palmaequipmentrental.com\/de\/wp-json\/wp\/v2\/media\/14022"}],"wp:attachment":[{"href":"https:\/\/palmaequipmentrental.com\/de\/wp-json\/wp\/v2\/media?parent=14016"}],"wp:term":[{"taxonomy":"product_cat","embeddable":true,"href":"https:\/\/palmaequipmentrental.com\/de\/wp-json\/wp\/v2\/product_cat?post=14016"},{"taxonomy":"product_tag","embeddable":true,"href":"https:\/\/palmaequipmentrental.com\/de\/wp-json\/wp\/v2\/product_tag?post=14016"}],"curies":[{"name":"wp","href":"https:\/\/api.w.org\/{rel}","templated":true}]}}