{"id":14080,"date":"2024-05-08T10:01:56","date_gmt":"2024-05-08T10:01:57","guid":{"rendered":"https:\/\/www.palmaequipmentrental.com\/?post_type=product&#038;p=14080"},"modified":"2025-06-19T16:41:16","modified_gmt":"2025-06-19T16:41:16","slug":"nisi-rotierenden-polarisationsfilter","status":"publish","type":"product","link":"https:\/\/palmaequipmentrental.com\/de\/photo-video-equipment-mallorca\/nisi-rotierenden-polarisationsfilter\/","title":{"rendered":"NiSi Rotierenden Polarisationsfilter"},"content":{"rendered":"<p>Verbessere dein visuelles Erz\u00e4hlen mit dem NiSi Rotierenden Polarisationsfilter f\u00fcr den C5 Mattebox, jetzt zur Miete verf\u00fcgbar bei Palma Equipment Rental. Dieser spezialisierte Polarisationsfilter minimiert nicht nur unerw\u00fcnschte Reflexionen und Blendungen, sondern durchschneidet auch Dunst, was klarere und lebendigere Bilder liefert. Das drehbare Design erm\u00f6glicht eine pr\u00e4zise Steuerung der Polarisation, was ihn ideal f\u00fcr Fotografie und Videografie macht.<\/p>\n<p><strong>Technische Details:<\/strong><\/p>\n<ul>\n<li>Kompatibel mit dem NiSi C5 Mattebox<\/li>\n<li>Montierter PL-Polarisationsfilter<\/li>\n<li>Drehbares optisches Glas f\u00fcr pr\u00e4zise Polarisationseinstellungen<\/li>\n<li>M0.8 Fokuskontrollgetriebe erm\u00f6glicht manuelle oder motorisierte Einstellungen<\/li>\n<li>Hilft, Reflexionen und Blendungen zu eliminieren, reduziert Dunst<\/li>\n<li>True Color Technologie gew\u00e4hrleistet, dass keine warme Farbt\u00f6nung entsteht, im Gegensatz zu anderen Polarisationsfiltern<\/li>\n<\/ul>\n<p>Dieser Polarisationsfilter ist ein unverzichtbares Werkzeug f\u00fcr jeden, der die Qualit\u00e4t seiner Aufnahmen durch die Kontrolle von Lichtreflexionen verbessern und wahre Farben erreichen m\u00f6chte.<\/p>\n<p>Bei Palma Equipment Rental, gelegen im Herzen von Palma de Mallorca und dienend f\u00fcr die weiteren Balearen sowie das spanische Festland, bieten wir nur das Beste an fotografischer und Videoausr\u00fcstung. Unser Engagement f\u00fcr flexiblen, effizienten Service zusammen mit 24\/7 technischer Unterst\u00fctzung stellt sicher, dass jeder Aspekt deines Miet-Erlebnisses nahtlos verl\u00e4uft. W\u00e4hle uns f\u00fcr dein n\u00e4chstes Projekt und profitiere von unserem umfangreichen Angebot an professioneller Ausr\u00fcstung, die darauf ausgelegt ist, dein kreatives Werk zu erh\u00f6hen.<\/p>\n","protected":false},"excerpt":{"rendered":"<p>Verbessere dein visuelles Erz\u00e4hlen mit dem NiSi Rotierenden Polarisationsfilter f\u00fcr den C5 Mattebox, jetzt zur Miete verf\u00fcgbar bei Palma Equipment Rental. Dieser spezialisierte Polarisationsfilter minimiert nicht nur unerw\u00fcnschte Reflexionen und Blendungen, sondern durchschneidet auch Dunst, was klarere und lebendigere Bilder liefert. Das drehbare Design erm\u00f6glicht eine pr\u00e4zise Steuerung der Polarisation, was ihn ideal f\u00fcr Fotografie und Videografie macht. Technische Details: [&hellip;]<\/p>\n","protected":false},"featured_media":14064,"template":"","meta":[],"product_cat":[404,445],"product_tag":[],"class_list":{"0":"post-14080","1":"product","2":"type-product","3":"status-publish","4":"has-post-thumbnail","6":"product_cat-filter","7":"product_cat-filter-adapter-ringe","9":"first","10":"instock","11":"shipping-taxable","12":"purchasable","13":"product-type-simple"},"_links":{"self":[{"href":"https:\/\/palmaequipmentrental.com\/de\/wp-json\/wp\/v2\/product\/14080","targetHints":{"allow":["GET"]}}],"collection":[{"href":"https:\/\/palmaequipmentrental.com\/de\/wp-json\/wp\/v2\/product"}],"about":[{"href":"https:\/\/palmaequipmentrental.com\/de\/wp-json\/wp\/v2\/types\/product"}],"wp:featuredmedia":[{"embeddable":true,"href":"https:\/\/palmaequipmentrental.com\/de\/wp-json\/wp\/v2\/media\/14064"}],"wp:attachment":[{"href":"https:\/\/palmaequipmentrental.com\/de\/wp-json\/wp\/v2\/media?parent=14080"}],"wp:term":[{"taxonomy":"product_cat","embeddable":true,"href":"https:\/\/palmaequipmentrental.com\/de\/wp-json\/wp\/v2\/product_cat?post=14080"},{"taxonomy":"product_tag","embeddable":true,"href":"https:\/\/palmaequipmentrental.com\/de\/wp-json\/wp\/v2\/product_tag?post=14080"}],"curies":[{"name":"wp","href":"https:\/\/api.w.org\/{rel}","templated":true}]}}