{"id":14086,"date":"2024-05-13T09:39:06","date_gmt":"2024-05-13T09:39:07","guid":{"rendered":"https:\/\/www.palmaequipmentrental.com\/?post_type=product&#038;p=14086"},"modified":"2025-06-18T15:53:15","modified_gmt":"2025-06-18T15:53:15","slug":"nisi-black-mist-filtern-4x5-65","status":"publish","type":"product","link":"https:\/\/palmaequipmentrental.com\/de\/photo-video-equipment-mallorca\/nisi-black-mist-filtern-4x5-65\/","title":{"rendered":"NiSi Black Mist Filtern 4&#215;5.65&#8243;"},"content":{"rendered":"<p>Verleihe deinem Filmmaterial eine kinematografische Weichheit mit dem NiSi Allure Mist Black Diffusionsfilter-Set, jetzt zur Miete verf\u00fcgbar bei Palma Equipment Rental. Dieses Set enth\u00e4lt 4&#215;5.65 Zoll Filter in den Abstufungen 1\/8, 1\/4, 1\/2 und voller Stop, jeder sorgf\u00e4ltig gestaltet, um dein Bild durch subtile Weichzeichnung der Sch\u00e4rfe, Reduzierung von Highlights und Senkung des Kontrasts zu verbessern. Ideal, um eine traumhafte, filmartige Atmosph\u00e4re zu erreichen, helfen diese Filter auch, Hautunreinheiten zu gl\u00e4tten und gehobene Schatten zu erzeugen, die Tiefe und Charakter deinen Szenen hinzuf\u00fcgen.<\/p>\n<p><strong>Technische Details:<\/strong><\/p>\n<ul>\n<li>Gr\u00f6\u00dfen: 4&#215;5.65 Zoll, 4mm dicke Kinofilter<\/li>\n<li>Enth\u00e4lt Dichten: 1\/8, 1\/4, 1\/2, Vollst\u00e4ndiger Stop<\/li>\n<li>Hergestellt aus exklusivem NiSi-Linsenglas von h\u00f6chster Qualit\u00e4t<\/li>\n<li>Weicht Sch\u00e4rfe auf und reduziert Highlights f\u00fcr einen filmischen Look<\/li>\n<li>Senkt den Kontrast und gl\u00e4ttet sanft Falten und Hautunreinheiten<\/li>\n<li>Erzeugt neblige, gehobene Schatten, um Tiefe und Charakter in den Bildern zu verbessern<\/li>\n<\/ul>\n<p>Das NiSi Allure Mist Black Diffusionsfilter-Set ist perfekt f\u00fcr Filmemacher und Fotografen, die ihren visuellen Projekten eine sanfte, \u00e4therische Qualit\u00e4t verleihen m\u00f6chten.<\/p>\n<p>Bei Palma Equipment Rental, mit Sitz in Palma de Mallorca und Diensten f\u00fcr die gesamten Balearen und das spanische Festland, bieten wir nur das Beste an professioneller Foto- und Videoausr\u00fcstung. Unsere Palette an hochwertigen Filtern, einschlie\u00dflich der NiSi Allure Mist Black, erf\u00fcllt die anspruchsvollen Anforderungen kreativer Profis. Mit unserem flexiblen, effizienten Service und 24\/7 technischer Unterst\u00fctzung stellen wir sicher, dass<\/p>\n","protected":false},"excerpt":{"rendered":"<p>Verleihe deinem Filmmaterial eine kinematografische Weichheit mit dem NiSi Allure Mist Black Diffusionsfilter-Set, jetzt zur Miete verf\u00fcgbar bei Palma Equipment Rental. Dieses Set enth\u00e4lt 4&#215;5.65 Zoll Filter in den Abstufungen 1\/8, 1\/4, 1\/2 und voller Stop, jeder sorgf\u00e4ltig gestaltet, um dein Bild durch subtile Weichzeichnung der Sch\u00e4rfe, Reduzierung von Highlights und Senkung des Kontrasts zu verbessern. Ideal, um eine traumhafte, [&hellip;]<\/p>\n","protected":false},"featured_media":14061,"template":"","meta":[],"product_cat":[445,404],"product_tag":[],"class_list":{"0":"post-14086","1":"product","2":"type-product","3":"status-publish","4":"has-post-thumbnail","6":"product_cat-filter-adapter-ringe","7":"product_cat-filter","9":"first","10":"instock","11":"shipping-taxable","12":"purchasable","13":"product-type-simple"},"_links":{"self":[{"href":"https:\/\/palmaequipmentrental.com\/de\/wp-json\/wp\/v2\/product\/14086","targetHints":{"allow":["GET"]}}],"collection":[{"href":"https:\/\/palmaequipmentrental.com\/de\/wp-json\/wp\/v2\/product"}],"about":[{"href":"https:\/\/palmaequipmentrental.com\/de\/wp-json\/wp\/v2\/types\/product"}],"wp:featuredmedia":[{"embeddable":true,"href":"https:\/\/palmaequipmentrental.com\/de\/wp-json\/wp\/v2\/media\/14061"}],"wp:attachment":[{"href":"https:\/\/palmaequipmentrental.com\/de\/wp-json\/wp\/v2\/media?parent=14086"}],"wp:term":[{"taxonomy":"product_cat","embeddable":true,"href":"https:\/\/palmaequipmentrental.com\/de\/wp-json\/wp\/v2\/product_cat?post=14086"},{"taxonomy":"product_tag","embeddable":true,"href":"https:\/\/palmaequipmentrental.com\/de\/wp-json\/wp\/v2\/product_tag?post=14086"}],"curies":[{"name":"wp","href":"https:\/\/api.w.org\/{rel}","templated":true}]}}