{"id":14142,"date":"2024-05-23T12:14:09","date_gmt":"2024-05-23T12:14:09","guid":{"rendered":"https:\/\/www.palmaequipmentrental.com\/?post_type=product&#038;p=14142"},"modified":"2025-06-17T12:16:58","modified_gmt":"2025-06-17T12:16:58","slug":"hollyland-lark-mikrofonsystem","status":"publish","type":"product","link":"https:\/\/palmaequipmentrental.com\/de\/photo-video-equipment-mallorca\/hollyland-lark-mikrofonsystem\/","title":{"rendered":"Hollyland Lark Mikrofonsystem"},"content":{"rendered":"<p>Erfassen Sie Audio in Studioqualit\u00e4t mit dem Hollyland Lark Max Kit, verf\u00fcgbar zur Miete bei Palma Equipment Rental. Dieses drahtlose Lavalier-Mikrofonsystem ist perfekt f\u00fcr Fotografen, Videografen und Content-Ersteller, die Studioqualit\u00e4t erzielen m\u00f6chten. Ideal f\u00fcr Studioaufnahmen, Dreharbeiten vor Ort und Live-Events bietet das Lark Max Kit erstklassige Audioleistung.<\/p>\n<p>Technische Details:<\/p>\n<ul>\n<li>Studioqualit\u00e4t Audio: 48kHz Abtastrate, 24-Bit-Tiefe, 70dB SNR und 128dB SPL<\/li>\n<li>Professionelle Umgebungsger\u00e4uschunterdr\u00fcckung (ENC)<\/li>\n<li>Ein-Klick-Interne Aufnahme: 8GB interner Speicher pro Sender f\u00fcr 14 Stunden unkomprimierte wav-Dateien<\/li>\n<li>Langstrecken\u00fcbertragung: Bis zu 820ft (250m) in offenen Bereichen<\/li>\n<li>Lange Akkulaufzeit: Bis zu 22 Stunden mit Ladeetui<\/li>\n<li>Klangkavit\u00e4tsdesign f\u00fcr nat\u00fcrlichen, klaren Klang<\/li>\n<li>Weite Kompatibilit\u00e4t: Funktioniert mit DSLR-Kameras, iPhone, Android und PC<\/li>\n<\/ul>\n<p>Das Hollyland Lark Max Kit bietet unvergleichliche Audioqualit\u00e4t und Zuverl\u00e4ssigkeit, was es zu einem unverzichtbaren Werkzeug f\u00fcr die Aufnahme professionellen Tons in Mode- und Werbekampagnen, Social-Media-Inhalten, Hochzeiten und mehr macht.<\/p>\n<p>Bei Palma Equipment Rental, mit Sitz in Palma de Mallorca, Spanien, bieten wir hochwertiges Foto-, Video- und Produktionsequipment f\u00fcr Profis. Wir bedienen die Balearen und das spanische Festland mit einem Inventar, das f\u00fchrende Marken wie Profoto, Arri und Manfrotto umfasst. Mit flexiblem, effizientem und freundlichem Service sowie technischem Support rund um die Uhr sorgen wir daf\u00fcr, dass Ihre kreativen Projekte reibungslos ablaufen. Mieten Sie die beste Ausr\u00fcstung, um Ihre Vision zum Leben zu erwecken.<\/p>\n","protected":false},"excerpt":{"rendered":"<p>Erfassen Sie Audio in Studioqualit\u00e4t mit dem Hollyland Lark Max Kit, verf\u00fcgbar zur Miete bei Palma Equipment Rental. Dieses drahtlose Lavalier-Mikrofonsystem ist perfekt f\u00fcr Fotografen, Videografen und Content-Ersteller, die Studioqualit\u00e4t erzielen m\u00f6chten. Ideal f\u00fcr Studioaufnahmen, Dreharbeiten vor Ort und Live-Events bietet das Lark Max Kit erstklassige Audioleistung. Technische Details: Studioqualit\u00e4t Audio: 48kHz Abtastrate, 24-Bit-Tiefe, 70dB SNR und 128dB SPL Professionelle [&hellip;]<\/p>\n","protected":false},"featured_media":14151,"template":"","meta":[],"product_cat":[184],"product_tag":[],"class_list":{"0":"post-14142","1":"product","2":"type-product","3":"status-publish","4":"has-post-thumbnail","6":"product_cat-audio-de","8":"first","9":"instock","10":"shipping-taxable","11":"purchasable","12":"product-type-simple"},"_links":{"self":[{"href":"https:\/\/palmaequipmentrental.com\/de\/wp-json\/wp\/v2\/product\/14142","targetHints":{"allow":["GET"]}}],"collection":[{"href":"https:\/\/palmaequipmentrental.com\/de\/wp-json\/wp\/v2\/product"}],"about":[{"href":"https:\/\/palmaequipmentrental.com\/de\/wp-json\/wp\/v2\/types\/product"}],"wp:featuredmedia":[{"embeddable":true,"href":"https:\/\/palmaequipmentrental.com\/de\/wp-json\/wp\/v2\/media\/14151"}],"wp:attachment":[{"href":"https:\/\/palmaequipmentrental.com\/de\/wp-json\/wp\/v2\/media?parent=14142"}],"wp:term":[{"taxonomy":"product_cat","embeddable":true,"href":"https:\/\/palmaequipmentrental.com\/de\/wp-json\/wp\/v2\/product_cat?post=14142"},{"taxonomy":"product_tag","embeddable":true,"href":"https:\/\/palmaequipmentrental.com\/de\/wp-json\/wp\/v2\/product_tag?post=14142"}],"curies":[{"name":"wp","href":"https:\/\/api.w.org\/{rel}","templated":true}]}}