{"id":14175,"date":"2024-05-27T09:53:33","date_gmt":"2024-05-27T09:53:33","guid":{"rendered":"https:\/\/www.palmaequipmentrental.com\/?post_type=product&#038;p=14175"},"modified":"2024-05-27T09:57:32","modified_gmt":"2024-05-27T09:57:32","slug":"audio-system","status":"publish","type":"product","link":"https:\/\/palmaequipmentrental.com\/de\/photo-video-equipment-mallorca\/audio-system\/","title":{"rendered":"Audiosystem"},"content":{"rendered":"<p>Liefern Sie au\u00dfergew\u00f6hnlichen Klang mit dem Yamaha Stagepas 1K Stereo Bundle, verf\u00fcgbar zur Miete bei Palma Equipment Rental. Dieses professionelle Audiosystem, das zwei aktive Lautsprechers\u00e4ulen umfasst \u2013 den Yamaha Stagepas 1K MK2 und den Yamaha DXL1K \u2013 ist perfekt f\u00fcr Hochzeiten, DJs, kleine Bands, Fotoshootings, Musikvideos und verschiedene Veranstaltungen. Mit seiner hervorragenden Klangqualit\u00e4t und benutzerfreundlichem Design sorgt das Stagepas 1K daf\u00fcr, dass Ihre Performance laut und klar geh\u00f6rt wird.<\/p>\n<p>Technische Details:<\/p>\n<ul>\n<li>Gesamtleistung: 2200W (1100W pro Lautsprechers\u00e4ule)<\/li>\n<li>Kompaktes und tragbares Design f\u00fcr einfachen Transport und Aufbau<\/li>\n<li>Eingebauter 5-Kanal-Digitalmixer mit minimalem Kabelaufwand<\/li>\n<li>Hochwertige 12&#8243; Subwoofer f\u00fcr tiefen Bass<\/li>\n<li>10 Array-Lautsprecher pro S\u00e4ule f\u00fcr klare und gleichm\u00e4\u00dfige Schallverteilung<\/li>\n<li>Bluetooth-Konnektivit\u00e4t f\u00fcr kabelloses Audio-Streaming<\/li>\n<li>Integrierte Reverb- und EQ-Regler f\u00fcr optimale Klanganpassung<\/li>\n<\/ul>\n<p>Das Yamaha Stagepas 1K Stereo Bundle bietet unvergleichliche Audioleistung und Vielseitigkeit, was es zu einem unverzichtbaren Werkzeug f\u00fcr professionelle Tonverst\u00e4rkung bei Hochzeiten, DJ-Sets, kleinen Bandauftritten, Fotoshootings, Musikvideos und verschiedenen Veranstaltungen macht.<\/p>\n<p>Bei Palma Equipment Rental, mit Sitz in Palma de Mallorca, Spanien, bieten wir hochwertiges Foto-, Video- und Produktionsequipment f\u00fcr Profis. Wir bedienen die Balearen und das spanische Festland mit einem Inventar, das f\u00fchrende Marken wie Profoto, Arri und Manfrotto umfasst. Mit flexiblem, effizientem und freundlichem Service sowie technischem Support rund um die Uhr sorgen wir daf\u00fcr, dass Ihre Veranstaltungen so gut klingen, wie sie aussehen. Mieten Sie die beste Ausr\u00fcstung, um Ihre Vision zum Leben zu erwecken.<\/p>\n","protected":false},"excerpt":{"rendered":"<p>Liefern Sie au\u00dfergew\u00f6hnlichen Klang mit dem Yamaha Stagepas 1K Stereo Bundle, verf\u00fcgbar zur Miete bei Palma Equipment Rental. Dieses professionelle Audiosystem, das zwei aktive Lautsprechers\u00e4ulen umfasst \u2013 den Yamaha Stagepas 1K MK2 und den Yamaha DXL1K \u2013 ist perfekt f\u00fcr Hochzeiten, DJs, kleine Bands, Fotoshootings, Musikvideos und verschiedene Veranstaltungen. Mit seiner hervorragenden Klangqualit\u00e4t und benutzerfreundlichem Design sorgt das Stagepas 1K [&hellip;]<\/p>\n","protected":false},"featured_media":14178,"template":"","meta":[],"product_cat":[125],"product_tag":[],"class_list":{"0":"post-14175","1":"product","2":"type-product","3":"status-publish","4":"has-post-thumbnail","6":"product_cat-produktion-de","8":"first","9":"instock","10":"shipping-taxable","11":"purchasable","12":"product-type-simple"},"_links":{"self":[{"href":"https:\/\/palmaequipmentrental.com\/de\/wp-json\/wp\/v2\/product\/14175","targetHints":{"allow":["GET"]}}],"collection":[{"href":"https:\/\/palmaequipmentrental.com\/de\/wp-json\/wp\/v2\/product"}],"about":[{"href":"https:\/\/palmaequipmentrental.com\/de\/wp-json\/wp\/v2\/types\/product"}],"wp:featuredmedia":[{"embeddable":true,"href":"https:\/\/palmaequipmentrental.com\/de\/wp-json\/wp\/v2\/media\/14178"}],"wp:attachment":[{"href":"https:\/\/palmaequipmentrental.com\/de\/wp-json\/wp\/v2\/media?parent=14175"}],"wp:term":[{"taxonomy":"product_cat","embeddable":true,"href":"https:\/\/palmaequipmentrental.com\/de\/wp-json\/wp\/v2\/product_cat?post=14175"},{"taxonomy":"product_tag","embeddable":true,"href":"https:\/\/palmaequipmentrental.com\/de\/wp-json\/wp\/v2\/product_tag?post=14175"}],"curies":[{"name":"wp","href":"https:\/\/api.w.org\/{rel}","templated":true}]}}