{"id":14182,"date":"2024-05-27T10:02:50","date_gmt":"2024-05-27T10:02:51","guid":{"rendered":"https:\/\/www.palmaequipmentrental.com\/?post_type=product&#038;p=14182"},"modified":"2025-06-13T14:13:42","modified_gmt":"2025-06-13T14:13:42","slug":"drahtloses-mikrofonsystem","status":"publish","type":"product","link":"https:\/\/palmaequipmentrental.com\/de\/photo-video-equipment-mallorca\/drahtloses-mikrofonsystem\/","title":{"rendered":"Drahtloses Mikrofonsystem"},"content":{"rendered":"<div class=\"flex flex-grow flex-col max-w-full\">\n<div class=\"min-h-[20px] text-message flex flex-col items-start whitespace-pre-wrap break-words [.text-message+&amp;]:mt-5 juice:w-full juice:items-end overflow-x-auto gap-2\" dir=\"auto\" data-message-author-role=\"assistant\" data-message-id=\"6eae0b55-d51b-4a27-9645-75dae75386a7\">\n<div class=\"flex w-full flex-col gap-1 juice:empty:hidden juice:first:pt-[3px]\">\n<div class=\"markdown prose w-full break-words dark:prose-invert light\">\n<p>Sorgen Sie f\u00fcr kristallklaren Klang bei Reden und Pr\u00e4sentationen mit dem MB85 Wireless Mic Bundle, verf\u00fcgbar zur Miete bei Palma Equipment Rental. Dieses professionelle Mikrofonsystem ist perfekt f\u00fcr Veranstaltungen, Konferenzen, Hochzeiten und \u00f6ffentliche Reden. Mit seiner hervorragenden Klangqualit\u00e4t und benutzerfreundlichem Design sorgt das MB85 Wireless Mic Bundle daf\u00fcr, dass Ihre Botschaft laut und deutlich geh\u00f6rt wird.<\/p>\n<p>Technische Details:<\/p>\n<ul>\n<li>Drahtloses Mikrofonsystem mit zwei Kan\u00e4len<\/li>\n<li>Betriebsreichweite bis zu 100 Meter<\/li>\n<li>Hochwertiger Klang mit minimaler Interferenz<\/li>\n<li>Eingebaute wiederaufladbare Batterien mit bis zu 10 Stunden Laufzeit<\/li>\n<li>Leichtes und tragbares Design f\u00fcr einfachen Aufbau und Transport<\/li>\n<li>LCD-Display f\u00fcr einfache \u00dcberwachung und Steuerung<\/li>\n<li>Mehrere Frequenzoptionen zur Vermeidung von Interferenzen<\/li>\n<\/ul>\n<p>Das MB85 Wireless Mic Bundle bietet zuverl\u00e4ssige und hochwertige Audioleistung, was es zu einem unverzichtbaren Werkzeug f\u00fcr professionelle Reden und Pr\u00e4sentationen bei jeder Veranstaltung macht.<\/p>\n<p>Bei Palma Equipment Rental, mit Sitz in Palma de Mallorca, Spanien, bieten wir hochwertiges Foto-, Video- und Produktionsequipment f\u00fcr Profis. Wir bedienen die Balearen und das spanische Festland mit einem Inventar, das f\u00fchrende Marken wie Profoto, Arri und Manfrotto umfasst. Mit flexiblem, effizientem und freundlichem Service sowie technischem Support rund um die Uhr sorgen wir daf\u00fcr, dass Ihre Veranstaltungen so gut klingen, wie sie aussehen. Mieten Sie die beste Ausr\u00fcstung, um Ihre Vision zum Leben zu erwecken.<\/p>\n<\/div>\n<\/div>\n<\/div>\n<\/div>\n","protected":false},"excerpt":{"rendered":"<p>Sorgen Sie f\u00fcr kristallklaren Klang bei Reden und Pr\u00e4sentationen mit dem MB85 Wireless Mic Bundle, verf\u00fcgbar zur Miete bei Palma Equipment Rental. Dieses professionelle Mikrofonsystem ist perfekt f\u00fcr Veranstaltungen, Konferenzen, Hochzeiten und \u00f6ffentliche Reden. Mit seiner hervorragenden Klangqualit\u00e4t und benutzerfreundlichem Design sorgt das MB85 Wireless Mic Bundle daf\u00fcr, dass Ihre Botschaft laut und deutlich geh\u00f6rt wird. Technische Details: Drahtloses Mikrofonsystem [&hellip;]<\/p>\n","protected":false},"featured_media":14185,"template":"","meta":[],"product_cat":[184],"product_tag":[],"class_list":{"0":"post-14182","1":"product","2":"type-product","3":"status-publish","4":"has-post-thumbnail","6":"product_cat-audio-de","8":"first","9":"instock","10":"shipping-taxable","11":"purchasable","12":"product-type-simple"},"_links":{"self":[{"href":"https:\/\/palmaequipmentrental.com\/de\/wp-json\/wp\/v2\/product\/14182","targetHints":{"allow":["GET"]}}],"collection":[{"href":"https:\/\/palmaequipmentrental.com\/de\/wp-json\/wp\/v2\/product"}],"about":[{"href":"https:\/\/palmaequipmentrental.com\/de\/wp-json\/wp\/v2\/types\/product"}],"wp:featuredmedia":[{"embeddable":true,"href":"https:\/\/palmaequipmentrental.com\/de\/wp-json\/wp\/v2\/media\/14185"}],"wp:attachment":[{"href":"https:\/\/palmaequipmentrental.com\/de\/wp-json\/wp\/v2\/media?parent=14182"}],"wp:term":[{"taxonomy":"product_cat","embeddable":true,"href":"https:\/\/palmaequipmentrental.com\/de\/wp-json\/wp\/v2\/product_cat?post=14182"},{"taxonomy":"product_tag","embeddable":true,"href":"https:\/\/palmaequipmentrental.com\/de\/wp-json\/wp\/v2\/product_tag?post=14182"}],"curies":[{"name":"wp","href":"https:\/\/api.w.org\/{rel}","templated":true}]}}