{"id":14207,"date":"2024-05-29T09:19:16","date_gmt":"2024-05-29T09:19:16","guid":{"rendered":"https:\/\/www.palmaequipmentrental.com\/?post_type=product&#038;p=14207"},"modified":"2025-06-18T15:52:23","modified_gmt":"2025-06-18T15:52:23","slug":"nisi-x5-65-pure-clear-optical-flat-filter","status":"publish","type":"product","link":"https:\/\/palmaequipmentrental.com\/de\/photo-video-equipment-mallorca\/nisi-x5-65-pure-clear-optical-flat-filter\/","title":{"rendered":"NiSi \u00d75.65\u2033 Pure Clear Optical Flat Filter"},"content":{"rendered":"<p>Sch\u00fctzen Sie Ihr Objektiv mit dem NiSi Cinema 4\u00d75.65\u2033 Pure Clear Optical Flat Filter, verf\u00fcgbar zur Miete bei Palma Equipment Rental. Dieser hochwertige optische Filter wurde entwickelt, um Ihr Objektiv vor Staub, Kratzern, Feuchtigkeit und anderen potenziellen Sch\u00e4den zu sch\u00fctzen, ohne die Belichtung oder Bildqualit\u00e4t zu beeintr\u00e4chtigen. Ideal f\u00fcr Studioaufnahmen, Dreharbeiten vor Ort und dynamische Szenen sorgt der NiSi Pure Clear Filter daf\u00fcr, dass Ihre Ausr\u00fcstung in einwandfreiem Zustand bleibt.<\/p>\n<p>Technische Details:<\/p>\n<ul>\n<li>Gr\u00f6\u00dfe: 4 \u00d7 5.65 Zoll<\/li>\n<li>Reines klares optisches Glas f\u00fcr maximale Transparenz<\/li>\n<li>Beeintr\u00e4chtigt nicht die Belichtung oder Bildqualit\u00e4t<\/li>\n<li>Sch\u00fctzt vor Staub, Kratzern und Feuchtigkeit<\/li>\n<li>Antireflexbeschichtung zur Reduzierung von Blendung und Reflexionen<\/li>\n<li>Kratzfestes und langlebiges Design<\/li>\n<li>Kompatibel mit Standard-Matte-Boxen<\/li>\n<\/ul>\n<p>Der NiSi Cinema Optical Filter 4 \u00d7 5.65\u2033 Pure Clear bietet unvergleichlichen Schutz und Klarheit und ist damit ein unverzichtbares Werkzeug f\u00fcr die Pflege Ihrer Objektive in der professionellen Foto- und Videoproduktion.<\/p>\n<p>Mit Sitz in Palma de Mallorca, Spanien, sind wir Ihr vertrauensw\u00fcrdiger Partner f\u00fcr die Vermietung professioneller Foto-, Video- und Produktionsequipment. Wir bedienen die Balearen und das spanische Festland mit einem Inventar, das f\u00fchrende Marken wie Profoto, Arri und Manfrotto umfasst. Mit flexiblem, effizientem und freundlichem Service sowie technischem Support rund um die Uhr sorgen wir daf\u00fcr, dass Ihre kreativen Projekte reibungslos ablaufen. Mieten Sie die beste Ausr\u00fcstung, um Ihre Vision zum Leben zu erwecken.<\/p>\n","protected":false},"excerpt":{"rendered":"<p>Sch\u00fctzen Sie Ihr Objektiv mit dem NiSi Cinema 4\u00d75.65\u2033 Pure Clear Optical Flat Filter, verf\u00fcgbar zur Miete bei Palma Equipment Rental. Dieser hochwertige optische Filter wurde entwickelt, um Ihr Objektiv vor Staub, Kratzern, Feuchtigkeit und anderen potenziellen Sch\u00e4den zu sch\u00fctzen, ohne die Belichtung oder Bildqualit\u00e4t zu beeintr\u00e4chtigen. Ideal f\u00fcr Studioaufnahmen, Dreharbeiten vor Ort und dynamische Szenen sorgt der NiSi Pure [&hellip;]<\/p>\n","protected":false},"featured_media":14210,"template":"","meta":[],"product_cat":[404,445],"product_tag":[],"class_list":{"0":"post-14207","1":"product","2":"type-product","3":"status-publish","4":"has-post-thumbnail","6":"product_cat-filter","7":"product_cat-filter-adapter-ringe","9":"first","10":"instock","11":"shipping-taxable","12":"purchasable","13":"product-type-simple"},"_links":{"self":[{"href":"https:\/\/palmaequipmentrental.com\/de\/wp-json\/wp\/v2\/product\/14207","targetHints":{"allow":["GET"]}}],"collection":[{"href":"https:\/\/palmaequipmentrental.com\/de\/wp-json\/wp\/v2\/product"}],"about":[{"href":"https:\/\/palmaequipmentrental.com\/de\/wp-json\/wp\/v2\/types\/product"}],"wp:featuredmedia":[{"embeddable":true,"href":"https:\/\/palmaequipmentrental.com\/de\/wp-json\/wp\/v2\/media\/14210"}],"wp:attachment":[{"href":"https:\/\/palmaequipmentrental.com\/de\/wp-json\/wp\/v2\/media?parent=14207"}],"wp:term":[{"taxonomy":"product_cat","embeddable":true,"href":"https:\/\/palmaequipmentrental.com\/de\/wp-json\/wp\/v2\/product_cat?post=14207"},{"taxonomy":"product_tag","embeddable":true,"href":"https:\/\/palmaequipmentrental.com\/de\/wp-json\/wp\/v2\/product_tag?post=14207"}],"curies":[{"name":"wp","href":"https:\/\/api.w.org\/{rel}","templated":true}]}}