{"id":14214,"date":"2024-05-30T10:48:15","date_gmt":"2024-05-30T10:48:15","guid":{"rendered":"https:\/\/www.palmaequipmentrental.com\/?post_type=product&#038;p=14214"},"modified":"2025-06-27T17:26:44","modified_gmt":"2025-06-27T17:26:44","slug":"wasserdichten-handyhulle-mallorca-rental","status":"publish","type":"product","link":"https:\/\/palmaequipmentrental.com\/de\/photo-video-equipment-mallorca\/wasserdichten-handyhulle-mallorca-rental\/","title":{"rendered":"Wasserdichten Handyh\u00fclle"},"content":{"rendered":"<p>Sch\u00fctzen Sie Ihr Telefon mit der IPX8 wasserdichten Handyh\u00fclle, verf\u00fcgbar zur Miete bei Palma Equipment Rental. Dieses Unterwassergeh\u00e4use ist perfekt, um Ihr Ger\u00e4t bei Outdoor-Aktivit\u00e4ten, Unterwasserfotografie und Regenbedingungen zu sch\u00fctzen. Kompatibel mit einer Vielzahl von Smartphones, einschlie\u00dflich iPhone- und Samsung-Modellen, sorgt diese H\u00fclle daf\u00fcr, dass Ihr Telefon trocken und funktionsf\u00e4hig bleibt.<\/p>\n<ul>\n<li><strong>Breite Kompatibilit\u00e4t<\/strong>: Kompatibel mit Smartphones unter 7 Zoll, einschlie\u00dflich iPhone, Samsung, Huawei, Google, OnePlus, Xiaomi, Redmi, Motorola, LG, OPPO, vivo und mehr. Detaillierte Beschreibung f\u00fcr kompatible Telefone beachten.<\/li>\n<li><strong>Robust, Stabil und Wasserdicht<\/strong>: Klein in der Gr\u00f6\u00dfe und wasserdicht bis zu 15 Meter f\u00fcr 2 Stunden. Hergestellt aus dicker, transparenter PET-Folie und Verbundkunststoff, bietet ein weiches aber langlebiges Display.<\/li>\n<li><strong>Eingebauter Kamerastativ-Anschluss<\/strong>: Verf\u00fcgt \u00fcber ein 1\/4-Zoll-Schraubloch zum Anschluss an professionelles Fotozubeh\u00f6r wie Einbeinstativ, Stativ oder Stabilisator. Inklusive Nackenriemen f\u00fcr einfachen Transport.<\/li>\n<li><strong>Schnelle Einrichtung<\/strong>: Stecken Sie Ihr Telefon ein und schlie\u00dfen Sie das Geh\u00e4use. Schalten Sie einfach Ihre Kamera oder Ihr Video ein, bevor Sie unter Wasser gehen. Das wasserdichte Geh\u00e4use hat ein &#8222;Ausl\u00f6ser&#8220;-Design, mit dem Sie den &#8222;Ausl\u00f6ser&#8220;-Knopf direkt dr\u00fccken k\u00f6nnen, um alle Details Ihres Abenteuers festzuhalten.<\/li>\n<li><strong>Sicheres Design<\/strong>: Zweite Generation vollst\u00e4ndig versiegeltes wasserdichtes Telefongeh\u00e4use ohne tote Winkel, bietet 360-Grad-Schutz f\u00fcr Ihr Telefon. Ideal zum Aufnehmen klarer und hochaufl\u00f6sender Bilder unter Wasser.<\/li>\n<\/ul>\n<p>Die IPX8 wasserdichte Handyh\u00fclle bietet unvergleichlichen Schutz und Komfort und ist damit ein unverzichtbares Zubeh\u00f6r f\u00fcr Outdoor-Enthusiasten, Fotografen und alle, die zuverl\u00e4ssigen Schutz f\u00fcr ihr Telefon in nassen Umgebungen ben\u00f6tigen.<\/p>\n<p>Mit Sitz in Palma de Mallorca, Spanien, sind wir Ihr vertrauensw\u00fcrdiger Partner f\u00fcr die Vermietung professioneller Foto-, Video- und Produktionsequipment. Wir bedienen die Balearen und das spanische Festland mit einem Inventar, das f\u00fchrende Marken wie Profoto, Arri und Manfrotto umfasst. Mit flexiblem, effizientem und freundlichem Service sowie technischem Support rund um die Uhr sorgen wir daf\u00fcr, dass Ihre kreativen Projekte reibungslos ablaufen. Mieten Sie die beste Ausr\u00fcstung, um Ihre Vision zum Leben zu erwecken.<\/p>\n","protected":false},"excerpt":{"rendered":"<p>Sch\u00fctzen Sie Ihr Telefon mit der IPX8 wasserdichten Handyh\u00fclle, verf\u00fcgbar zur Miete bei Palma Equipment Rental. Dieses Unterwassergeh\u00e4use ist perfekt, um Ihr Ger\u00e4t bei Outdoor-Aktivit\u00e4ten, Unterwasserfotografie und Regenbedingungen zu sch\u00fctzen. Kompatibel mit einer Vielzahl von Smartphones, einschlie\u00dflich iPhone- und Samsung-Modellen, sorgt diese H\u00fclle daf\u00fcr, dass Ihr Telefon trocken und funktionsf\u00e4hig bleibt. Breite Kompatibilit\u00e4t: Kompatibel mit Smartphones unter 7 Zoll, einschlie\u00dflich [&hellip;]<\/p>\n","protected":false},"featured_media":14217,"template":"","meta":[],"product_cat":[142,169],"product_tag":[],"class_list":{"0":"post-14214","1":"product","2":"type-product","3":"status-publish","4":"has-post-thumbnail","6":"product_cat-kamera-body","7":"product_cat-kamera-body-de","9":"first","10":"instock","11":"shipping-taxable","12":"purchasable","13":"product-type-simple"},"_links":{"self":[{"href":"https:\/\/palmaequipmentrental.com\/de\/wp-json\/wp\/v2\/product\/14214","targetHints":{"allow":["GET"]}}],"collection":[{"href":"https:\/\/palmaequipmentrental.com\/de\/wp-json\/wp\/v2\/product"}],"about":[{"href":"https:\/\/palmaequipmentrental.com\/de\/wp-json\/wp\/v2\/types\/product"}],"wp:featuredmedia":[{"embeddable":true,"href":"https:\/\/palmaequipmentrental.com\/de\/wp-json\/wp\/v2\/media\/14217"}],"wp:attachment":[{"href":"https:\/\/palmaequipmentrental.com\/de\/wp-json\/wp\/v2\/media?parent=14214"}],"wp:term":[{"taxonomy":"product_cat","embeddable":true,"href":"https:\/\/palmaequipmentrental.com\/de\/wp-json\/wp\/v2\/product_cat?post=14214"},{"taxonomy":"product_tag","embeddable":true,"href":"https:\/\/palmaequipmentrental.com\/de\/wp-json\/wp\/v2\/product_tag?post=14214"}],"curies":[{"name":"wp","href":"https:\/\/api.w.org\/{rel}","templated":true}]}}