{"id":14220,"date":"2024-06-05T09:35:14","date_gmt":"2024-06-05T09:35:15","guid":{"rendered":"https:\/\/www.palmaequipmentrental.com\/?post_type=product&#038;p=14220"},"modified":"2025-06-13T14:15:19","modified_gmt":"2025-06-13T14:15:19","slug":"ecoflow-delta-pro","status":"publish","type":"product","link":"https:\/\/palmaequipmentrental.com\/de\/photo-video-equipment-mallorca\/ecoflow-delta-pro\/","title":{"rendered":"EcoFlow Delta Pro"},"content":{"rendered":"<p>Versorgen Sie Ihre Projekte mit dem EcoFlow DELTA Pro, verf\u00fcgbar zur Miete bei Palma Equipment Rental. Diese tragbare Hochleistungskraftstation ist perfekt f\u00fcr Au\u00dfendrehs, Veranstaltungen und jede Situation, in der zuverl\u00e4ssige Energie erforderlich ist. Egal ob Sie vor Ort sind oder einen Dreh leiten, der EcoFlow DELTA Pro stellt sicher, dass Sie die ben\u00f6tigte Energie haben.<\/p>\n<p>Technische Details<\/p>\n<ul>\n<li>Kapazit\u00e4t 3.6kWh<\/li>\n<li>Ausgangsleistung 3600W, mit Spitzenleistung bis zu 7200W<\/li>\n<li>Mehrere Ausgangsoptionen einschlie\u00dflich sechs Steckdosen, zwei USB-C-Ports, vier USB-A-Ports und eine Autosteckdose<\/li>\n<li>Robustes Design mit R\u00e4dern und einem intuitiven LCD-Bildschirm f\u00fcr einfachen Transport und \u00dcberwachung<\/li>\n<li>Fortschrittliches Batteriemanagementsystem, das Sicherheit und Effizienz gew\u00e4hrleistet<\/li>\n<\/ul>\n<p>Der EcoFlow DELTA Pro ist unverzichtbar, um Ihr Equipment am Set reibungslos laufen zu lassen, von der Stromversorgung f\u00fcr Lichter und Kameras bis hin zum Laden von Batterien und dem Betrieb von Laptops.<\/p>\n<p>Mit Sitz in Palma de Mallorca, Spanien, ist Palma Equipment Rental Ihr vertrauensw\u00fcrdiger Partner f\u00fcr die Vermietung professioneller Foto-, Video- und Produktionsequipment. Wir bedienen die Balearen und das spanische Festland und bieten f\u00fchrende Marken wie Profoto, Arri und Manfrotto. Mit flexiblem, effizientem und freundlichem Service sowie technischem Support rund um die Uhr sorgen wir daf\u00fcr, dass Ihre Projekte reibungslos ablaufen. Mieten Sie die beste Ausr\u00fcstung, um Ihre Vision zum Leben zu erwecken.<\/p>\n","protected":false},"excerpt":{"rendered":"<p>Versorgen Sie Ihre Projekte mit dem EcoFlow DELTA Pro, verf\u00fcgbar zur Miete bei Palma Equipment Rental. Diese tragbare Hochleistungskraftstation ist perfekt f\u00fcr Au\u00dfendrehs, Veranstaltungen und jede Situation, in der zuverl\u00e4ssige Energie erforderlich ist. Egal ob Sie vor Ort sind oder einen Dreh leiten, der EcoFlow DELTA Pro stellt sicher, dass Sie die ben\u00f6tigte Energie haben. Technische Details Kapazit\u00e4t 3.6kWh Ausgangsleistung [&hellip;]<\/p>\n","protected":false},"featured_media":14223,"template":"","meta":[],"product_cat":[454,745,746,129],"product_tag":[],"class_list":{"0":"post-14220","1":"product","2":"type-product","3":"status-publish","4":"has-post-thumbnail","6":"product_cat-batterien-de","7":"product_cat-tragbare-powerstationen","8":"product_cat-tragbare-powerstationen-de","9":"product_cat-batterien","11":"first","12":"instock","13":"shipping-taxable","14":"purchasable","15":"product-type-simple"},"_links":{"self":[{"href":"https:\/\/palmaequipmentrental.com\/de\/wp-json\/wp\/v2\/product\/14220","targetHints":{"allow":["GET"]}}],"collection":[{"href":"https:\/\/palmaequipmentrental.com\/de\/wp-json\/wp\/v2\/product"}],"about":[{"href":"https:\/\/palmaequipmentrental.com\/de\/wp-json\/wp\/v2\/types\/product"}],"wp:featuredmedia":[{"embeddable":true,"href":"https:\/\/palmaequipmentrental.com\/de\/wp-json\/wp\/v2\/media\/14223"}],"wp:attachment":[{"href":"https:\/\/palmaequipmentrental.com\/de\/wp-json\/wp\/v2\/media?parent=14220"}],"wp:term":[{"taxonomy":"product_cat","embeddable":true,"href":"https:\/\/palmaequipmentrental.com\/de\/wp-json\/wp\/v2\/product_cat?post=14220"},{"taxonomy":"product_tag","embeddable":true,"href":"https:\/\/palmaequipmentrental.com\/de\/wp-json\/wp\/v2\/product_tag?post=14220"}],"curies":[{"name":"wp","href":"https:\/\/api.w.org\/{rel}","templated":true}]}}