{"id":14283,"date":"2024-06-06T10:10:27","date_gmt":"2024-06-06T10:10:27","guid":{"rendered":"https:\/\/www.palmaequipmentrental.com\/product\/sony-fe-24-70mm-f-2-8-gm-ii-lens\/"},"modified":"2024-06-06T10:12:32","modified_gmt":"2024-06-06T10:12:32","slug":"sony-fe-24-70mm-f-2-8-gm-ii-lens","status":"publish","type":"product","link":"https:\/\/palmaequipmentrental.com\/de\/photo-video-equipment-mallorca\/sony-fe-24-70mm-f-2-8-gm-ii-lens\/","title":{"rendered":"Sony FE 24-70mm f\/2.8 GM II"},"content":{"rendered":"<div class=\"flex flex-grow flex-col max-w-full\">\n<div class=\"min-h-[20px] text-message flex flex-col items-start whitespace-pre-wrap break-words [.text-message+&amp;]:mt-5 juice:w-full juice:items-end overflow-x-auto gap-2\" dir=\"auto\" data-message-author-role=\"assistant\" data-message-id=\"ee37f0b3-c998-4b57-bb57-676f271202ba\">\n<div class=\"flex w-full flex-col gap-1 juice:empty:hidden juice:first:pt-[3px]\">\n<div class=\"markdown prose w-full break-words dark:prose-invert light\">\n<p>Erzielen Sie au\u00dfergew\u00f6hnliche Bildqualit\u00e4t mit dem FE 24-70mm f\/2.8 GM II Objektiv f\u00fcr Sony E-Mount, verf\u00fcgbar zur Miete bei Palma Equipment Rental. Dieses vielseitige, leistungsstarke Zoom-Objektiv ist perfekt f\u00fcr Fotografen und Videografen, die ein zuverl\u00e4ssiges Objektiv f\u00fcr verschiedene Aufnahmesituationen ben\u00f6tigen. Ob atemberaubende Landschaften, detaillierte Portr\u00e4ts oder dynamische Action-Aufnahmen, dieses Objektiv liefert herausragende Klarheit und Pr\u00e4zision.<\/p>\n<p>Technische Details<\/p>\n<ul>\n<li>Brennweite 24-70mm<\/li>\n<li>Maximale Blende f\/2.8<\/li>\n<li>Fortschrittliche G Master Optik f\u00fcr hervorragende Aufl\u00f6sung und Bokeh<\/li>\n<li>Schneller, pr\u00e4ziser Autofokus mit dualen XD Linearmotoren<\/li>\n<li>Kompaktes, leichtes Design f\u00fcr verbesserte Portabilit\u00e4t<\/li>\n<li>Fluorbeschichtung zum Schutz vor Staub und Feuchtigkeit<\/li>\n<li>Anpassbare Fokushaltetasten und Zoomsperrschalter<\/li>\n<\/ul>\n<p>Das FE 24-70mm f\/2.8 GM II Objektiv ist unverzichtbar f\u00fcr professionelle Fotos und Videos und bietet unvergleichliche Vielseitigkeit und Leistung in jeder Aufnahmesituation.<\/p>\n<p>Mit Sitz in Palma de Mallorca, Spanien, ist Palma Equipment Rental Ihr vertrauensw\u00fcrdiger Partner f\u00fcr die Vermietung professioneller Foto-, Video- und Produktionsequipment. Wir bedienen die Balearen und das spanische Festland und bieten f\u00fchrende Marken wie Profoto, Arri und Manfrotto. Mit flexiblem, effizientem und freundlichem Service sowie technischem Support rund um die Uhr sorgen wir daf\u00fcr, dass Ihre Projekte reibungslos ablaufen. Mieten Sie die beste Ausr\u00fcstung, um Ihre Vision zum Leben zu erwecken.<\/p>\n<\/div>\n<\/div>\n<\/div>\n<\/div>\n","protected":false},"excerpt":{"rendered":"<p>Erzielen Sie au\u00dfergew\u00f6hnliche Bildqualit\u00e4t mit dem FE 24-70mm f\/2.8 GM II Objektiv f\u00fcr Sony E-Mount, verf\u00fcgbar zur Miete bei Palma Equipment Rental. Dieses vielseitige, leistungsstarke Zoom-Objektiv ist perfekt f\u00fcr Fotografen und Videografen, die ein zuverl\u00e4ssiges Objektiv f\u00fcr verschiedene Aufnahmesituationen ben\u00f6tigen. Ob atemberaubende Landschaften, detaillierte Portr\u00e4ts oder dynamische Action-Aufnahmen, dieses Objektiv liefert herausragende Klarheit und Pr\u00e4zision. Technische Details Brennweite 24-70mm Maximale [&hellip;]<\/p>\n","protected":false},"featured_media":14281,"template":"","meta":[],"product_cat":[868,865],"product_tag":[],"class_list":{"0":"post-14283","1":"product","2":"type-product","3":"status-publish","4":"has-post-thumbnail","6":"product_cat-objektive-sony-v","7":"product_cat-objektive-sony","9":"first","10":"instock","11":"shipping-taxable","12":"purchasable","13":"product-type-simple"},"_links":{"self":[{"href":"https:\/\/palmaequipmentrental.com\/de\/wp-json\/wp\/v2\/product\/14283","targetHints":{"allow":["GET"]}}],"collection":[{"href":"https:\/\/palmaequipmentrental.com\/de\/wp-json\/wp\/v2\/product"}],"about":[{"href":"https:\/\/palmaequipmentrental.com\/de\/wp-json\/wp\/v2\/types\/product"}],"wp:featuredmedia":[{"embeddable":true,"href":"https:\/\/palmaequipmentrental.com\/de\/wp-json\/wp\/v2\/media\/14281"}],"wp:attachment":[{"href":"https:\/\/palmaequipmentrental.com\/de\/wp-json\/wp\/v2\/media?parent=14283"}],"wp:term":[{"taxonomy":"product_cat","embeddable":true,"href":"https:\/\/palmaequipmentrental.com\/de\/wp-json\/wp\/v2\/product_cat?post=14283"},{"taxonomy":"product_tag","embeddable":true,"href":"https:\/\/palmaequipmentrental.com\/de\/wp-json\/wp\/v2\/product_tag?post=14283"}],"curies":[{"name":"wp","href":"https:\/\/api.w.org\/{rel}","templated":true}]}}